{"id":17315,"date":"2025-02-20T20:08:45","date_gmt":"2025-02-20T18:08:45","guid":{"rendered":"http:\/\/flameguard.ee.dedi7782.your-server.de\/?post_type=product&#038;p=17315"},"modified":"2025-03-13T18:43:25","modified_gmt":"2025-03-13T16:43:25","slug":"tulekustutustekk-autole-6x8m","status":"publish","type":"product","link":"https:\/\/flameguard.ee\/sv\/product\/brandslackningsfilt-for-bil-6x8m\/","title":{"rendered":"Brandfilt f\u00f6r bil 6x8m"},"content":{"rendered":"<p>Brandfilten uppfyller de tekniska kraven och erbjuder ett effektivt skydd under olika f\u00f6rh\u00e5llanden och situationer.<\/p>\n<p><a style=\"color: #fe312e;\" href=\"\/wp-content\/uploads\/2025\/02\/Padtex-car-blanket_2021.pdf\" target=\"_blank\" rel=\"noopener\"><img decoding=\"async\" src=\"\/wp-content\/uploads\/2025\/02\/pdf-icon.webp\" \/> Produktkort<\/a><\/p>","protected":false},"excerpt":{"rendered":"<p>En brandfilt \u00e4r ett sl\u00e4ckmedel tillverkat av brands\u00e4kert tyg, vilket \u00e4r den b\u00e4sta l\u00f6sningen f\u00f6r att kontrollera och sl\u00e4cka br\u00e4nder orsakade av en brand orsakad av en eldad bil, inklusive elbilsbatterier, och f\u00f6rhindra spridning av brand.<\/p>\n<p><strong>Produktinformation:<\/strong><br \/>\nEn s\u00e4ker l\u00f6sning som \u00e4r l\u00e4mplig f\u00f6r el- och hybridbilar samt diesel- och bensinmotorer.<br \/>\nL\u00e4mplig f\u00f6r alla fordon, inklusive stadsjeepar.<br \/>\nLevereras i en kompakt v\u00e4ska eller v\u00e4ggmonterad l\u00e5da.<br \/>\nDesignad f\u00f6r \u00e5teranv\u00e4ndning \u2013 nej.<\/p>\n<p><strong>M\u00e5tt och vikt:<\/strong><br \/>\nStandardm\u00e5tt: 6 m x 8 m.<br \/>\nFinns i olika storlekar: 2 x 2 m, 5 x 5 m och 7 x 10 m.<br \/>\nVikt: upp till 41 kg, beroende p\u00e5 storlek.\"<\/p>\n<p>&nbsp;<\/p>","protected":false},"featured_media":17316,"template":"","meta":[],"product_brand":[],"product_cat":[86],"product_tag":[],"class_list":{"0":"post-17315","1":"product","2":"type-product","3":"status-publish","4":"has-post-thumbnail","6":"product_cat-tuletekid","8":"first","9":"instock","10":"taxable","11":"shipping-taxable","12":"purchasable","13":"product-type-simple"},"_links":{"self":[{"href":"https:\/\/flameguard.ee\/sv\/wp-json\/wp\/v2\/product\/17315","targetHints":{"allow":["GET"]}}],"collection":[{"href":"https:\/\/flameguard.ee\/sv\/wp-json\/wp\/v2\/product"}],"about":[{"href":"https:\/\/flameguard.ee\/sv\/wp-json\/wp\/v2\/types\/product"}],"version-history":[{"count":3,"href":"https:\/\/flameguard.ee\/sv\/wp-json\/wp\/v2\/product\/17315\/revisions"}],"predecessor-version":[{"id":17326,"href":"https:\/\/flameguard.ee\/sv\/wp-json\/wp\/v2\/product\/17315\/revisions\/17326"}],"wp:featuredmedia":[{"embeddable":true,"href":"https:\/\/flameguard.ee\/sv\/wp-json\/wp\/v2\/media\/17316"}],"wp:attachment":[{"href":"https:\/\/flameguard.ee\/sv\/wp-json\/wp\/v2\/media?parent=17315"}],"wp:term":[{"taxonomy":"product_brand","embeddable":true,"href":"https:\/\/flameguard.ee\/sv\/wp-json\/wp\/v2\/product_brand?post=17315"},{"taxonomy":"product_cat","embeddable":true,"href":"https:\/\/flameguard.ee\/sv\/wp-json\/wp\/v2\/product_cat?post=17315"},{"taxonomy":"product_tag","embeddable":true,"href":"https:\/\/flameguard.ee\/sv\/wp-json\/wp\/v2\/product_tag?post=17315"}],"curies":[{"name":"wp","href":"https:\/\/api.w.org\/{rel}","templated":true}]}}