{"id":17348,"date":"2025-02-21T08:32:07","date_gmt":"2025-02-21T06:32:07","guid":{"rendered":"http:\/\/flameguard.ee.dedi7782.your-server.de\/?post_type=product&#038;p=17348"},"modified":"2025-03-13T13:58:13","modified_gmt":"2025-03-13T11:58:13","slug":"tulekustutustekk-175x185cm","status":"publish","type":"product","link":"https:\/\/flameguard.ee\/sv\/product\/brand-filt-175x185cm\/","title":{"rendered":"Brandfilt 175x185cm"},"content":{"rendered":"","protected":false},"excerpt":{"rendered":"<p>En brandfilt \u00e4r ett sl\u00e4ckverktyg tillverkat av brands\u00e4kert tyg, vilket \u00e4r viktigt i varje hem.<br \/>\nBrandfiltens m\u00e5tt \u00e4r 175 x 185 cm, vilket g\u00f6r den idealisk f\u00f6r att sl\u00e4cka mindre br\u00e4nder, fettbr\u00e4nder, mindre hush\u00e5llsapparater eller m\u00e4nniskor. Brandfilten b\u00f6r installeras p\u00e5 en synlig och l\u00e4ttillg\u00e4nglig plats i k\u00f6ket s\u00e5 att den kan anv\u00e4ndas snabbt vid behov.<\/p>","protected":false},"featured_media":17349,"template":"","meta":[],"product_brand":[],"product_cat":[86],"product_tag":[],"class_list":{"0":"post-17348","1":"product","2":"type-product","3":"status-publish","4":"has-post-thumbnail","6":"product_cat-tuletekid","8":"first","9":"instock","10":"taxable","11":"shipping-taxable","12":"purchasable","13":"product-type-simple"},"_links":{"self":[{"href":"https:\/\/flameguard.ee\/sv\/wp-json\/wp\/v2\/product\/17348","targetHints":{"allow":["GET"]}}],"collection":[{"href":"https:\/\/flameguard.ee\/sv\/wp-json\/wp\/v2\/product"}],"about":[{"href":"https:\/\/flameguard.ee\/sv\/wp-json\/wp\/v2\/types\/product"}],"version-history":[{"count":2,"href":"https:\/\/flameguard.ee\/sv\/wp-json\/wp\/v2\/product\/17348\/revisions"}],"predecessor-version":[{"id":17352,"href":"https:\/\/flameguard.ee\/sv\/wp-json\/wp\/v2\/product\/17348\/revisions\/17352"}],"wp:featuredmedia":[{"embeddable":true,"href":"https:\/\/flameguard.ee\/sv\/wp-json\/wp\/v2\/media\/17349"}],"wp:attachment":[{"href":"https:\/\/flameguard.ee\/sv\/wp-json\/wp\/v2\/media?parent=17348"}],"wp:term":[{"taxonomy":"product_brand","embeddable":true,"href":"https:\/\/flameguard.ee\/sv\/wp-json\/wp\/v2\/product_brand?post=17348"},{"taxonomy":"product_cat","embeddable":true,"href":"https:\/\/flameguard.ee\/sv\/wp-json\/wp\/v2\/product_cat?post=17348"},{"taxonomy":"product_tag","embeddable":true,"href":"https:\/\/flameguard.ee\/sv\/wp-json\/wp\/v2\/product_tag?post=17348"}],"curies":[{"name":"wp","href":"https:\/\/api.w.org\/{rel}","templated":true}]}}