{"id":17399,"date":"2025-02-21T10:50:40","date_gmt":"2025-02-21T08:50:40","guid":{"rendered":"http:\/\/flameguard.ee.dedi7782.your-server.de\/?post_type=product&#038;p=17399"},"modified":"2025-02-23T16:50:56","modified_gmt":"2025-02-23T14:50:56","slug":"suitsuandur-lm-107a-10-a-aku","status":"publish","type":"product","link":"https:\/\/flameguard.ee\/sv\/product\/rokdetektor-lm-107a-10-a-batteri\/","title":{"rendered":"Brandvarnare LM-107A (10 A batteri)"},"content":{"rendered":"","protected":false},"excerpt":{"rendered":"<p>Autonom optisk brandlarmssensor med inbyggt batteri. Batteriets livsl\u00e4ngd \u00e4r 10 \u00e5r.<br \/>\nDenna kompakta och effektiva brandlarmdetektor \u00e4r perfekt f\u00f6r hem och kontor, vilket s\u00e4kerst\u00e4ller tidig branduppt\u00e4ckt och snabb respons.<\/p>\n<p><strong>Specifikationer:<\/strong><br \/>\nVolym: \u226585 dB (vid 3 meter)<br \/>\nArbetstemperatur: -10\u00b0C till +40\u00b0C<br \/>\nMaximal luftfuktighet: \u226495%<br \/>\nBatteritid: 10 \u00e5r<br \/>\ncertifiering: \u00d6verensst\u00e4mmer med EN 14604:2005\/AC:2008<\/p>\n<p>&nbsp;<\/p>","protected":false},"featured_media":17400,"template":"","meta":[],"product_brand":[],"product_cat":[84],"product_tag":[],"class_list":{"0":"post-17399","1":"product","2":"type-product","3":"status-publish","4":"has-post-thumbnail","6":"product_cat-suitsuandurid","8":"first","9":"instock","10":"taxable","11":"shipping-taxable","12":"purchasable","13":"product-type-simple"},"_links":{"self":[{"href":"https:\/\/flameguard.ee\/sv\/wp-json\/wp\/v2\/product\/17399","targetHints":{"allow":["GET"]}}],"collection":[{"href":"https:\/\/flameguard.ee\/sv\/wp-json\/wp\/v2\/product"}],"about":[{"href":"https:\/\/flameguard.ee\/sv\/wp-json\/wp\/v2\/types\/product"}],"version-history":[{"count":1,"href":"https:\/\/flameguard.ee\/sv\/wp-json\/wp\/v2\/product\/17399\/revisions"}],"predecessor-version":[{"id":17408,"href":"https:\/\/flameguard.ee\/sv\/wp-json\/wp\/v2\/product\/17399\/revisions\/17408"}],"wp:featuredmedia":[{"embeddable":true,"href":"https:\/\/flameguard.ee\/sv\/wp-json\/wp\/v2\/media\/17400"}],"wp:attachment":[{"href":"https:\/\/flameguard.ee\/sv\/wp-json\/wp\/v2\/media?parent=17399"}],"wp:term":[{"taxonomy":"product_brand","embeddable":true,"href":"https:\/\/flameguard.ee\/sv\/wp-json\/wp\/v2\/product_brand?post=17399"},{"taxonomy":"product_cat","embeddable":true,"href":"https:\/\/flameguard.ee\/sv\/wp-json\/wp\/v2\/product_cat?post=17399"},{"taxonomy":"product_tag","embeddable":true,"href":"https:\/\/flameguard.ee\/sv\/wp-json\/wp\/v2\/product_tag?post=17399"}],"curies":[{"name":"wp","href":"https:\/\/api.w.org\/{rel}","templated":true}]}}