{"id":17409,"date":"2025-02-21T11:06:54","date_gmt":"2025-02-21T09:06:54","guid":{"rendered":"http:\/\/flameguard.ee.dedi7782.your-server.de\/?post_type=product&#038;p=17409"},"modified":"2025-02-28T15:58:04","modified_gmt":"2025-02-28T13:58:04","slug":"suitsuandur-kupu-valge-10-a-aku","status":"publish","type":"product","link":"https:\/\/flameguard.ee\/sv\/product\/rokdetektor-kupol-vit-10-a-batteri\/","title":{"rendered":"R\u00f6kdetektor KUPU (10 \u00e5rs batteri)"},"content":{"rendered":"","protected":false},"excerpt":{"rendered":"<p>Autonom optisk brandlarmssensor med inbyggt batteri. Batteriets livsl\u00e4ngd \u00e4r 10 \u00e5r.<br \/>\nDenna kompakta och effektiva brandlarmdetektor \u00e4r perfekt f\u00f6r hem och kontor, vilket s\u00e4kerst\u00e4ller tidig branduppt\u00e4ckt och snabb respons.<\/p>\n<p><strong>Specifikationer:<\/strong><br \/>\nVolym: \u226585 dB (vid 3 meter)<br \/>\nArbetstemperatur: -10\u00b0C till +40\u00b0C<br \/>\nMaximal luftfuktighet: \u226495%<br \/>\nBatteritid: 10 \u00e5r<br \/>\ncertifiering: \u00d6verensst\u00e4mmer med EN 14604:2005\/AC:2008<\/p>\n<p>&nbsp;<\/p>","protected":false},"featured_media":17986,"template":"","meta":[],"product_brand":[],"product_cat":[84],"product_tag":[],"class_list":{"0":"post-17409","1":"product","2":"type-product","3":"status-publish","4":"has-post-thumbnail","6":"product_cat-suitsuandurid","8":"first","9":"instock","10":"taxable","11":"shipping-taxable","12":"purchasable","13":"product-type-variable"},"_links":{"self":[{"href":"https:\/\/flameguard.ee\/sv\/wp-json\/wp\/v2\/product\/17409","targetHints":{"allow":["GET"]}}],"collection":[{"href":"https:\/\/flameguard.ee\/sv\/wp-json\/wp\/v2\/product"}],"about":[{"href":"https:\/\/flameguard.ee\/sv\/wp-json\/wp\/v2\/types\/product"}],"version-history":[{"count":3,"href":"https:\/\/flameguard.ee\/sv\/wp-json\/wp\/v2\/product\/17409\/revisions"}],"predecessor-version":[{"id":17732,"href":"https:\/\/flameguard.ee\/sv\/wp-json\/wp\/v2\/product\/17409\/revisions\/17732"}],"wp:featuredmedia":[{"embeddable":true,"href":"https:\/\/flameguard.ee\/sv\/wp-json\/wp\/v2\/media\/17986"}],"wp:attachment":[{"href":"https:\/\/flameguard.ee\/sv\/wp-json\/wp\/v2\/media?parent=17409"}],"wp:term":[{"taxonomy":"product_brand","embeddable":true,"href":"https:\/\/flameguard.ee\/sv\/wp-json\/wp\/v2\/product_brand?post=17409"},{"taxonomy":"product_cat","embeddable":true,"href":"https:\/\/flameguard.ee\/sv\/wp-json\/wp\/v2\/product_cat?post=17409"},{"taxonomy":"product_tag","embeddable":true,"href":"https:\/\/flameguard.ee\/sv\/wp-json\/wp\/v2\/product_tag?post=17409"}],"curies":[{"name":"wp","href":"https:\/\/api.w.org\/{rel}","templated":true}]}}