{"id":17419,"date":"2025-02-21T12:29:19","date_gmt":"2025-02-21T10:29:19","guid":{"rendered":"http:\/\/flameguard.ee.dedi7782.your-server.de\/?post_type=product&#038;p=17419"},"modified":"2025-02-28T17:20:58","modified_gmt":"2025-02-28T15:20:58","slug":"co-andur-kd-218a","status":"publish","type":"product","link":"https:\/\/flameguard.ee\/sv\/product\/co-sensor-kd-218a\/","title":{"rendered":"CO-sensor KD-218A"},"content":{"rendered":"","protected":false},"excerpt":{"rendered":"<p>KD-218A kolmonoxiddetektor \u00e4r en p\u00e5litlig och specialdesignad kolmonoxiddetektor som varnar f\u00f6r kolmonoxidl\u00e4ckage (CO). Kolmonoxid \u00e4r en f\u00e4rgl\u00f6s, smak- och luktfri giftig gas som bildas vid ofullst\u00e4ndig f\u00f6rbr\u00e4nning av kolhaltiga \u00e4mnen.<\/p>\n<p><strong>Specifikationer:<\/strong><br \/>\nStr\u00f6mf\u00f6rs\u00f6rjning: 3-AA LR6-batterier<br \/>\nM\u00e4tbar gas: Kolmonoxid (CO)<br \/>\nSensorns livsl\u00e4ngd: 10 \u00e5r<br \/>\nArbetstemperatur: -10\u00b0C till +45\u00b0C<br \/>\nRelativ luftfuktighet: 0 till 93% RH<br \/>\nLarmvolym: \u2265 85 dB (fr\u00e5n 3 meter)<br \/>\nM\u00e5tt: 107 \u00d7 77 \u00d7 36 mm<br \/>\nVikt: 116 g<br \/>\n\u00d6verensst\u00e4mmelse med standard: EN 50291-1:2018<\/p>\n<p>&nbsp;<\/p>","protected":false},"featured_media":17988,"template":"","meta":[],"product_brand":[],"product_cat":[84],"product_tag":[],"class_list":{"0":"post-17419","1":"product","2":"type-product","3":"status-publish","4":"has-post-thumbnail","6":"product_cat-suitsuandurid","8":"first","9":"instock","10":"taxable","11":"shipping-taxable","12":"purchasable","13":"product-type-simple"},"_links":{"self":[{"href":"https:\/\/flameguard.ee\/sv\/wp-json\/wp\/v2\/product\/17419","targetHints":{"allow":["GET"]}}],"collection":[{"href":"https:\/\/flameguard.ee\/sv\/wp-json\/wp\/v2\/product"}],"about":[{"href":"https:\/\/flameguard.ee\/sv\/wp-json\/wp\/v2\/types\/product"}],"version-history":[{"count":1,"href":"https:\/\/flameguard.ee\/sv\/wp-json\/wp\/v2\/product\/17419\/revisions"}],"predecessor-version":[{"id":17428,"href":"https:\/\/flameguard.ee\/sv\/wp-json\/wp\/v2\/product\/17419\/revisions\/17428"}],"wp:featuredmedia":[{"embeddable":true,"href":"https:\/\/flameguard.ee\/sv\/wp-json\/wp\/v2\/media\/17988"}],"wp:attachment":[{"href":"https:\/\/flameguard.ee\/sv\/wp-json\/wp\/v2\/media?parent=17419"}],"wp:term":[{"taxonomy":"product_brand","embeddable":true,"href":"https:\/\/flameguard.ee\/sv\/wp-json\/wp\/v2\/product_brand?post=17419"},{"taxonomy":"product_cat","embeddable":true,"href":"https:\/\/flameguard.ee\/sv\/wp-json\/wp\/v2\/product_cat?post=17419"},{"taxonomy":"product_tag","embeddable":true,"href":"https:\/\/flameguard.ee\/sv\/wp-json\/wp\/v2\/product_tag?post=17419"}],"curies":[{"name":"wp","href":"https:\/\/api.w.org\/{rel}","templated":true}]}}