{"id":17438,"date":"2025-02-21T12:42:57","date_gmt":"2025-02-21T10:42:57","guid":{"rendered":"http:\/\/flameguard.ee.dedi7782.your-server.de\/?post_type=product&#038;p=17438"},"modified":"2025-02-28T17:28:56","modified_gmt":"2025-02-28T15:28:56","slug":"gaasilekke-andur-hs-109b","status":"publish","type":"product","link":"https:\/\/flameguard.ee\/sv\/product\/detektor-for-gaslackage-hs-109b\/","title":{"rendered":"Detektor f\u00f6r gasl\u00e4ckage HS-109B"},"content":{"rendered":"","protected":false},"excerpt":{"rendered":"<p>Gasl\u00e4ckagedetektorn HS-109B ger tillf\u00f6rlitligt skydd mot l\u00e4ckage av hush\u00e5llsgas, flytande petroleumgas (LPG) och naturgas. En mycket k\u00e4nslig och responsiv enhet.<br \/>\nDetekterar l\u00e4ckor av gasol (butan, propan), naturgas (metan) och stadsgaser.<br \/>\nAkustiska och visuella larm varnar anv\u00e4ndare f\u00f6r farliga gaskoncentrationer.<br \/>\nAnv\u00e4ndarv\u00e4nlig design och enkel installation.<\/p>\n<p><strong>Specifikationer:<\/strong><br \/>\nNominell voltage: AC230V \/ 50-60Hz<br \/>\nStr\u00f6mf\u00f6rbrukning: &lt;6 W<br \/>\nArbetstemperatur: -10\u00b0C till +50\u00b0C<br \/>\nLuftfuktighet: 10\u201385% RH<br \/>\nLarmniv\u00e5: Gas \u226425% LEL (l\u00e4gsta explosiva koncentration)<br \/>\nDetekterbara gaser:<br \/>\nLPG: Butan, propan (anv\u00e4nds i gasflaskor).<br \/>\nStadsgas: Levereras via r\u00f6rledningssystem<br \/>\nNaturgas: Metan<br \/>\nVolym: \u226585 dB (vid 3 meter)<br \/>\nM\u00e5tt: 126 \u00d7 73 \u00d7 76 mm<br \/>\nCertifikat: CE, EN600065:2002 +A1:2006<\/p>\n<p>&nbsp;<\/p>","protected":false},"featured_media":17994,"template":"","meta":[],"product_brand":[],"product_cat":[84],"product_tag":[],"class_list":{"0":"post-17438","1":"product","2":"type-product","3":"status-publish","4":"has-post-thumbnail","6":"product_cat-suitsuandurid","8":"first","9":"instock","10":"taxable","11":"shipping-taxable","12":"purchasable","13":"product-type-simple"},"_links":{"self":[{"href":"https:\/\/flameguard.ee\/sv\/wp-json\/wp\/v2\/product\/17438","targetHints":{"allow":["GET"]}}],"collection":[{"href":"https:\/\/flameguard.ee\/sv\/wp-json\/wp\/v2\/product"}],"about":[{"href":"https:\/\/flameguard.ee\/sv\/wp-json\/wp\/v2\/types\/product"}],"version-history":[{"count":1,"href":"https:\/\/flameguard.ee\/sv\/wp-json\/wp\/v2\/product\/17438\/revisions"}],"predecessor-version":[{"id":17439,"href":"https:\/\/flameguard.ee\/sv\/wp-json\/wp\/v2\/product\/17438\/revisions\/17439"}],"wp:featuredmedia":[{"embeddable":true,"href":"https:\/\/flameguard.ee\/sv\/wp-json\/wp\/v2\/media\/17994"}],"wp:attachment":[{"href":"https:\/\/flameguard.ee\/sv\/wp-json\/wp\/v2\/media?parent=17438"}],"wp:term":[{"taxonomy":"product_brand","embeddable":true,"href":"https:\/\/flameguard.ee\/sv\/wp-json\/wp\/v2\/product_brand?post=17438"},{"taxonomy":"product_cat","embeddable":true,"href":"https:\/\/flameguard.ee\/sv\/wp-json\/wp\/v2\/product_cat?post=17438"},{"taxonomy":"product_tag","embeddable":true,"href":"https:\/\/flameguard.ee\/sv\/wp-json\/wp\/v2\/product_tag?post=17438"}],"curies":[{"name":"wp","href":"https:\/\/api.w.org\/{rel}","templated":true}]}}