{"id":17440,"date":"2025-02-21T13:28:49","date_gmt":"2025-02-21T11:28:49","guid":{"rendered":"http:\/\/flameguard.ee.dedi7782.your-server.de\/?post_type=product&#038;p=17440"},"modified":"2025-02-21T16:26:17","modified_gmt":"2025-02-21T14:26:17","slug":"tuletorjevoolik-38-mm-30-m-51-mm-bogdanov-liitmikuga","status":"publish","type":"product","link":"https:\/\/flameguard.ee\/sv\/product\/brandslang-38-mm-30-m-51-mm-bogdanov-med-anslutning\/","title":{"rendered":"Brandslang BOGDANOV med koppling, 38 mm, 30 m, 51 mm"},"content":{"rendered":"","protected":false},"excerpt":{"rendered":"<p>H\u00f6gkvalitativ, l\u00e4tt slang som b\u00f6jer sig l\u00e4tt \u00e4ven vid l\u00e5ga temperaturer. Slangen \u00e4r korrosions- och v\u00e4derbest\u00e4ndig. Avsedd f\u00f6r anv\u00e4ndning inom industrin, vid anv\u00e4ndning av marint, industrivatten och vissa typer av brandsl\u00e4ckningskemikalier. Slitstark och kemiskt inaktiv (ingen interaktion med v\u00e4tska).<\/p>\n<p><strong>Specifikationer:<\/strong><br \/>\nL\u00e4ngd 30 meter<br \/>\nMaximalt arbetstryck: 15 bar<br \/>\nSl\u00e4kt med BOGDANOV-f\u00f6reningen<br \/>\nExteri\u00f6r: Polyestertyg av h\u00f6g kvalitet<br \/>\nInre yta: PVC, polyuretan (PU)<br \/>\nTemperaturgr\u00e4ns: -30\u00b0C till +80\u00b0C<\/p>","protected":false},"featured_media":17441,"template":"","meta":[],"product_brand":[],"product_cat":[87],"product_tag":[],"class_list":{"0":"post-17440","1":"product","2":"type-product","3":"status-publish","4":"has-post-thumbnail","6":"product_cat-voolikususteem","8":"first","9":"instock","10":"taxable","11":"shipping-taxable","12":"purchasable","13":"product-type-simple"},"_links":{"self":[{"href":"https:\/\/flameguard.ee\/sv\/wp-json\/wp\/v2\/product\/17440","targetHints":{"allow":["GET"]}}],"collection":[{"href":"https:\/\/flameguard.ee\/sv\/wp-json\/wp\/v2\/product"}],"about":[{"href":"https:\/\/flameguard.ee\/sv\/wp-json\/wp\/v2\/types\/product"}],"version-history":[{"count":5,"href":"https:\/\/flameguard.ee\/sv\/wp-json\/wp\/v2\/product\/17440\/revisions"}],"predecessor-version":[{"id":17521,"href":"https:\/\/flameguard.ee\/sv\/wp-json\/wp\/v2\/product\/17440\/revisions\/17521"}],"wp:featuredmedia":[{"embeddable":true,"href":"https:\/\/flameguard.ee\/sv\/wp-json\/wp\/v2\/media\/17441"}],"wp:attachment":[{"href":"https:\/\/flameguard.ee\/sv\/wp-json\/wp\/v2\/media?parent=17440"}],"wp:term":[{"taxonomy":"product_brand","embeddable":true,"href":"https:\/\/flameguard.ee\/sv\/wp-json\/wp\/v2\/product_brand?post=17440"},{"taxonomy":"product_cat","embeddable":true,"href":"https:\/\/flameguard.ee\/sv\/wp-json\/wp\/v2\/product_cat?post=17440"},{"taxonomy":"product_tag","embeddable":true,"href":"https:\/\/flameguard.ee\/sv\/wp-json\/wp\/v2\/product_tag?post=17440"}],"curies":[{"name":"wp","href":"https:\/\/api.w.org\/{rel}","templated":true}]}}