{"id":17448,"date":"2025-02-21T13:36:34","date_gmt":"2025-02-21T11:36:34","guid":{"rendered":"http:\/\/flameguard.ee.dedi7782.your-server.de\/?post_type=product&#038;p=17448"},"modified":"2025-02-21T13:48:26","modified_gmt":"2025-02-21T11:48:26","slug":"tuletorjevoolik-38-mm-20-m-ilma-liitmikuta","status":"publish","type":"product","link":"https:\/\/flameguard.ee\/sv\/product\/brandslang-38-mm-20-m-utan-koppling-utan-koppling\/","title":{"rendered":"Brandslang 38 mm, 20 m, ej passande"},"content":{"rendered":"","protected":false},"excerpt":{"rendered":"<p>H\u00f6gkvalitativ, l\u00e4tt slang som b\u00f6jer sig l\u00e4tt \u00e4ven vid l\u00e5ga temperaturer. Slangen \u00e4r korrosions- och v\u00e4derbest\u00e4ndig. Avsedd f\u00f6r anv\u00e4ndning inom industri, marint, industrivatten och vissa typer av sl\u00e4ckkemikalier. Slitstark och kemiskt inaktiv (ingen interaktion med v\u00e4tska).<\/p>\n<p><strong>Specifikationer:<\/strong><br \/>\nL\u00e4ngd: 20 meter<br \/>\nMaximalt arbetstryck: 15 bar<\/p>\n<p>&nbsp;<\/p>","protected":false},"featured_media":17449,"template":"","meta":[],"product_brand":[],"product_cat":[87],"product_tag":[],"class_list":{"0":"post-17448","1":"product","2":"type-product","3":"status-publish","4":"has-post-thumbnail","6":"product_cat-voolikususteem","8":"first","9":"instock","10":"taxable","11":"shipping-taxable","12":"purchasable","13":"product-type-simple"},"_links":{"self":[{"href":"https:\/\/flameguard.ee\/sv\/wp-json\/wp\/v2\/product\/17448","targetHints":{"allow":["GET"]}}],"collection":[{"href":"https:\/\/flameguard.ee\/sv\/wp-json\/wp\/v2\/product"}],"about":[{"href":"https:\/\/flameguard.ee\/sv\/wp-json\/wp\/v2\/types\/product"}],"version-history":[{"count":2,"href":"https:\/\/flameguard.ee\/sv\/wp-json\/wp\/v2\/product\/17448\/revisions"}],"predecessor-version":[{"id":17453,"href":"https:\/\/flameguard.ee\/sv\/wp-json\/wp\/v2\/product\/17448\/revisions\/17453"}],"wp:featuredmedia":[{"embeddable":true,"href":"https:\/\/flameguard.ee\/sv\/wp-json\/wp\/v2\/media\/17449"}],"wp:attachment":[{"href":"https:\/\/flameguard.ee\/sv\/wp-json\/wp\/v2\/media?parent=17448"}],"wp:term":[{"taxonomy":"product_brand","embeddable":true,"href":"https:\/\/flameguard.ee\/sv\/wp-json\/wp\/v2\/product_brand?post=17448"},{"taxonomy":"product_cat","embeddable":true,"href":"https:\/\/flameguard.ee\/sv\/wp-json\/wp\/v2\/product_cat?post=17448"},{"taxonomy":"product_tag","embeddable":true,"href":"https:\/\/flameguard.ee\/sv\/wp-json\/wp\/v2\/product_tag?post=17448"}],"curies":[{"name":"wp","href":"https:\/\/api.w.org\/{rel}","templated":true}]}}