{"id":17529,"date":"2025-02-21T16:43:44","date_gmt":"2025-02-21T14:43:44","guid":{"rendered":"http:\/\/flameguard.ee.dedi7782.your-server.de\/?post_type=product&#038;p=17529"},"modified":"2025-02-21T16:43:44","modified_gmt":"2025-02-21T14:43:44","slug":"evakuatsioonivalgusti-gr-7-leds-1h","status":"publish","type":"product","link":"https:\/\/flameguard.ee\/sv\/product\/evakuering-ljus-gr-7-leds-1h\/","title":{"rendered":"Evakueringslampa GR-7\/LED, 1h"},"content":{"rendered":"","protected":false},"excerpt":{"rendered":"<p>Evakueringslampan \u2013 GR-7\/LED (1h) har h\u00f6gkvalitativ och innovativ LED-teknik som fungerar \u00e4ven vid str\u00f6mavbrott. L\u00e4mplig f\u00f6r rum med \u00f6ppen planl\u00f6sning, korridorer och markering av utrymningsv\u00e4gar. L\u00e4tt att installera.<\/p>\n<p><strong>Produktegenskaper och tekniska specifikationer:<\/strong><br \/>\nNominell voltage: 220... 240 VAC\/50-60 Hz<br \/>\nBatteri: (Ni-Cd) 3,6 V\/0,6 Ah<br \/>\nIndikatorer: LED-batteriladdningsindikator, TEST-knapp<br \/>\nLaddningstid: 24 timmar<br \/>\nDrifttid vid str\u00f6mavbrott: 60 minuter<br \/>\nLjusfl\u00f6de i kontinuerlig drift: 8 vita lysdioder<br \/>\nEffektivt ljusfl\u00f6de: 75 lm<br \/>\nKapslingsklass (IP): IP20<br \/>\nMaterial: ABS\/PC, PC<br \/>\nArbetstemperatur: 5 till 40 \u00b0 C<br \/>\nMaximal luftfuktighet: upp till 95%<br \/>\nKroppsmaterial: Plast<br \/>\nM\u00e5tt:<br \/>\nL\u00e4ngd: 280 mm<br \/>\nH\u00f6jd: 95 mm<br \/>\nDjup: 48 mm<br \/>\nVikt: 309 g<br \/>\nGaranti: 3 \u00e5r (batterigaranti 1 \u00e5r)<br \/>\nIng\u00e5r: 4 piktogram (pilar h\u00f6ger, v\u00e4nster, upp, ner)<\/p>\n<p>&nbsp;<\/p>","protected":false},"featured_media":17530,"template":"","meta":[],"product_brand":[],"product_cat":[89],"product_tag":[],"class_list":{"0":"post-17529","1":"product","2":"type-product","3":"status-publish","4":"has-post-thumbnail","6":"product_cat-turvavalgustid","8":"first","9":"instock","10":"taxable","11":"shipping-taxable","12":"purchasable","13":"product-type-simple"},"_links":{"self":[{"href":"https:\/\/flameguard.ee\/sv\/wp-json\/wp\/v2\/product\/17529","targetHints":{"allow":["GET"]}}],"collection":[{"href":"https:\/\/flameguard.ee\/sv\/wp-json\/wp\/v2\/product"}],"about":[{"href":"https:\/\/flameguard.ee\/sv\/wp-json\/wp\/v2\/types\/product"}],"version-history":[{"count":1,"href":"https:\/\/flameguard.ee\/sv\/wp-json\/wp\/v2\/product\/17529\/revisions"}],"predecessor-version":[{"id":17536,"href":"https:\/\/flameguard.ee\/sv\/wp-json\/wp\/v2\/product\/17529\/revisions\/17536"}],"wp:featuredmedia":[{"embeddable":true,"href":"https:\/\/flameguard.ee\/sv\/wp-json\/wp\/v2\/media\/17530"}],"wp:attachment":[{"href":"https:\/\/flameguard.ee\/sv\/wp-json\/wp\/v2\/media?parent=17529"}],"wp:term":[{"taxonomy":"product_brand","embeddable":true,"href":"https:\/\/flameguard.ee\/sv\/wp-json\/wp\/v2\/product_brand?post=17529"},{"taxonomy":"product_cat","embeddable":true,"href":"https:\/\/flameguard.ee\/sv\/wp-json\/wp\/v2\/product_cat?post=17529"},{"taxonomy":"product_tag","embeddable":true,"href":"https:\/\/flameguard.ee\/sv\/wp-json\/wp\/v2\/product_tag?post=17529"}],"curies":[{"name":"wp","href":"https:\/\/api.w.org\/{rel}","templated":true}]}}