{"id":17545,"date":"2025-02-21T18:12:52","date_gmt":"2025-02-21T16:12:52","guid":{"rendered":"http:\/\/flameguard.ee.dedi7782.your-server.de\/?post_type=product&#038;p=17545"},"modified":"2025-02-21T18:22:19","modified_gmt":"2025-02-21T16:22:19","slug":"evakuatsioonivalgusti-gr-8-led-90-min","status":"publish","type":"product","link":"https:\/\/flameguard.ee\/sv\/product\/evakuering-ljus-gr-8-led-90-min\/","title":{"rendered":"Utrymningslampa GR-8 LED, 90 min"},"content":{"rendered":"","protected":false},"excerpt":{"rendered":"<p>Evakueringslampan, GR-8\/LED 1,5h, har h\u00f6gkvalitativ och innovativ LED-teknik som fungerar \u00e4ven vid str\u00f6mavbrott. L\u00e4mplig f\u00f6r rum med \u00f6ppen planl\u00f6sning, korridorer och markering av utrymningsv\u00e4gar. L\u00e4tt att installera.<\/p>\n<p><strong>Specifikationer:<\/strong><br \/>\n2 driftl\u00e4gen:<br \/>\nLjuset lyser konstant<br \/>\nT\u00e4nds endast vid str\u00f6mavbrott<br \/>\nDrifttid vid str\u00f6mavbrott: 90 minuter<br \/>\nM\u00e5tt: 246 x 76 x 42 mm<br \/>\nVikt: 0,43 kg<br \/>\nCertifikat: CE, EN 60598-1, EN 60598-2-22, \u0395\u039d 55015, \u0395\u039d 6154<\/p>\n<p>&nbsp;<\/p>","protected":false},"featured_media":17549,"template":"","meta":[],"product_brand":[],"product_cat":[89],"product_tag":[],"class_list":{"0":"post-17545","1":"product","2":"type-product","3":"status-publish","4":"has-post-thumbnail","6":"product_cat-turvavalgustid","8":"first","9":"instock","10":"taxable","11":"shipping-taxable","12":"purchasable","13":"product-type-simple"},"_links":{"self":[{"href":"https:\/\/flameguard.ee\/sv\/wp-json\/wp\/v2\/product\/17545","targetHints":{"allow":["GET"]}}],"collection":[{"href":"https:\/\/flameguard.ee\/sv\/wp-json\/wp\/v2\/product"}],"about":[{"href":"https:\/\/flameguard.ee\/sv\/wp-json\/wp\/v2\/types\/product"}],"version-history":[{"count":1,"href":"https:\/\/flameguard.ee\/sv\/wp-json\/wp\/v2\/product\/17545\/revisions"}],"predecessor-version":[{"id":17553,"href":"https:\/\/flameguard.ee\/sv\/wp-json\/wp\/v2\/product\/17545\/revisions\/17553"}],"wp:featuredmedia":[{"embeddable":true,"href":"https:\/\/flameguard.ee\/sv\/wp-json\/wp\/v2\/media\/17549"}],"wp:attachment":[{"href":"https:\/\/flameguard.ee\/sv\/wp-json\/wp\/v2\/media?parent=17545"}],"wp:term":[{"taxonomy":"product_brand","embeddable":true,"href":"https:\/\/flameguard.ee\/sv\/wp-json\/wp\/v2\/product_brand?post=17545"},{"taxonomy":"product_cat","embeddable":true,"href":"https:\/\/flameguard.ee\/sv\/wp-json\/wp\/v2\/product_cat?post=17545"},{"taxonomy":"product_tag","embeddable":true,"href":"https:\/\/flameguard.ee\/sv\/wp-json\/wp\/v2\/product_tag?post=17545"}],"curies":[{"name":"wp","href":"https:\/\/api.w.org\/{rel}","templated":true}]}}