{"id":17602,"date":"2025-02-21T18:54:21","date_gmt":"2025-02-21T16:54:21","guid":{"rendered":"http:\/\/flameguard.ee.dedi7782.your-server.de\/?post_type=product&#038;p=17602"},"modified":"2025-03-06T11:05:50","modified_gmt":"2025-03-06T09:05:50","slug":"liitiumakude-tule-ja-plahvatusekindel-laadimiskapp-cemo-8-5-jalgadeta-1-faasiline","status":"publish","type":"product","link":"https:\/\/flameguard.ee\/sv\/product\/litium-batterier-brand-och-explosionssaker-laddningsskap-cemo-8-5-fot-1-fas\/","title":{"rendered":"Litiumbatteri Brand- och explosionss\u00e4kert laddningssk\u00e5p CEMO 8\/5 benl\u00f6st, 1-fas"},"content":{"rendered":"<p><strong>Uppgraderingar av laddsk\u00e5pet n\u00e4r du v\u00e4ljer Premium-versionen:<\/strong><\/p>\n<ul>\n<li>Elektriskt man\u00f6vrerad r\u00f6kdetektor<\/li>\n<li>St\u00e4nga av str\u00f6mmen n\u00e4r r\u00f6k uppt\u00e4cks<\/li>\n<li>Akustiskt varningsmeddelande<\/li>\n<li>Potentialfritt uttag f\u00f6r anslutning till brandlarmsanl\u00e4ggningen (utanf\u00f6r sk\u00e5pet)<\/li>\n<li>12 V-anslutning f\u00f6r tillbeh\u00f6rskombinerat larmsystem (visuellt och akustiskt)<\/li>\n<\/ul>\n<p><strong>Uppgraderingar av laddningssk\u00e5pet n\u00e4r du v\u00e4ljer Premium Plus-versionen:<\/strong><\/p>\n<ul>\n<li>Allt som inkluderar Premium-versionen<\/li>\n<li>Visning av inomhustemperatur<\/li>\n<li>Rabattera mobiltelefon<\/li>\n<li>Ytterligare funktioner via fj\u00e4rr\u00e5tkomst<\/li>\n<\/ul>\n<p>&nbsp;<\/p>\n<p>&nbsp;<\/p>","protected":false},"excerpt":{"rendered":"<p>Batteriladdningssk\u00e5p 8\/5, med LockEx l\u00e5ssystem. Utan st\u00f6dben, med 1-fas anslutning 3500W, 16A (6 pluggar) och ventilation.<br \/>\nSk\u00e5pet \u00e4r utrustat med en r\u00f6kdetektor och ett avst\u00e4ngningssystem.<\/p>\n<p><strong>Specifikationer:<\/strong><br \/>\nBredd: 80 cm<br \/>\nH\u00f6jd: 52 cm<br \/>\nDjup: 66 cm<br \/>\nVikt: 80 kg<br \/>\nCertifikat: T\u00dcV fr\u00e5n NORD Group anv\u00e4nder det senaste testprogrammet M02\/22, som inkluderar verkliga batteribrandtester och gasexplosioner.<br \/>\nMPA-testad brandbest\u00e4ndighet i mer \u00e4n 60 minuter fr\u00e5n insidan till utsidan enligt standarden EN 1363-1.<br \/>\nTillverkad av obr\u00e4nnbara och brands\u00e4kra komponenter.<\/p>\n<p>&nbsp;<\/p>\n<p>&nbsp;<\/p>","protected":false},"featured_media":17562,"template":"","meta":[],"product_brand":[],"product_cat":[125,136],"product_tag":[],"class_list":{"0":"post-17602","1":"product","2":"type-product","3":"status-publish","4":"has-post-thumbnail","6":"product_cat-innovatsioon","7":"product_cat-turvakapid","9":"first","10":"instock","11":"taxable","12":"shipping-taxable","13":"purchasable","14":"product-type-variable","15":"has-default-attributes"},"_links":{"self":[{"href":"https:\/\/flameguard.ee\/sv\/wp-json\/wp\/v2\/product\/17602","targetHints":{"allow":["GET"]}}],"collection":[{"href":"https:\/\/flameguard.ee\/sv\/wp-json\/wp\/v2\/product"}],"about":[{"href":"https:\/\/flameguard.ee\/sv\/wp-json\/wp\/v2\/types\/product"}],"version-history":[{"count":11,"href":"https:\/\/flameguard.ee\/sv\/wp-json\/wp\/v2\/product\/17602\/revisions"}],"predecessor-version":[{"id":18211,"href":"https:\/\/flameguard.ee\/sv\/wp-json\/wp\/v2\/product\/17602\/revisions\/18211"}],"wp:featuredmedia":[{"embeddable":true,"href":"https:\/\/flameguard.ee\/sv\/wp-json\/wp\/v2\/media\/17562"}],"wp:attachment":[{"href":"https:\/\/flameguard.ee\/sv\/wp-json\/wp\/v2\/media?parent=17602"}],"wp:term":[{"taxonomy":"product_brand","embeddable":true,"href":"https:\/\/flameguard.ee\/sv\/wp-json\/wp\/v2\/product_brand?post=17602"},{"taxonomy":"product_cat","embeddable":true,"href":"https:\/\/flameguard.ee\/sv\/wp-json\/wp\/v2\/product_cat?post=17602"},{"taxonomy":"product_tag","embeddable":true,"href":"https:\/\/flameguard.ee\/sv\/wp-json\/wp\/v2\/product_tag?post=17602"}],"curies":[{"name":"wp","href":"https:\/\/api.w.org\/{rel}","templated":true}]}}