{"id":17619,"date":"2025-02-21T19:26:59","date_gmt":"2025-02-21T17:26:59","guid":{"rendered":"http:\/\/flameguard.ee.dedi7782.your-server.de\/?post_type=product&#038;p=17619"},"modified":"2025-02-27T13:12:11","modified_gmt":"2025-02-27T11:12:11","slug":"kahepoolne-evakuatsioonivalgusti-vasakule-paremale-mld-44d-w-12led-180-min","status":"publish","type":"product","link":"https:\/\/flameguard.ee\/sv\/product\/duplex-evakuering-ljus-vanster-hoger-mld-44d-w-12led-180-min\/","title":{"rendered":"\"Flytta v\u00e4nster\/h\u00f6ger\" utrymningslampa MLD-44D\/W 12LED, 180 min"},"content":{"rendered":"","protected":false},"excerpt":{"rendered":"<p>Den dubbelsidiga evakueringslampan, MLD-44D\/W 3h, har h\u00f6gkvalitativ och innovativ LED-teknik som fungerar \u00e4ven vid str\u00f6mavbrott. L\u00e4mplig f\u00f6r rum med \u00f6ppen planl\u00f6sning, korridorer och markering av utrymningsv\u00e4gar. L\u00e4tt att installera.<\/p>\n<p><strong>Specifikationer:<\/strong><br \/>\nDrifttid vid str\u00f6mavbrott: 180 minuter<br \/>\nM\u00e5tt: 250 x 465<\/p>\n<p>&nbsp;<\/p>","protected":false},"featured_media":17579,"template":"","meta":[],"product_brand":[],"product_cat":[89],"product_tag":[],"class_list":{"0":"post-17619","1":"product","2":"type-product","3":"status-publish","4":"has-post-thumbnail","6":"product_cat-turvavalgustid","8":"first","9":"instock","10":"taxable","11":"shipping-taxable","12":"purchasable","13":"product-type-simple"},"_links":{"self":[{"href":"https:\/\/flameguard.ee\/sv\/wp-json\/wp\/v2\/product\/17619","targetHints":{"allow":["GET"]}}],"collection":[{"href":"https:\/\/flameguard.ee\/sv\/wp-json\/wp\/v2\/product"}],"about":[{"href":"https:\/\/flameguard.ee\/sv\/wp-json\/wp\/v2\/types\/product"}],"version-history":[{"count":4,"href":"https:\/\/flameguard.ee\/sv\/wp-json\/wp\/v2\/product\/17619\/revisions"}],"predecessor-version":[{"id":17859,"href":"https:\/\/flameguard.ee\/sv\/wp-json\/wp\/v2\/product\/17619\/revisions\/17859"}],"wp:featuredmedia":[{"embeddable":true,"href":"https:\/\/flameguard.ee\/sv\/wp-json\/wp\/v2\/media\/17579"}],"wp:attachment":[{"href":"https:\/\/flameguard.ee\/sv\/wp-json\/wp\/v2\/media?parent=17619"}],"wp:term":[{"taxonomy":"product_brand","embeddable":true,"href":"https:\/\/flameguard.ee\/sv\/wp-json\/wp\/v2\/product_brand?post=17619"},{"taxonomy":"product_cat","embeddable":true,"href":"https:\/\/flameguard.ee\/sv\/wp-json\/wp\/v2\/product_cat?post=17619"},{"taxonomy":"product_tag","embeddable":true,"href":"https:\/\/flameguard.ee\/sv\/wp-json\/wp\/v2\/product_tag?post=17619"}],"curies":[{"name":"wp","href":"https:\/\/api.w.org\/{rel}","templated":true}]}}