{"id":17625,"date":"2025-02-21T19:37:43","date_gmt":"2025-02-21T17:37:43","guid":{"rendered":"http:\/\/flameguard.ee.dedi7782.your-server.de\/?post_type=product&#038;p=17625"},"modified":"2025-02-21T20:19:58","modified_gmt":"2025-02-21T18:19:58","slug":"kahepoolne-evakuatsioonivalgusti-klr20-8led-180-min","status":"publish","type":"product","link":"https:\/\/flameguard.ee\/sv\/product\/dubbelsidig-evakueringslampa-klr20-8led-180-min\/","title":{"rendered":"Dubbelsidig evakueringslampa KLR20 8LED, 180 min"},"content":{"rendered":"","protected":false},"excerpt":{"rendered":"<p>Den dubbelsidiga evakueringslampan, KLR20 8LED 3h, har h\u00f6gkvalitativ och innovativ LED-teknik som fungerar \u00e4ven vid str\u00f6mavbrott. L\u00e4mplig f\u00f6r rum med \u00f6ppen planl\u00f6sning, korridorer och markering av utrymningsv\u00e4gar. L\u00e4tt att installera.<\/p>\n<p><strong>Specifikationer:<\/strong><br \/>\nNominell voltage: 220... 240 VAC\/50-60 Hz<br \/>\nBatteri: (Ni-Cd) 3,6 V\/0,6 Ah<br \/>\nIndikatorer: LED-batteriladdningsindikator, TEST-knapp<br \/>\nLaddningstid: 24 timmar<br \/>\nDrifttid vid str\u00f6mavbrott: 180 minuter<br \/>\nLjusfl\u00f6de i kontinuerlig drift: 8 vita lysdioder<br \/>\nSkyddsniv\u00e5 (IP): IP54<br \/>\nMaterial: Plast<br \/>\nArbetstemperatur: 5 till 44 \u00b0C<br \/>\nM\u00e5tt:<br \/>\nL\u00e4ngd: 254 mm<br \/>\nH\u00f6jd: 170 mm<br \/>\nDjup: 35 mm<br \/>\nVikt: 520 g<br \/>\nGaranti: 3 \u00e5r (batterigaranti 1 \u00e5r)<br \/>\nInkluderar: 4 piktogram (pilar raka, ned\u00e5t, h\u00f6ger, v\u00e4nster)<\/p>\n<p>&nbsp;<\/p>","protected":false},"featured_media":17638,"template":"","meta":[],"product_brand":[],"product_cat":[89],"product_tag":[],"class_list":{"0":"post-17625","1":"product","2":"type-product","3":"status-publish","4":"has-post-thumbnail","6":"product_cat-turvavalgustid","8":"first","9":"instock","10":"taxable","11":"shipping-taxable","12":"purchasable","13":"product-type-simple"},"_links":{"self":[{"href":"https:\/\/flameguard.ee\/sv\/wp-json\/wp\/v2\/product\/17625","targetHints":{"allow":["GET"]}}],"collection":[{"href":"https:\/\/flameguard.ee\/sv\/wp-json\/wp\/v2\/product"}],"about":[{"href":"https:\/\/flameguard.ee\/sv\/wp-json\/wp\/v2\/types\/product"}],"version-history":[{"count":1,"href":"https:\/\/flameguard.ee\/sv\/wp-json\/wp\/v2\/product\/17625\/revisions"}],"predecessor-version":[{"id":17642,"href":"https:\/\/flameguard.ee\/sv\/wp-json\/wp\/v2\/product\/17625\/revisions\/17642"}],"wp:featuredmedia":[{"embeddable":true,"href":"https:\/\/flameguard.ee\/sv\/wp-json\/wp\/v2\/media\/17638"}],"wp:attachment":[{"href":"https:\/\/flameguard.ee\/sv\/wp-json\/wp\/v2\/media?parent=17625"}],"wp:term":[{"taxonomy":"product_brand","embeddable":true,"href":"https:\/\/flameguard.ee\/sv\/wp-json\/wp\/v2\/product_brand?post=17625"},{"taxonomy":"product_cat","embeddable":true,"href":"https:\/\/flameguard.ee\/sv\/wp-json\/wp\/v2\/product_cat?post=17625"},{"taxonomy":"product_tag","embeddable":true,"href":"https:\/\/flameguard.ee\/sv\/wp-json\/wp\/v2\/product_tag?post=17625"}],"curies":[{"name":"wp","href":"https:\/\/api.w.org\/{rel}","templated":true}]}}