{"id":17652,"date":"2025-02-21T20:25:22","date_gmt":"2025-02-21T18:25:22","guid":{"rendered":"http:\/\/flameguard.ee.dedi7782.your-server.de\/?post_type=product&#038;p=17652"},"modified":"2025-02-27T13:06:43","modified_gmt":"2025-02-27T11:06:43","slug":"kahepoolne-evakuatsioonivalgusti-otse-mld-28d-w-12led-180-min","status":"publish","type":"product","link":"https:\/\/flameguard.ee\/sv\/product\/duplex-evakuering-ljus-direkt-mld-28d-w-12led-180-min\/","title":{"rendered":"\"G\u00e5 rakt\" evakueringslampa MLD-28D\/W 12LED, 180 min"},"content":{"rendered":"","protected":false},"excerpt":{"rendered":"<p>Den dubbelsidiga evakueringslampan, MLD-28D\/W 3h, har h\u00f6gkvalitativ och innovativ LED-teknik som fungerar \u00e4ven vid str\u00f6mavbrott. L\u00e4mplig f\u00f6r rum med \u00f6ppen planl\u00f6sning, korridorer och markering av utrymningsv\u00e4gar. L\u00e4tt att installera.<\/p>\n<p><strong>Specifikationer:<\/strong><br \/>\nOrientering: Rak<br \/>\nDrifttid vid str\u00f6mavbrott: 180 minuter<br \/>\nM\u00e5tt: 135 x 305<\/p>","protected":false},"featured_media":17653,"template":"","meta":[],"product_brand":[],"product_cat":[89],"product_tag":[],"class_list":{"0":"post-17652","1":"product","2":"type-product","3":"status-publish","4":"has-post-thumbnail","6":"product_cat-turvavalgustid","8":"first","9":"instock","10":"taxable","11":"shipping-taxable","12":"purchasable","13":"product-type-simple"},"_links":{"self":[{"href":"https:\/\/flameguard.ee\/sv\/wp-json\/wp\/v2\/product\/17652","targetHints":{"allow":["GET"]}}],"collection":[{"href":"https:\/\/flameguard.ee\/sv\/wp-json\/wp\/v2\/product"}],"about":[{"href":"https:\/\/flameguard.ee\/sv\/wp-json\/wp\/v2\/types\/product"}],"version-history":[{"count":4,"href":"https:\/\/flameguard.ee\/sv\/wp-json\/wp\/v2\/product\/17652\/revisions"}],"predecessor-version":[{"id":17853,"href":"https:\/\/flameguard.ee\/sv\/wp-json\/wp\/v2\/product\/17652\/revisions\/17853"}],"wp:featuredmedia":[{"embeddable":true,"href":"https:\/\/flameguard.ee\/sv\/wp-json\/wp\/v2\/media\/17653"}],"wp:attachment":[{"href":"https:\/\/flameguard.ee\/sv\/wp-json\/wp\/v2\/media?parent=17652"}],"wp:term":[{"taxonomy":"product_brand","embeddable":true,"href":"https:\/\/flameguard.ee\/sv\/wp-json\/wp\/v2\/product_brand?post=17652"},{"taxonomy":"product_cat","embeddable":true,"href":"https:\/\/flameguard.ee\/sv\/wp-json\/wp\/v2\/product_cat?post=17652"},{"taxonomy":"product_tag","embeddable":true,"href":"https:\/\/flameguard.ee\/sv\/wp-json\/wp\/v2\/product_tag?post=17652"}],"curies":[{"name":"wp","href":"https:\/\/api.w.org\/{rel}","templated":true}]}}