{"id":17662,"date":"2025-02-23T15:41:41","date_gmt":"2025-02-23T13:41:41","guid":{"rendered":"http:\/\/flameguard.ee.dedi7782.your-server.de\/?post_type=product&#038;p=17662"},"modified":"2025-03-03T16:15:56","modified_gmt":"2025-03-03T14:15:56","slug":"tuletokkeuks-delta-ei60-tsingitud-avale-1000-x-2050-mm","status":"publish","type":"product","link":"https:\/\/flameguard.ee\/sv\/product\/brandhammande-dorr-delta-ei60-forzinkad-oppning-1000-x-2050-mm\/","title":{"rendered":"Brandd\u00f6rr Delta EI60 f\u00f6rzinkad (f\u00f6r \u00f6ppning 1000 x 2050 mm)"},"content":{"rendered":"<p>Produkten uppfyller de tekniska kraven och ger ett effektivt skydd under en m\u00e4ngd olika f\u00f6rh\u00e5llanden och situationer.<\/p>\n<p><a style=\"color: #fe312e;\" href=\"\/wp-content\/uploads\/2025\/03\/delta-cten.pdf\" target=\"_blank\" rel=\"noopener\"><img decoding=\"async\" src=\"\/wp-content\/uploads\/2025\/02\/pdf-icon.webp\" \/> Produktkort<\/a><\/p>","protected":false},"excerpt":{"rendered":"<p><strong data-start=\"62\" data-end=\"76\">Delta EI60<\/strong> \u00e4r av h\u00f6g kvalitet <strong data-start=\"92\" data-end=\"108\">Brandd\u00f6rr<\/strong>, som \u00e4r utformad f\u00f6r att s\u00e4kerst\u00e4lla brands\u00e4kerhet i olika byggnader. Denna <strong data-start=\"173\" data-end=\"195\">galvaniserat st\u00e5l<\/strong> Den f\u00e4rdiga d\u00f6rren erbjuder <strong data-start=\"218\" data-end=\"240\">upp till 60 minuter<\/strong> brandmotst\u00e5nd (EI60), hj\u00e4lper till att f\u00f6rhindra spridning av eld och r\u00f6k i h\u00e4ndelse av brand.<\/p>\n<p><strong>Specifikationer:<\/strong><br \/>\nD\u00f6rrbladets tjocklek: 62 mm<br \/>\nD\u00f6rrlistens bredd: 28 mm<br \/>\nD\u00f6rrblad : 0,6 mm kallvalsat st\u00e5l<br \/>\nRam: 1,2 mm kallvalsat st\u00e5l.<br \/>\nUtv\u00e4ndig finish: Bl\u00e4ckad<br \/>\nG\u00e5ngj\u00e4rn: 2 st. (v\u00e5r)<br \/>\nL\u00e5s : + k\u00e4rna 35 * 35<br \/>\nBeslag : d\u00f6rrhandtag ( Svart)<br \/>\nM\u00e5tt:<br \/>\nD\u00f6rrbladets storlek: 900 x 2000 mm<br \/>\nYtterm\u00e5tt p\u00e5 d\u00f6rrkarmen: 980 x 2040 mm<br \/>\nD\u00f6rrens vikt \u2013 76 kg<\/p>\n<p>&nbsp;<\/p>","protected":false},"featured_media":17668,"template":"","meta":[],"product_brand":[],"product_cat":[82],"product_tag":[],"class_list":{"0":"post-17662","1":"product","2":"type-product","3":"status-publish","4":"has-post-thumbnail","6":"product_cat-tuletokkeuksed","8":"first","9":"instock","10":"taxable","11":"shipping-taxable","12":"purchasable","13":"product-type-simple"},"_links":{"self":[{"href":"https:\/\/flameguard.ee\/sv\/wp-json\/wp\/v2\/product\/17662","targetHints":{"allow":["GET"]}}],"collection":[{"href":"https:\/\/flameguard.ee\/sv\/wp-json\/wp\/v2\/product"}],"about":[{"href":"https:\/\/flameguard.ee\/sv\/wp-json\/wp\/v2\/types\/product"}],"version-history":[{"count":4,"href":"https:\/\/flameguard.ee\/sv\/wp-json\/wp\/v2\/product\/17662\/revisions"}],"predecessor-version":[{"id":18096,"href":"https:\/\/flameguard.ee\/sv\/wp-json\/wp\/v2\/product\/17662\/revisions\/18096"}],"wp:featuredmedia":[{"embeddable":true,"href":"https:\/\/flameguard.ee\/sv\/wp-json\/wp\/v2\/media\/17668"}],"wp:attachment":[{"href":"https:\/\/flameguard.ee\/sv\/wp-json\/wp\/v2\/media?parent=17662"}],"wp:term":[{"taxonomy":"product_brand","embeddable":true,"href":"https:\/\/flameguard.ee\/sv\/wp-json\/wp\/v2\/product_brand?post=17662"},{"taxonomy":"product_cat","embeddable":true,"href":"https:\/\/flameguard.ee\/sv\/wp-json\/wp\/v2\/product_cat?post=17662"},{"taxonomy":"product_tag","embeddable":true,"href":"https:\/\/flameguard.ee\/sv\/wp-json\/wp\/v2\/product_tag?post=17662"}],"curies":[{"name":"wp","href":"https:\/\/api.w.org\/{rel}","templated":true}]}}