{"id":17695,"date":"2025-02-23T17:27:01","date_gmt":"2025-02-23T15:27:01","guid":{"rendered":"http:\/\/flameguard.ee.dedi7782.your-server.de\/?post_type=product&#038;p=17695"},"modified":"2025-03-10T15:42:30","modified_gmt":"2025-03-10T13:42:30","slug":"suitsuandurandur-temperatuuriandur-ajax-fireprotect","status":"publish","type":"product","link":"https:\/\/flameguard.ee\/sv\/product\/rokdetektor-temperatur-sensor-ajax-brandskydd\/","title":{"rendered":"AJAX FireProtect R\u00f6kdetektor + Temperaturdetektor"},"content":{"rendered":"","protected":false},"excerpt":{"rendered":"<p>Ajax FireProtect tr\u00e5dl\u00f6s r\u00f6kdetektor och temperaturdetektor i en och samma enhet. Den kompakta och tr\u00e5dl\u00f6sa sensorn \u00e4r en n\u00f6dv\u00e4ndig s\u00e4kerhetsfunktion i alla hem eller kontor.<br \/>\nSensorn kan fj\u00e4rrstyras med hj\u00e4lp av applikationen Ajax Security System.<\/p>\n<p><strong>Specifikationer:<\/strong><br \/>\nAnslutningstyp: tr\u00e5dl\u00f6s<br \/>\nAnv\u00e4ndningsplats: Inomhus<br \/>\nTemperatursensor: fr\u00e5n +54 \u00b0C till 65 \u00b0C<br \/>\nLarmtyp: Ljus och ljud<br \/>\nKommunikationsprotokoll: Juvelerare (868,0-868,6 MHz)<br \/>\nMaximalt avst\u00e5nd mellan detektor och kontrollpanel upp till 1300 m (\u00f6ppen)<br \/>\nStr\u00f6mf\u00f6rs\u00f6rjning: 2 CR2-batterier<br \/>\nBatteritid: upp till 4 \u00e5r<br \/>\nFungerar vid temperaturer fr\u00e5n 0 \u00b0C till +65 \u00b0C<br \/>\nMotst\u00e5ndskraft mot fukt: upp till 80%<br \/>\nStorlek: 132 x 132 x 31 mm<br \/>\nVikt: 220 g<\/p>","protected":false},"featured_media":17696,"template":"","meta":[],"product_brand":[],"product_cat":[125,84],"product_tag":[],"class_list":{"0":"post-17695","1":"product","2":"type-product","3":"status-publish","4":"has-post-thumbnail","6":"product_cat-innovatsioon","7":"product_cat-suitsuandurid","9":"first","10":"instock","11":"taxable","12":"shipping-taxable","13":"purchasable","14":"product-type-simple"},"_links":{"self":[{"href":"https:\/\/flameguard.ee\/sv\/wp-json\/wp\/v2\/product\/17695","targetHints":{"allow":["GET"]}}],"collection":[{"href":"https:\/\/flameguard.ee\/sv\/wp-json\/wp\/v2\/product"}],"about":[{"href":"https:\/\/flameguard.ee\/sv\/wp-json\/wp\/v2\/types\/product"}],"version-history":[{"count":5,"href":"https:\/\/flameguard.ee\/sv\/wp-json\/wp\/v2\/product\/17695\/revisions"}],"predecessor-version":[{"id":18014,"href":"https:\/\/flameguard.ee\/sv\/wp-json\/wp\/v2\/product\/17695\/revisions\/18014"}],"wp:featuredmedia":[{"embeddable":true,"href":"https:\/\/flameguard.ee\/sv\/wp-json\/wp\/v2\/media\/17696"}],"wp:attachment":[{"href":"https:\/\/flameguard.ee\/sv\/wp-json\/wp\/v2\/media?parent=17695"}],"wp:term":[{"taxonomy":"product_brand","embeddable":true,"href":"https:\/\/flameguard.ee\/sv\/wp-json\/wp\/v2\/product_brand?post=17695"},{"taxonomy":"product_cat","embeddable":true,"href":"https:\/\/flameguard.ee\/sv\/wp-json\/wp\/v2\/product_cat?post=17695"},{"taxonomy":"product_tag","embeddable":true,"href":"https:\/\/flameguard.ee\/sv\/wp-json\/wp\/v2\/product_tag?post=17695"}],"curies":[{"name":"wp","href":"https:\/\/api.w.org\/{rel}","templated":true}]}}