{"id":17701,"date":"2025-02-23T17:32:02","date_gmt":"2025-02-23T15:32:02","guid":{"rendered":"http:\/\/flameguard.ee.dedi7782.your-server.de\/?post_type=product&#038;p=17701"},"modified":"2025-03-10T15:41:31","modified_gmt":"2025-03-10T13:41:31","slug":"suitsuandurandur-temperatuuriandur-coandur-ajax-fireprotect-plus","status":"publish","type":"product","link":"https:\/\/flameguard.ee\/sv\/product\/rokdetektor-temperaturdetektor-coandur-ajax-fireprotect-plus\/","title":{"rendered":"AJAX FireProtect Plus R\u00f6kdetektor + Temperaturdetektor + CO-detektor"},"content":{"rendered":"","protected":false},"excerpt":{"rendered":"<p>Ajax FireProtect tr\u00e5dl\u00f6s r\u00f6kdetektor, temperatursensor och kolmonoxiddetektor i en enhet. Den kompakta och tr\u00e5dl\u00f6sa sensorn \u00e4r en n\u00f6dv\u00e4ndig s\u00e4kerhetsfunktion i alla hem eller kontor.<br \/>\nSensorn kan fj\u00e4rrstyras med hj\u00e4lp av applikationen Ajax Security System.<\/p>\n<p><strong>Specifikationer:<\/strong><br \/>\nAnslutningstyp: tr\u00e5dl\u00f6s<br \/>\nAnv\u00e4ndningsplats: Inomhus<br \/>\nTemperatursensor: fr\u00e5n +54 \u00b0C till 65 \u00b0C<br \/>\nLarmtyp: Ljus och ljud<br \/>\nKommunikationsprotokoll: Juvelerare (868,0-868,6 MHz)<br \/>\nMaximalt avst\u00e5nd mellan detektor och kontrollpanel: upp till 1300 m (\u00f6ppen)<br \/>\nStr\u00f6mf\u00f6rs\u00f6rjning: 2 CR2-batterier<br \/>\nBatteritid: upp till 4 \u00e5r<br \/>\nFungerar vid temperaturer fr\u00e5n 0 \u00b0C till +65 \u00b0C<br \/>\nFuktt\u00e5lighet: Upp till 80%<br \/>\nStorlek: 132x132x31 mm<br \/>\nVikt: 220 g<\/p>\n<p>&nbsp;<\/p>","protected":false},"featured_media":17696,"template":"","meta":[],"product_brand":[],"product_cat":[125,84],"product_tag":[],"class_list":{"0":"post-17701","1":"product","2":"type-product","3":"status-publish","4":"has-post-thumbnail","6":"product_cat-innovatsioon","7":"product_cat-suitsuandurid","9":"first","10":"instock","11":"taxable","12":"shipping-taxable","13":"purchasable","14":"product-type-simple"},"_links":{"self":[{"href":"https:\/\/flameguard.ee\/sv\/wp-json\/wp\/v2\/product\/17701","targetHints":{"allow":["GET"]}}],"collection":[{"href":"https:\/\/flameguard.ee\/sv\/wp-json\/wp\/v2\/product"}],"about":[{"href":"https:\/\/flameguard.ee\/sv\/wp-json\/wp\/v2\/types\/product"}],"version-history":[{"count":8,"href":"https:\/\/flameguard.ee\/sv\/wp-json\/wp\/v2\/product\/17701\/revisions"}],"predecessor-version":[{"id":18015,"href":"https:\/\/flameguard.ee\/sv\/wp-json\/wp\/v2\/product\/17701\/revisions\/18015"}],"wp:featuredmedia":[{"embeddable":true,"href":"https:\/\/flameguard.ee\/sv\/wp-json\/wp\/v2\/media\/17696"}],"wp:attachment":[{"href":"https:\/\/flameguard.ee\/sv\/wp-json\/wp\/v2\/media?parent=17701"}],"wp:term":[{"taxonomy":"product_brand","embeddable":true,"href":"https:\/\/flameguard.ee\/sv\/wp-json\/wp\/v2\/product_brand?post=17701"},{"taxonomy":"product_cat","embeddable":true,"href":"https:\/\/flameguard.ee\/sv\/wp-json\/wp\/v2\/product_cat?post=17701"},{"taxonomy":"product_tag","embeddable":true,"href":"https:\/\/flameguard.ee\/sv\/wp-json\/wp\/v2\/product_tag?post=17701"}],"curies":[{"name":"wp","href":"https:\/\/api.w.org\/{rel}","templated":true}]}}