{"id":17706,"date":"2025-02-23T17:41:27","date_gmt":"2025-02-23T15:41:27","guid":{"rendered":"http:\/\/flameguard.ee.dedi7782.your-server.de\/?post_type=product&#038;p=17706"},"modified":"2025-02-28T21:34:55","modified_gmt":"2025-02-28T19:34:55","slug":"suitsuandur-lento-10-a-aku","status":"publish","type":"product","link":"https:\/\/flameguard.ee\/sv\/product\/rokdetektor-lento-10-a-batteri\/","title":{"rendered":"R\u00f6kdetektor LENTO (10 \u00e5rs batteri)"},"content":{"rendered":"","protected":false},"excerpt":{"rendered":"<p>Den autonoma optiska brandlarmdetektorn Lento 10 \u00e4r en enhet med en unik malformad design som fungerar b\u00e5de som ett inredningselement och en hems\u00e4kerhet.<br \/>\nDetektorn avger ett starkt larm s\u00e5 snart den uppt\u00e4cker r\u00f6k och varnar inv\u00e5narna f\u00f6r en potentiell brandrisk.<\/p>\n<p><strong>Specifikationer:<\/strong><br \/>\nVolym: \u226585 dB (vid 3 meter)<br \/>\nArbetstemperatur: -10\u00b0C till +40\u00b0C<br \/>\nMaximal luftfuktighet: \u226495%<br \/>\nBatteritid: 10 \u00e5r<br \/>\nM\u00e5tt: 185 mm x 175 mm x 48 mm<\/p>\n<p>&nbsp;<\/p>","protected":false},"featured_media":17717,"template":"","meta":[],"product_brand":[],"product_cat":[84],"product_tag":[],"class_list":{"0":"post-17706","1":"product","2":"type-product","3":"status-publish","4":"has-post-thumbnail","6":"product_cat-suitsuandurid","8":"first","9":"instock","10":"taxable","11":"shipping-taxable","12":"purchasable","13":"product-type-variable"},"_links":{"self":[{"href":"https:\/\/flameguard.ee\/sv\/wp-json\/wp\/v2\/product\/17706","targetHints":{"allow":["GET"]}}],"collection":[{"href":"https:\/\/flameguard.ee\/sv\/wp-json\/wp\/v2\/product"}],"about":[{"href":"https:\/\/flameguard.ee\/sv\/wp-json\/wp\/v2\/types\/product"}],"version-history":[{"count":2,"href":"https:\/\/flameguard.ee\/sv\/wp-json\/wp\/v2\/product\/17706\/revisions"}],"predecessor-version":[{"id":18019,"href":"https:\/\/flameguard.ee\/sv\/wp-json\/wp\/v2\/product\/17706\/revisions\/18019"}],"wp:featuredmedia":[{"embeddable":true,"href":"https:\/\/flameguard.ee\/sv\/wp-json\/wp\/v2\/media\/17717"}],"wp:attachment":[{"href":"https:\/\/flameguard.ee\/sv\/wp-json\/wp\/v2\/media?parent=17706"}],"wp:term":[{"taxonomy":"product_brand","embeddable":true,"href":"https:\/\/flameguard.ee\/sv\/wp-json\/wp\/v2\/product_brand?post=17706"},{"taxonomy":"product_cat","embeddable":true,"href":"https:\/\/flameguard.ee\/sv\/wp-json\/wp\/v2\/product_cat?post=17706"},{"taxonomy":"product_tag","embeddable":true,"href":"https:\/\/flameguard.ee\/sv\/wp-json\/wp\/v2\/product_tag?post=17706"}],"curies":[{"name":"wp","href":"https:\/\/api.w.org\/{rel}","templated":true}]}}