{"id":17735,"date":"2025-02-25T17:13:03","date_gmt":"2025-02-25T15:13:03","guid":{"rendered":"http:\/\/flameguard.ee.dedi7782.your-server.de\/?post_type=product&#038;p=17735"},"modified":"2025-02-25T17:13:03","modified_gmt":"2025-02-25T15:13:03","slug":"evakuatsioonivalgusti-oximia-led-180-min","status":"publish","type":"product","link":"https:\/\/flameguard.ee\/sv\/product\/evakuering-ljus-oximia-led-180-min\/","title":{"rendered":"Evakueringslampa OXIMIA LED, 180 min"},"content":{"rendered":"","protected":false},"excerpt":{"rendered":"<p>OXIMIA LED 3h evakueringsljus har h\u00f6gkvalitativ och innovativ LED-teknik som fungerar \u00e4ven vid str\u00f6mavbrott. L\u00e4mplig f\u00f6r rum med \u00f6ppen planl\u00f6sning, korridorer och markering av utrymningsv\u00e4gar. L\u00e4tt att installera.<\/p>\n<p><strong>Specifikationer:<\/strong><br \/>\nNominell voltage: 220... 240 VAC\/50-60 Hz<br \/>\nBatteri: (Ni-Cd) 3,6 V\/0,6 Ah<br \/>\nIndikatorer: LED-batteriladdningsindikator, TEST-knapp<br \/>\nLaddningstid: 24 timmar<br \/>\nDrifttid vid str\u00f6mavbrott: 180 minuter<br \/>\nLjusfl\u00f6de i kontinuerlig drift: 8 vita lysdioder<br \/>\nKapslingsklass (IP): IP20<br \/>\nMaterial: Metall<br \/>\nArbetstemperatur: 10 till 55 \u00b0C<br \/>\nM\u00e5tt:<br \/>\nL\u00e4ngd: 335 mm<br \/>\nH\u00f6jd: 225 mm<br \/>\nDjup: 35 mm<br \/>\nVikt: 1,2 kg<br \/>\nGaranti: 2 \u00e5r (1 \u00e5rs batterigaranti)<br \/>\nIng\u00e5r: 2 piktogram (pilar till h\u00f6ger, v\u00e4nster) F\u00e4stelement och piktogram kan best\u00e4llas separat.<\/p>\n<p>&nbsp;<\/p>","protected":false},"featured_media":17736,"template":"","meta":[],"product_brand":[],"product_cat":[89],"product_tag":[],"class_list":{"0":"post-17735","1":"product","2":"type-product","3":"status-publish","4":"has-post-thumbnail","6":"product_cat-turvavalgustid","8":"first","9":"instock","10":"taxable","11":"shipping-taxable","12":"purchasable","13":"product-type-simple"},"_links":{"self":[{"href":"https:\/\/flameguard.ee\/sv\/wp-json\/wp\/v2\/product\/17735","targetHints":{"allow":["GET"]}}],"collection":[{"href":"https:\/\/flameguard.ee\/sv\/wp-json\/wp\/v2\/product"}],"about":[{"href":"https:\/\/flameguard.ee\/sv\/wp-json\/wp\/v2\/types\/product"}],"version-history":[{"count":1,"href":"https:\/\/flameguard.ee\/sv\/wp-json\/wp\/v2\/product\/17735\/revisions"}],"predecessor-version":[{"id":17742,"href":"https:\/\/flameguard.ee\/sv\/wp-json\/wp\/v2\/product\/17735\/revisions\/17742"}],"wp:featuredmedia":[{"embeddable":true,"href":"https:\/\/flameguard.ee\/sv\/wp-json\/wp\/v2\/media\/17736"}],"wp:attachment":[{"href":"https:\/\/flameguard.ee\/sv\/wp-json\/wp\/v2\/media?parent=17735"}],"wp:term":[{"taxonomy":"product_brand","embeddable":true,"href":"https:\/\/flameguard.ee\/sv\/wp-json\/wp\/v2\/product_brand?post=17735"},{"taxonomy":"product_cat","embeddable":true,"href":"https:\/\/flameguard.ee\/sv\/wp-json\/wp\/v2\/product_cat?post=17735"},{"taxonomy":"product_tag","embeddable":true,"href":"https:\/\/flameguard.ee\/sv\/wp-json\/wp\/v2\/product_tag?post=17735"}],"curies":[{"name":"wp","href":"https:\/\/api.w.org\/{rel}","templated":true}]}}