{"id":17743,"date":"2025-02-25T17:45:10","date_gmt":"2025-02-25T15:45:10","guid":{"rendered":"http:\/\/flameguard.ee.dedi7782.your-server.de\/?post_type=product&#038;p=17743"},"modified":"2025-02-27T12:24:11","modified_gmt":"2025-02-27T10:24:11","slug":"paastemeeskonna-sisenemistee-kleebis","status":"publish","type":"product","link":"https:\/\/flameguard.ee\/sv\/product\/raddning-team-intrade-klistermarke\/","title":{"rendered":"Klisterm\u00e4rke f\u00f6r intr\u00e4desv\u00e4g f\u00f6r r\u00e4ddningsteam"},"content":{"rendered":"","protected":false},"excerpt":{"rendered":"<p>Etikett: KLISTERM\u00c4RKE F\u00d6R INPASSERINGSV\u00c4G F\u00d6R R\u00c4DDNINGSTEAM (300\u00d7150 mm).<br \/>\nKLISTERM\u00c4RKET SOM STICKER FR\u00c5N TOPPEN \u00c4R DESIGNAT F\u00d6R EN SL\u00c4T YTA!<br \/>\nSkylten anger ing\u00e5ngen till den byggnad som ligger n\u00e4rmast platsen f\u00f6r centralenheten i det automatiska brandlarmsystemet.<br \/>\nBilden \u00f6verensst\u00e4mmer med standarden EVS 620-2:2012.<\/p>","protected":false},"featured_media":17846,"template":"","meta":[],"product_brand":[],"product_cat":[90],"product_tag":[],"class_list":{"0":"post-17743","1":"product","2":"type-product","3":"status-publish","4":"has-post-thumbnail","6":"product_cat-ohumargistus","8":"first","9":"instock","10":"taxable","11":"shipping-taxable","12":"purchasable","13":"product-type-simple"},"_links":{"self":[{"href":"https:\/\/flameguard.ee\/sv\/wp-json\/wp\/v2\/product\/17743","targetHints":{"allow":["GET"]}}],"collection":[{"href":"https:\/\/flameguard.ee\/sv\/wp-json\/wp\/v2\/product"}],"about":[{"href":"https:\/\/flameguard.ee\/sv\/wp-json\/wp\/v2\/types\/product"}],"version-history":[{"count":1,"href":"https:\/\/flameguard.ee\/sv\/wp-json\/wp\/v2\/product\/17743\/revisions"}],"predecessor-version":[{"id":17748,"href":"https:\/\/flameguard.ee\/sv\/wp-json\/wp\/v2\/product\/17743\/revisions\/17748"}],"wp:featuredmedia":[{"embeddable":true,"href":"https:\/\/flameguard.ee\/sv\/wp-json\/wp\/v2\/media\/17846"}],"wp:attachment":[{"href":"https:\/\/flameguard.ee\/sv\/wp-json\/wp\/v2\/media?parent=17743"}],"wp:term":[{"taxonomy":"product_brand","embeddable":true,"href":"https:\/\/flameguard.ee\/sv\/wp-json\/wp\/v2\/product_brand?post=17743"},{"taxonomy":"product_cat","embeddable":true,"href":"https:\/\/flameguard.ee\/sv\/wp-json\/wp\/v2\/product_cat?post=17743"},{"taxonomy":"product_tag","embeddable":true,"href":"https:\/\/flameguard.ee\/sv\/wp-json\/wp\/v2\/product_tag?post=17743"}],"curies":[{"name":"wp","href":"https:\/\/api.w.org\/{rel}","templated":true}]}}