{"id":17750,"date":"2025-02-25T18:13:34","date_gmt":"2025-02-25T16:13:34","guid":{"rendered":"http:\/\/flameguard.ee.dedi7782.your-server.de\/?post_type=product&#038;p=17750"},"modified":"2025-02-25T19:52:49","modified_gmt":"2025-02-25T17:52:49","slug":"tuleohutuse-eest-vastutav","status":"publish","type":"product","link":"https:\/\/flameguard.ee\/sv\/product\/brand-sakerhetsansvarig\/","title":{"rendered":"Klisterm\u00e4rke f\u00f6r den person som ansvarar f\u00f6r brands\u00e4kerheten"},"content":{"rendered":"","protected":false},"excerpt":{"rendered":"<p>Etikett: FIRE SAFETY RESPONSIBLE klisterm\u00e4rke (200X65 mm).<br \/>\nKLISTERM\u00c4RKET SOM STICKER FR\u00c5N TOPPEN \u00c4R DESIGNAT F\u00d6R EN SL\u00c4T YTA!<br \/>\nBilden \u00f6verensst\u00e4mmer med g\u00e4llande standard.<\/p>\n<p>&nbsp;<\/p>","protected":false},"featured_media":17751,"template":"","meta":[],"product_brand":[],"product_cat":[90],"product_tag":[],"class_list":{"0":"post-17750","1":"product","2":"type-product","3":"status-publish","4":"has-post-thumbnail","6":"product_cat-ohumargistus","8":"first","9":"instock","10":"taxable","11":"shipping-taxable","12":"purchasable","13":"product-type-simple"},"_links":{"self":[{"href":"https:\/\/flameguard.ee\/sv\/wp-json\/wp\/v2\/product\/17750","targetHints":{"allow":["GET"]}}],"collection":[{"href":"https:\/\/flameguard.ee\/sv\/wp-json\/wp\/v2\/product"}],"about":[{"href":"https:\/\/flameguard.ee\/sv\/wp-json\/wp\/v2\/types\/product"}],"version-history":[{"count":3,"href":"https:\/\/flameguard.ee\/sv\/wp-json\/wp\/v2\/product\/17750\/revisions"}],"predecessor-version":[{"id":17789,"href":"https:\/\/flameguard.ee\/sv\/wp-json\/wp\/v2\/product\/17750\/revisions\/17789"}],"wp:featuredmedia":[{"embeddable":true,"href":"https:\/\/flameguard.ee\/sv\/wp-json\/wp\/v2\/media\/17751"}],"wp:attachment":[{"href":"https:\/\/flameguard.ee\/sv\/wp-json\/wp\/v2\/media?parent=17750"}],"wp:term":[{"taxonomy":"product_brand","embeddable":true,"href":"https:\/\/flameguard.ee\/sv\/wp-json\/wp\/v2\/product_brand?post=17750"},{"taxonomy":"product_cat","embeddable":true,"href":"https:\/\/flameguard.ee\/sv\/wp-json\/wp\/v2\/product_cat?post=17750"},{"taxonomy":"product_tag","embeddable":true,"href":"https:\/\/flameguard.ee\/sv\/wp-json\/wp\/v2\/product_tag?post=17750"}],"curies":[{"name":"wp","href":"https:\/\/api.w.org\/{rel}","templated":true}]}}