{"id":17775,"date":"2025-02-25T19:35:00","date_gmt":"2025-02-25T17:35:00","guid":{"rendered":"http:\/\/flameguard.ee.dedi7782.your-server.de\/?post_type=product&#038;p=17775"},"modified":"2025-02-27T09:51:15","modified_gmt":"2025-02-27T07:51:15","slug":"stick-protect-aerosool-tulekustutussusteem","status":"publish","type":"product","link":"https:\/\/flameguard.ee\/sv\/product\/stick-protect-aerosol-brandslackningssystem\/","title":{"rendered":"Stick Protect aerosol brandsl\u00e4ckningssystem (1 st)"},"content":{"rendered":"<p>Produkten uppfyller de tekniska kraven och ger ett effektivt skydd under en m\u00e4ngd olika f\u00f6rh\u00e5llanden och situationer.<\/p>\n<p><a style=\"color: #fe312e;\" href=\"\/wp-content\/uploads\/2025\/02\/English-Safety-Sheet.pdf\" target=\"_blank\" rel=\"noopener\"><img decoding=\"async\" src=\"\/wp-content\/uploads\/2025\/02\/pdf-icon.webp\" \/> Produktkort<\/a><\/p>","protected":false},"excerpt":{"rendered":"<p>Det underh\u00e5llsfria brandsl\u00e4ckningssystemet Savio Stick Protect \u00e4r en termisk aerosolanordning som \u00e4r s\u00e4rskilt utformad f\u00f6r hush\u00e5lls-, industri- och marina till\u00e4mpningar. Den har utvecklats f\u00f6r att sl\u00e4cka br\u00e4nder och f\u00f6rhindra att de sprids vidare och \u00e4r s\u00e4rskilt effektiv vid br\u00e4nder orsakade av kortslutning i elektriska installationer.<br \/>\nI h\u00e4ndelse av lokala br\u00e4nder bevisar Savio Stick Protect sin anv\u00e4ndbarhet genom att spela en viktig roll f\u00f6r att r\u00e4dda liv och egendom. Produkten \u00e4r speciellt utformad f\u00f6r att autonomt ingripa i obevakade kraftdistributionssystem som elcentraler, f\u00f6rdelningssk\u00e5p och automationsutrustning. L\u00e4mplig f\u00f6r anv\u00e4ndning i \u00f6ppna, slutna eller m\u00e5ttligt ventilerade f\u00f6rh\u00e5llanden upp till 0,3 m3. Produkten l\u00e4mnar inga rester efter aktivering och ytorna \u00e4r l\u00e4tta att reng\u00f6ra.<\/p>\n<p><strong>Specifikationer:<\/strong><br \/>\nAutomatisk brandsl\u00e4ckningsanordning.<br \/>\nDiameter 87 mm, tjocklek 20 mm.<br \/>\nStarttemperatur 338\u00b0F \/ 170\u00b0C<br \/>\nDrifttemperatur min. 0\u00b0C \u2013 max. 60\u00b0C.<br \/>\nBrandklass: B-C-E.<br \/>\n\u00d6verensst\u00e4mmelse: CE 1395, EN 16263:2015<br \/>\nProdukten inneh\u00e5ller en liten m\u00e4ngd pyrotekniskt \u00e4mne i kategori P1 (anm\u00e4lt organ 1395 \u2013 Kon\u0161trukta. Registreringsnummer 1395-P1-0092\/2022). Produkten kan k\u00f6pas fr\u00e5n 18 \u00e5rs \u00e5lder.<\/p>\n<p>&nbsp;<\/p>","protected":false},"featured_media":17778,"template":"","meta":[],"product_brand":[],"product_cat":[125,83],"product_tag":[],"class_list":{"0":"post-17775","1":"product","2":"type-product","3":"status-publish","4":"has-post-thumbnail","6":"product_cat-innovatsioon","7":"product_cat-tulekustutid","9":"first","10":"instock","11":"taxable","12":"shipping-taxable","13":"purchasable","14":"product-type-simple"},"_links":{"self":[{"href":"https:\/\/flameguard.ee\/sv\/wp-json\/wp\/v2\/product\/17775","targetHints":{"allow":["GET"]}}],"collection":[{"href":"https:\/\/flameguard.ee\/sv\/wp-json\/wp\/v2\/product"}],"about":[{"href":"https:\/\/flameguard.ee\/sv\/wp-json\/wp\/v2\/types\/product"}],"version-history":[{"count":3,"href":"https:\/\/flameguard.ee\/sv\/wp-json\/wp\/v2\/product\/17775\/revisions"}],"predecessor-version":[{"id":17784,"href":"https:\/\/flameguard.ee\/sv\/wp-json\/wp\/v2\/product\/17775\/revisions\/17784"}],"wp:featuredmedia":[{"embeddable":true,"href":"https:\/\/flameguard.ee\/sv\/wp-json\/wp\/v2\/media\/17778"}],"wp:attachment":[{"href":"https:\/\/flameguard.ee\/sv\/wp-json\/wp\/v2\/media?parent=17775"}],"wp:term":[{"taxonomy":"product_brand","embeddable":true,"href":"https:\/\/flameguard.ee\/sv\/wp-json\/wp\/v2\/product_brand?post=17775"},{"taxonomy":"product_cat","embeddable":true,"href":"https:\/\/flameguard.ee\/sv\/wp-json\/wp\/v2\/product_cat?post=17775"},{"taxonomy":"product_tag","embeddable":true,"href":"https:\/\/flameguard.ee\/sv\/wp-json\/wp\/v2\/product_tag?post=17775"}],"curies":[{"name":"wp","href":"https:\/\/api.w.org\/{rel}","templated":true}]}}