{"id":17805,"date":"2025-02-25T22:19:49","date_gmt":"2025-02-25T20:19:49","guid":{"rendered":"http:\/\/flameguard.ee.dedi7782.your-server.de\/?post_type=product&#038;p=17805"},"modified":"2025-03-11T16:56:03","modified_gmt":"2025-03-11T14:56:03","slug":"hooldusvaba-aerosool-tulekustuti-fss100","status":"publish","type":"product","link":"https:\/\/flameguard.ee\/sv\/product\/underhallsfri-aerosol-brandslackare-fss100\/","title":{"rendered":"Underh\u00e5llsfri brandsl\u00e4ckare FSS100"},"content":{"rendered":"<p>Produkten uppfyller de tekniska kraven och ger ett effektivt skydd under en m\u00e4ngd olika f\u00f6rh\u00e5llanden och situationer.<\/p>\n<p><a style=\"color: #fe312e;\" href=\"\/wp-content\/uploads\/2025\/02\/FFS-Infoleht-2025.pdf.pdf\" target=\"_blank\" rel=\"noopener\"><img decoding=\"async\" src=\"\/wp-content\/uploads\/2025\/02\/pdf-icon.webp\" \/> Nyhetsbrev<\/a><\/p>\n<p><a style=\"color: #fe312e;\" href=\"\/wp-content\/uploads\/2025\/02\/nr-11-SDS-ESP-for-Fire-Suppression-Systems-rev.13-11_12_23-EN.pdf\" target=\"_blank\" rel=\"noopener\"><img decoding=\"async\" src=\"\/wp-content\/uploads\/2025\/02\/pdf-icon.webp\" \/> Produktkort<\/a><\/p>\n<p><a style=\"color: #fe312e;\" href=\"\/wp-content\/uploads\/2025\/02\/EE-kasutusjuhend-FSS100-rev.-06_06_2023_arato.pdf.pdf\" target=\"_blank\" rel=\"noopener\"><img decoding=\"async\" src=\"\/wp-content\/uploads\/2025\/02\/pdf-icon.webp\" \/> Handbok<\/a><\/p>","protected":false},"excerpt":{"rendered":"<p>Den lilla och l\u00e4tta FSS-brandsl\u00e4ckaren \u00e4r s\u00e4ker och milj\u00f6v\u00e4nlig f\u00f6r anv\u00e4ndaren. Det inneb\u00e4r att brandsl\u00e4ckaren bekv\u00e4mt kan f\u00f6rvaras p\u00e5 en l\u00e4ttillg\u00e4nglig plats. FSS brandsl\u00e4ckare \u00e4r ett enkelt och smidigt s\u00e4tt att se till att du \u00e4r f\u00f6rberedd f\u00f6r br\u00e4nder hemma, p\u00e5 jobbet eller i olika fordon. Dimensionerna och vikten p\u00e5 brandsl\u00e4ckaren \u00e4r betydligt mindre \u00e4n vanliga brandsl\u00e4ckare och deras drifttid \u00e4r betydligt l\u00e4ngre. Efter anv\u00e4ndning av brandsl\u00e4ckaren finns det inga besv\u00e4rliga rester av sl\u00e4ckmedel som \u00e4r farliga f\u00f6r utrustning och elektronik.<br \/>\nBrandsl\u00e4ckaren kr\u00e4ver ingen inspektion, underh\u00e5ll eller p\u00e5fyllning j\u00e4mf\u00f6rt med konventionella brandsl\u00e4ckare. Produkten \u00e4r inte trycksatt, s\u00e5 den exploderar inte och f\u00f6rst\u00f6rs inte. N\u00e4r sl\u00e4ckningsstr\u00e5len anv\u00e4nds ska den riktas ned\u00e5t fr\u00e5n l\u00e5gorna till den plats d\u00e4r branden startade.<br \/>\nBrandsl\u00e4ckaren sl\u00e4cker f\u00f6ljande brandklasser: A (fasta \u00e4mnen), B (brandfarliga v\u00e4tskor), C (gasformiga \u00e4mnen), F (matoljor och fetter) och br\u00e4nder i elektriska apparater med en sp\u00e4nning p\u00e5 upp till 100 000 V.<br \/>\nAnv\u00e4ndningsplats: bostads- och kontorsbyggnader, sm\u00e5hus och bastur, motor- och elfordon, b\u00e5tar, elinstallationer, restauranger etc.<br \/>\nVARNING: RISK F\u00d6R BR\u00c4NNSKADOR (&gt;90 \u00b0C)! UNDER SL\u00c4CKNING ELLER EFTER SL\u00c4CKNING, R\u00d6R INTE VID BRANDSL\u00c4CKARENS METALLH\u00d6LJE.<br \/>\nF\u00f6rvaras utom r\u00e4ckh\u00e5ll f\u00f6r barn. Rikta inte sl\u00e4ckningsstr\u00e5len mot m\u00e4nniskor. Produkten sl\u00e4cker inte gl\u00f6dande kol. Skada inte produktens delar och ta inte is\u00e4r produkten.<br \/>\nProdukten inneh\u00e5ller en liten m\u00e4ngd pyrotekniskt \u00e4mne i kategori P1 (anm\u00e4lt organ 1395 \u2013 Kon\u0161trukta. Certifikat nr. PA 1395-0368\/2015). Produkten kan k\u00f6pas fr\u00e5n 18 \u00e5rs \u00e5lder.<\/p>\n<p><strong>Specifikationer:<\/strong><br \/>\nARBETSTID: 100 sek<br \/>\nL\u00c4NGD: 31 cm<br \/>\nDIAMETER: 4 cm<br \/>\nVIKT: 365 gr<\/p>\n<p>&nbsp;<\/p>","protected":false},"featured_media":17806,"template":"","meta":[],"product_brand":[],"product_cat":[125,83],"product_tag":[],"class_list":{"0":"post-17805","1":"product","2":"type-product","3":"status-publish","4":"has-post-thumbnail","6":"product_cat-innovatsioon","7":"product_cat-tulekustutid","9":"first","10":"instock","11":"taxable","12":"shipping-taxable","13":"purchasable","14":"product-type-simple"},"_links":{"self":[{"href":"https:\/\/flameguard.ee\/sv\/wp-json\/wp\/v2\/product\/17805","targetHints":{"allow":["GET"]}}],"collection":[{"href":"https:\/\/flameguard.ee\/sv\/wp-json\/wp\/v2\/product"}],"about":[{"href":"https:\/\/flameguard.ee\/sv\/wp-json\/wp\/v2\/types\/product"}],"version-history":[{"count":10,"href":"https:\/\/flameguard.ee\/sv\/wp-json\/wp\/v2\/product\/17805\/revisions"}],"predecessor-version":[{"id":18690,"href":"https:\/\/flameguard.ee\/sv\/wp-json\/wp\/v2\/product\/17805\/revisions\/18690"}],"wp:featuredmedia":[{"embeddable":true,"href":"https:\/\/flameguard.ee\/sv\/wp-json\/wp\/v2\/media\/17806"}],"wp:attachment":[{"href":"https:\/\/flameguard.ee\/sv\/wp-json\/wp\/v2\/media?parent=17805"}],"wp:term":[{"taxonomy":"product_brand","embeddable":true,"href":"https:\/\/flameguard.ee\/sv\/wp-json\/wp\/v2\/product_brand?post=17805"},{"taxonomy":"product_cat","embeddable":true,"href":"https:\/\/flameguard.ee\/sv\/wp-json\/wp\/v2\/product_cat?post=17805"},{"taxonomy":"product_tag","embeddable":true,"href":"https:\/\/flameguard.ee\/sv\/wp-json\/wp\/v2\/product_tag?post=17805"}],"curies":[{"name":"wp","href":"https:\/\/api.w.org\/{rel}","templated":true}]}}