{"id":17868,"date":"2025-02-27T14:20:33","date_gmt":"2025-02-27T12:20:33","guid":{"rendered":"http:\/\/flameguard.ee.dedi7782.your-server.de\/?post_type=product&#038;p=17868"},"modified":"2025-02-27T14:48:29","modified_gmt":"2025-02-27T12:48:29","slug":"tulekustuti-kapp-supron-d650","status":"publish","type":"product","link":"https:\/\/flameguard.ee\/sv\/product\/brandslackare-skap-supron-d650\/","title":{"rendered":"Brandsl\u00e4ckningssk\u00e5p SUPRON D650"},"content":{"rendered":"","protected":false},"excerpt":{"rendered":"<p>En inbyggd brandsl\u00e4ckningsbox som rymmer tv\u00e5 4-6 kg pulver- eller vattenskumsl\u00e4ckare. L\u00e5dan s\u00e4kerst\u00e4ller en s\u00e4ker och estetisk placering av sl\u00e4ckarna b\u00e5de inomhus och utomhus.<\/p>\n<p><strong>Specifikationer:<\/strong><br \/>\nM\u00e5tt: 650 x 500 x 180 mm<br \/>\nF\u00e4rg: Vit som standard, men kan \u00e4ven f\u00e5s i andra f\u00e4rger p\u00e5 beg\u00e4ran<br \/>\nMaterial: metall, l\u00e4mplig f\u00f6r olika f\u00f6rh\u00e5llanden. Vid best\u00e4llning av en brandsl\u00e4ckningsl\u00e5da i en annan f\u00e4rg m\u00e5ste produktionstiden beaktas 3-4 veckor efter att best\u00e4llningen har bekr\u00e4ftats.<br \/>\nTillverkare: Supron3, Europeiska unionen<\/p>\n<p>&nbsp;<\/p>","protected":false},"featured_media":17869,"template":"","meta":[],"product_brand":[],"product_cat":[136],"product_tag":[],"class_list":{"0":"post-17868","1":"product","2":"type-product","3":"status-publish","4":"has-post-thumbnail","6":"product_cat-turvakapid","8":"first","9":"instock","10":"taxable","11":"shipping-taxable","12":"purchasable","13":"product-type-simple"},"_links":{"self":[{"href":"https:\/\/flameguard.ee\/sv\/wp-json\/wp\/v2\/product\/17868","targetHints":{"allow":["GET"]}}],"collection":[{"href":"https:\/\/flameguard.ee\/sv\/wp-json\/wp\/v2\/product"}],"about":[{"href":"https:\/\/flameguard.ee\/sv\/wp-json\/wp\/v2\/types\/product"}],"version-history":[{"count":2,"href":"https:\/\/flameguard.ee\/sv\/wp-json\/wp\/v2\/product\/17868\/revisions"}],"predecessor-version":[{"id":17892,"href":"https:\/\/flameguard.ee\/sv\/wp-json\/wp\/v2\/product\/17868\/revisions\/17892"}],"wp:featuredmedia":[{"embeddable":true,"href":"https:\/\/flameguard.ee\/sv\/wp-json\/wp\/v2\/media\/17869"}],"wp:attachment":[{"href":"https:\/\/flameguard.ee\/sv\/wp-json\/wp\/v2\/media?parent=17868"}],"wp:term":[{"taxonomy":"product_brand","embeddable":true,"href":"https:\/\/flameguard.ee\/sv\/wp-json\/wp\/v2\/product_brand?post=17868"},{"taxonomy":"product_cat","embeddable":true,"href":"https:\/\/flameguard.ee\/sv\/wp-json\/wp\/v2\/product_cat?post=17868"},{"taxonomy":"product_tag","embeddable":true,"href":"https:\/\/flameguard.ee\/sv\/wp-json\/wp\/v2\/product_tag?post=17868"}],"curies":[{"name":"wp","href":"https:\/\/api.w.org\/{rel}","templated":true}]}}