{"id":17885,"date":"2025-02-27T14:40:06","date_gmt":"2025-02-27T12:40:06","guid":{"rendered":"http:\/\/flameguard.ee.dedi7782.your-server.de\/?post_type=product&#038;p=17885"},"modified":"2025-02-28T08:33:30","modified_gmt":"2025-02-28T06:33:30","slug":"tulekustuti-kapp-supron-600v","status":"publish","type":"product","link":"https:\/\/flameguard.ee\/sv\/product\/brandslackare-skap-supren-600v\/","title":{"rendered":"Brandsl\u00e4ckningssk\u00e5p SUPRON 600V"},"content":{"rendered":"","protected":false},"excerpt":{"rendered":"<p>V\u00e4ggmonterad brandsl\u00e4ckarbox, l\u00e4mplig f\u00f6r pulver- eller vattenskumsl\u00e4ckare fr\u00e5n 4 till 6 kg. L\u00e5dan s\u00e4kerst\u00e4ller en s\u00e4ker och estetisk placering av brandsl\u00e4ckaren b\u00e5de inomhus och utomhus.<\/p>\n<p><strong>Specifikationer:<\/strong><br \/>\nM\u00e5tt: 600 x 250 x 200 mm<br \/>\nVikt: 2,2 kg<br \/>\nF\u00e4rg: Vit som standard, men kan \u00e4ven f\u00e5s i andra f\u00e4rger p\u00e5 beg\u00e4ran<br \/>\nMaterial: metall, l\u00e4mplig f\u00f6r olika f\u00f6rh\u00e5llanden. Vid best\u00e4llning av en brandsl\u00e4ckningsl\u00e5da i en annan f\u00e4rg m\u00e5ste produktionstiden beaktas 3-4 veckor efter att best\u00e4llningen har bekr\u00e4ftats.<br \/>\nTillverkare: Supron3, Europeiska unionen<\/p>\n<p>&nbsp;<\/p>","protected":false},"featured_media":17952,"template":"","meta":[],"product_brand":[],"product_cat":[136],"product_tag":[],"class_list":{"0":"post-17885","1":"product","2":"type-product","3":"status-publish","4":"has-post-thumbnail","6":"product_cat-turvakapid","8":"first","9":"instock","10":"taxable","11":"shipping-taxable","12":"purchasable","13":"product-type-simple"},"_links":{"self":[{"href":"https:\/\/flameguard.ee\/sv\/wp-json\/wp\/v2\/product\/17885","targetHints":{"allow":["GET"]}}],"collection":[{"href":"https:\/\/flameguard.ee\/sv\/wp-json\/wp\/v2\/product"}],"about":[{"href":"https:\/\/flameguard.ee\/sv\/wp-json\/wp\/v2\/types\/product"}],"version-history":[{"count":2,"href":"https:\/\/flameguard.ee\/sv\/wp-json\/wp\/v2\/product\/17885\/revisions"}],"predecessor-version":[{"id":17891,"href":"https:\/\/flameguard.ee\/sv\/wp-json\/wp\/v2\/product\/17885\/revisions\/17891"}],"wp:featuredmedia":[{"embeddable":true,"href":"https:\/\/flameguard.ee\/sv\/wp-json\/wp\/v2\/media\/17952"}],"wp:attachment":[{"href":"https:\/\/flameguard.ee\/sv\/wp-json\/wp\/v2\/media?parent=17885"}],"wp:term":[{"taxonomy":"product_brand","embeddable":true,"href":"https:\/\/flameguard.ee\/sv\/wp-json\/wp\/v2\/product_brand?post=17885"},{"taxonomy":"product_cat","embeddable":true,"href":"https:\/\/flameguard.ee\/sv\/wp-json\/wp\/v2\/product_cat?post=17885"},{"taxonomy":"product_tag","embeddable":true,"href":"https:\/\/flameguard.ee\/sv\/wp-json\/wp\/v2\/product_tag?post=17885"}],"curies":[{"name":"wp","href":"https:\/\/api.w.org\/{rel}","templated":true}]}}