{"id":17907,"date":"2025-02-27T15:00:25","date_gmt":"2025-02-27T13:00:25","guid":{"rendered":"http:\/\/flameguard.ee.dedi7782.your-server.de\/?post_type=product&#038;p=17907"},"modified":"2025-02-27T15:03:26","modified_gmt":"2025-02-27T13:03:26","slug":"tulekustuti-kapp-bawer-5-kg-co2","status":"publish","type":"product","link":"https:\/\/flameguard.ee\/sv\/product\/brandslackare-skap-bawer-5-kg-co2\/","title":{"rendered":"Brandsl\u00e4ckningssk\u00e5p BAWER 5 kg\/CO2"},"content":{"rendered":"","protected":false},"excerpt":{"rendered":"<p>Detta brandsl\u00e4ckningssk\u00e5p \u00e4r ett idealiskt val f\u00f6r att f\u00f6rvara en brandsl\u00e4ckare inomhus d\u00e4r dess n\u00e4rvaro kr\u00e4vs. Den minimalistiska och funktionella designen \u00e4r perfekt f\u00f6r alla interi\u00f6rer och ger utm\u00e4rkt valuta f\u00f6r pengarna.<\/p>\n<p><strong>Specifikationer:<\/strong><br \/>\nMaterial: Polypropen, nylon, polykarbonat<br \/>\nM\u00e5tt: 334 x 724 x 252 mm<br \/>\nVikt: 3.68 kg<br \/>\nKapacitet\/sl\u00e4ckarens diameter: \u00d8 170\u2013190 mm<br \/>\nTillverkare: Bawer S.p.A, Italien<\/p>\n<p>&nbsp;<\/p>","protected":false},"featured_media":17894,"template":"","meta":[],"product_brand":[],"product_cat":[136],"product_tag":[],"class_list":{"0":"post-17907","1":"product","2":"type-product","3":"status-publish","4":"has-post-thumbnail","6":"product_cat-turvakapid","8":"first","9":"instock","10":"taxable","11":"shipping-taxable","12":"purchasable","13":"product-type-simple"},"_links":{"self":[{"href":"https:\/\/flameguard.ee\/sv\/wp-json\/wp\/v2\/product\/17907","targetHints":{"allow":["GET"]}}],"collection":[{"href":"https:\/\/flameguard.ee\/sv\/wp-json\/wp\/v2\/product"}],"about":[{"href":"https:\/\/flameguard.ee\/sv\/wp-json\/wp\/v2\/types\/product"}],"version-history":[{"count":1,"href":"https:\/\/flameguard.ee\/sv\/wp-json\/wp\/v2\/product\/17907\/revisions"}],"predecessor-version":[{"id":17908,"href":"https:\/\/flameguard.ee\/sv\/wp-json\/wp\/v2\/product\/17907\/revisions\/17908"}],"wp:featuredmedia":[{"embeddable":true,"href":"https:\/\/flameguard.ee\/sv\/wp-json\/wp\/v2\/media\/17894"}],"wp:attachment":[{"href":"https:\/\/flameguard.ee\/sv\/wp-json\/wp\/v2\/media?parent=17907"}],"wp:term":[{"taxonomy":"product_brand","embeddable":true,"href":"https:\/\/flameguard.ee\/sv\/wp-json\/wp\/v2\/product_brand?post=17907"},{"taxonomy":"product_cat","embeddable":true,"href":"https:\/\/flameguard.ee\/sv\/wp-json\/wp\/v2\/product_cat?post=17907"},{"taxonomy":"product_tag","embeddable":true,"href":"https:\/\/flameguard.ee\/sv\/wp-json\/wp\/v2\/product_tag?post=17907"}],"curies":[{"name":"wp","href":"https:\/\/api.w.org\/{rel}","templated":true}]}}