{"id":17917,"date":"2025-02-27T15:54:51","date_gmt":"2025-02-27T13:54:51","guid":{"rendered":"http:\/\/flameguard.ee.dedi7782.your-server.de\/?post_type=product&#038;p=17917"},"modified":"2025-02-28T11:11:20","modified_gmt":"2025-02-28T09:11:20","slug":"voolikukapp-klaasiga-supron","status":"publish","type":"product","link":"https:\/\/flameguard.ee\/sv\/product\/slang-skap-glas-supron\/","title":{"rendered":"Slangsk\u00e5p med glas SUPRON"},"content":{"rendered":"","protected":false},"excerpt":{"rendered":"<p>V\u00e4ggmonterat slangsk\u00e5p utan glas, utan slang och spolr\u00f6r.<\/p>\n<p><strong>Specifikationer:<\/strong><br \/>\nM\u00e5tt: 650 x 650 x 220 mm<br \/>\nMaterial: Metall, l\u00e4mplig f\u00f6r olika f\u00f6rh\u00e5llanden<br \/>\nVid best\u00e4llning av en brandsl\u00e4ckningsl\u00e5da i en annan f\u00e4rg m\u00e5ste produktionstiden beaktas 3-4 veckor efter att best\u00e4llningen har bekr\u00e4ftats.<br \/>\nTillverkare: Supron3, Europeiska unionen<\/p>","protected":false},"featured_media":17912,"template":"","meta":[],"product_brand":[],"product_cat":[136],"product_tag":[],"class_list":{"0":"post-17917","1":"product","2":"type-product","3":"status-publish","4":"has-post-thumbnail","6":"product_cat-turvakapid","8":"first","9":"instock","10":"taxable","11":"shipping-taxable","12":"purchasable","13":"product-type-simple"},"_links":{"self":[{"href":"https:\/\/flameguard.ee\/sv\/wp-json\/wp\/v2\/product\/17917","targetHints":{"allow":["GET"]}}],"collection":[{"href":"https:\/\/flameguard.ee\/sv\/wp-json\/wp\/v2\/product"}],"about":[{"href":"https:\/\/flameguard.ee\/sv\/wp-json\/wp\/v2\/types\/product"}],"version-history":[{"count":2,"href":"https:\/\/flameguard.ee\/sv\/wp-json\/wp\/v2\/product\/17917\/revisions"}],"predecessor-version":[{"id":17963,"href":"https:\/\/flameguard.ee\/sv\/wp-json\/wp\/v2\/product\/17917\/revisions\/17963"}],"wp:featuredmedia":[{"embeddable":true,"href":"https:\/\/flameguard.ee\/sv\/wp-json\/wp\/v2\/media\/17912"}],"wp:attachment":[{"href":"https:\/\/flameguard.ee\/sv\/wp-json\/wp\/v2\/media?parent=17917"}],"wp:term":[{"taxonomy":"product_brand","embeddable":true,"href":"https:\/\/flameguard.ee\/sv\/wp-json\/wp\/v2\/product_brand?post=17917"},{"taxonomy":"product_cat","embeddable":true,"href":"https:\/\/flameguard.ee\/sv\/wp-json\/wp\/v2\/product_cat?post=17917"},{"taxonomy":"product_tag","embeddable":true,"href":"https:\/\/flameguard.ee\/sv\/wp-json\/wp\/v2\/product_tag?post=17917"}],"curies":[{"name":"wp","href":"https:\/\/api.w.org\/{rel}","templated":true}]}}