{"id":17949,"date":"2025-02-27T17:06:36","date_gmt":"2025-02-27T15:06:36","guid":{"rendered":"http:\/\/flameguard.ee.dedi7782.your-server.de\/?post_type=product&#038;p=17949"},"modified":"2025-02-27T17:08:29","modified_gmt":"2025-02-27T15:08:29","slug":"voolikukapp-klaasita-supron-4","status":"publish","type":"product","link":"https:\/\/flameguard.ee\/sv\/product\/slang-skap-lins-supron-4\/","title":{"rendered":"Slangsk\u00e5p utan glas SUPRON"},"content":{"rendered":"","protected":false},"excerpt":{"rendered":"<p>V\u00e4ggmonterat slangsk\u00e5p med glas, utan slang och str\u00e5lr\u00f6r.<\/p>\n<p><strong>Specifikationer:<\/strong><br \/>\nM\u00e5tt: 520 x 390 x 180 mm<br \/>\nF\u00e4rg: Vit som standard, men kan \u00e4ven f\u00e5s i andra f\u00e4rger p\u00e5 beg\u00e4ran<br \/>\nMaterial: Metall, l\u00e4mplig f\u00f6r olika f\u00f6rh\u00e5llanden<br \/>\nVid best\u00e4llning av en brandsl\u00e4ckningsl\u00e5da i en annan f\u00e4rg m\u00e5ste produktionstiden beaktas 3-4 veckor efter att best\u00e4llningen har bekr\u00e4ftats.<br \/>\nTillverkare: Supron3, Europeiska unionen<\/p>\n<p>&nbsp;<\/p>\n<p>&nbsp;<\/p>\n<p>&nbsp;<\/p>","protected":false},"featured_media":17937,"template":"","meta":[],"product_brand":[],"product_cat":[136],"product_tag":[],"class_list":{"0":"post-17949","1":"product","2":"type-product","3":"status-publish","4":"has-post-thumbnail","6":"product_cat-turvakapid","8":"first","9":"instock","10":"taxable","11":"shipping-taxable","12":"purchasable","13":"product-type-simple"},"_links":{"self":[{"href":"https:\/\/flameguard.ee\/sv\/wp-json\/wp\/v2\/product\/17949","targetHints":{"allow":["GET"]}}],"collection":[{"href":"https:\/\/flameguard.ee\/sv\/wp-json\/wp\/v2\/product"}],"about":[{"href":"https:\/\/flameguard.ee\/sv\/wp-json\/wp\/v2\/types\/product"}],"version-history":[{"count":1,"href":"https:\/\/flameguard.ee\/sv\/wp-json\/wp\/v2\/product\/17949\/revisions"}],"predecessor-version":[{"id":17950,"href":"https:\/\/flameguard.ee\/sv\/wp-json\/wp\/v2\/product\/17949\/revisions\/17950"}],"wp:featuredmedia":[{"embeddable":true,"href":"https:\/\/flameguard.ee\/sv\/wp-json\/wp\/v2\/media\/17937"}],"wp:attachment":[{"href":"https:\/\/flameguard.ee\/sv\/wp-json\/wp\/v2\/media?parent=17949"}],"wp:term":[{"taxonomy":"product_brand","embeddable":true,"href":"https:\/\/flameguard.ee\/sv\/wp-json\/wp\/v2\/product_brand?post=17949"},{"taxonomy":"product_cat","embeddable":true,"href":"https:\/\/flameguard.ee\/sv\/wp-json\/wp\/v2\/product_cat?post=17949"},{"taxonomy":"product_tag","embeddable":true,"href":"https:\/\/flameguard.ee\/sv\/wp-json\/wp\/v2\/product_tag?post=17949"}],"curies":[{"name":"wp","href":"https:\/\/api.w.org\/{rel}","templated":true}]}}