{"id":18025,"date":"2025-03-03T11:35:57","date_gmt":"2025-03-03T09:35:57","guid":{"rendered":"http:\/\/flameguard.ee.dedi7782.your-server.de\/?post_type=product&#038;p=18025"},"modified":"2025-03-03T11:50:57","modified_gmt":"2025-03-03T09:50:57","slug":"pustol-intu-handymax","status":"publish","type":"product","link":"https:\/\/flameguard.ee\/sv\/product\/pustol-intu-handymax\/","title":{"rendered":"Pistol INTU HANDYMAX"},"content":{"rendered":"","protected":false},"excerpt":{"rendered":"<p data-start=\"28\" data-end=\"115\"><strong data-start=\"28\" data-end=\"113\">Professionell pistol f\u00f6r patroner p\u00e5 380 ml \u2013 410 ml, perfekt f\u00f6r INTU FR FOAM 2K-r\u00f6ret<\/strong><\/p>\n<p data-start=\"117\" data-end=\"354\"><strong data-start=\"117\" data-end=\"131\">Beskrivning:<\/strong><br data-start=\"131\" data-end=\"134\" \/>En h\u00f6gkvalitativ och h\u00e5llbar pistol speciellt utformad f\u00f6r exakt och effektiv dosering av produkten.<\/p>\n<p data-start=\"117\" data-end=\"354\">L\u00e4mplig f\u00f6r patroner fr\u00e5n 380 ml till 410 ml och s\u00e4kerst\u00e4ller bekv\u00e4m och smidig drift \u00e4ven under kr\u00e4vande f\u00f6rh\u00e5llanden.<\/p>\n<p data-start=\"356\" data-end=\"910\"><strong data-start=\"356\" data-end=\"369\">Funktioner:<\/strong><\/p>\n<ul>\n<li><strong>H\u00e5llbar konstruktion<\/strong> \u2013 Tillverkad av l\u00e4tta och f\u00f6rst\u00e4rkta legeringar<\/li>\n<li><strong>Exceptionellt h\u00f6g kompressionskraft<\/strong> \u2013 5000N, tack vare speciellt h\u00e4rdad st\u00e5ng och kolv<\/li>\n<li><strong>Innovativ mekanism<\/strong> \u2013 Optimerad f\u00f6r exakt dosering och smidig drift<\/li>\n<li><strong>L\u00e4tt och bekv\u00e4m<\/strong> \u2013 35% l\u00e4ttare \u00e4n vanliga modeller, v\u00e4ger strax \u00f6ver 700 g<\/li>\n<li><strong>\u00d6verf\u00f6ring med h\u00f6g effekt (25:1)<\/strong> \u2013 minskar motst\u00e5ndet och s\u00e4kerst\u00e4ller smidig dosering<\/li>\n<\/ul>\n<p data-start=\"356\" data-end=\"910\"><strong>H\u00e5llbar och l\u00e5ngvarig<\/strong> \u2013 Specialdesignad kolv och pusher f\u00f6r minskat slitage<\/p>\n<p data-start=\"912\" data-end=\"1010\">Det perfekta verktyget f\u00f6r proffs som beh\u00f6ver en exakt och p\u00e5litlig kemisk ankarpistol!<\/p>","protected":false},"featured_media":18027,"template":"","meta":[],"product_brand":[],"product_cat":[88],"product_tag":[],"class_list":{"0":"post-18025","1":"product","2":"type-product","3":"status-publish","4":"has-post-thumbnail","6":"product_cat-tuletokketooted","8":"first","9":"instock","10":"taxable","11":"shipping-taxable","12":"purchasable","13":"product-type-simple"},"_links":{"self":[{"href":"https:\/\/flameguard.ee\/sv\/wp-json\/wp\/v2\/product\/18025","targetHints":{"allow":["GET"]}}],"collection":[{"href":"https:\/\/flameguard.ee\/sv\/wp-json\/wp\/v2\/product"}],"about":[{"href":"https:\/\/flameguard.ee\/sv\/wp-json\/wp\/v2\/types\/product"}],"version-history":[{"count":1,"href":"https:\/\/flameguard.ee\/sv\/wp-json\/wp\/v2\/product\/18025\/revisions"}],"predecessor-version":[{"id":18031,"href":"https:\/\/flameguard.ee\/sv\/wp-json\/wp\/v2\/product\/18025\/revisions\/18031"}],"wp:featuredmedia":[{"embeddable":true,"href":"https:\/\/flameguard.ee\/sv\/wp-json\/wp\/v2\/media\/18027"}],"wp:attachment":[{"href":"https:\/\/flameguard.ee\/sv\/wp-json\/wp\/v2\/media?parent=18025"}],"wp:term":[{"taxonomy":"product_brand","embeddable":true,"href":"https:\/\/flameguard.ee\/sv\/wp-json\/wp\/v2\/product_brand?post=18025"},{"taxonomy":"product_cat","embeddable":true,"href":"https:\/\/flameguard.ee\/sv\/wp-json\/wp\/v2\/product_cat?post=18025"},{"taxonomy":"product_tag","embeddable":true,"href":"https:\/\/flameguard.ee\/sv\/wp-json\/wp\/v2\/product_tag?post=18025"}],"curies":[{"name":"wp","href":"https:\/\/api.w.org\/{rel}","templated":true}]}}