{"id":18048,"date":"2025-03-03T12:00:55","date_gmt":"2025-03-03T10:00:55","guid":{"rendered":"http:\/\/flameguard.ee.dedi7782.your-server.de\/?post_type=product&#038;p=18048"},"modified":"2025-03-03T12:26:06","modified_gmt":"2025-03-03T10:26:06","slug":"hooldusvaba-tulekustuskleebis-sticker-15-1tk","status":"publish","type":"product","link":"https:\/\/flameguard.ee\/sv\/product\/underhallsfri-brandslackning-klistermarke-klistermarke-15-1st\/","title":{"rendered":"Underh\u00e5llsfri brandsl\u00e4ckningsdekal KLISTERM\u00c4RKE 15 (1st)"},"content":{"rendered":"<p>Produkten uppfyller de tekniska kraven och ger ett effektivt skydd under en m\u00e4ngd olika f\u00f6rh\u00e5llanden och situationer.<\/p>\n<p><a style=\"color: #fe312e;\" href=\"\/wp-content\/uploads\/2025\/03\/CERTIFICATE-Sticker-EN.pdf\" target=\"_blank\" rel=\"noopener\"><img decoding=\"async\" src=\"\/wp-content\/uploads\/2025\/02\/pdf-icon.webp\" \/> Intyg<\/a><\/p>\n<p><a style=\"color: #fe312e;\" href=\"\/wp-content\/uploads\/2025\/03\/Fipron-Broshure-EST.pdf\" target=\"_blank\" rel=\"noopener\"><img decoding=\"async\" src=\"\/wp-content\/uploads\/2025\/02\/pdf-icon.webp\" \/> Produktkort<\/a><\/p>\n<p><a style=\"color: #fe312e;\" href=\"\/wp-content\/uploads\/2025\/03\/Fipron-Broshure-EST2-1.pdf\" target=\"_blank\" rel=\"noopener\"><img decoding=\"async\" src=\"\/wp-content\/uploads\/2025\/02\/pdf-icon.webp\" \/> Produktkort<\/a><\/p>","protected":false},"excerpt":{"rendered":"<p><span class=\"TextRun SCXW155346174 BCX8\" lang=\"EN-US\" xml:lang=\"EN-US\" data-contrast=\"auto\"><span class=\"NormalTextRun SCXW155346174 BCX8\" data-ccp-parastyle=\"No Spacing\">FIPRON\u2122 PINNAR <\/span><\/span><span class=\"TextRun SCXW155346174 BCX8\" lang=\"EN-US\" xml:lang=\"EN-US\" data-contrast=\"auto\"><span class=\"NormalTextRun SCXW155346174 BCX8\" data-ccp-parastyle=\"No Spacing\">Vara <\/span><span class=\"NormalTextRun SpellingErrorV2Themed SCXW155346174 BCX8\" data-ccp-parastyle=\"No Spacing\">Klisterm\u00e4rke<\/span> <span class=\"NormalTextRun SpellingErrorV2Themed SCXW155346174 BCX8\" data-ccp-parastyle=\"No Spacing\">Typ<\/span> <span class=\"NormalTextRun SpellingErrorV2Themed SCXW155346174 BCX8\" data-ccp-parastyle=\"No Spacing\">Autonom<\/span> <span class=\"NormalTextRun SpellingErrorV2Themed SCXW155346174 BCX8\" data-ccp-parastyle=\"No Spacing\">Brandsl\u00e4ckningsmedel<\/span><span class=\"NormalTextRun SCXW155346174 BCX8\" data-ccp-parastyle=\"No Spacing\">, Att <\/span><span class=\"NormalTextRun SpellingErrorV2Themed SCXW155346174 BCX8\" data-ccp-parastyle=\"No Spacing\">Inneh\u00e5ller<\/span> <span class=\"NormalTextRun SpellingErrorV2Themed SCXW155346174 BCX8\" data-ccp-parastyle=\"No Spacing\">S\u00e4ker<\/span> <span class=\"NormalTextRun SpellingErrorV2Themed SCXW155346174 BCX8\" data-ccp-parastyle=\"No Spacing\">Vid<\/span> <span class=\"NormalTextRun SpellingErrorV2Themed SCXW155346174 BCX8\" data-ccp-parastyle=\"No Spacing\">Aktivera<\/span> <span class=\"NormalTextRun SpellingErrorV2Themed SCXW155346174 BCX8\" data-ccp-parastyle=\"No Spacing\">med brandsl\u00e4ckningsmedel<\/span> <span class=\"NormalTextRun SpellingErrorV2Themed SCXW155346174 BCX8\" data-ccp-parastyle=\"No Spacing\">Utrustad med<\/span> <span class=\"NormalTextRun SpellingErrorV2Themed SCXW155346174 BCX8\" data-ccp-parastyle=\"No Spacing\">Mikrokapslar<\/span><span class=\"NormalTextRun SCXW155346174 BCX8\" data-ccp-parastyle=\"No Spacing\">. Det \u00e4r<\/span> <span class=\"NormalTextRun SpellingErrorV2Themed SCXW155346174 BCX8\" data-ccp-parastyle=\"No Spacing\">En innovativ<\/span><span class=\"NormalTextRun SCXW155346174 BCX8\" data-ccp-parastyle=\"No Spacing\"> och <\/span><span class=\"NormalTextRun SpellingErrorV2Themed SCXW155346174 BCX8\" data-ccp-parastyle=\"No Spacing\">ny<\/span> <span class=\"NormalTextRun SpellingErrorV2Themed SCXW155346174 BCX8\" data-ccp-parastyle=\"No Spacing\">l\u00f6sning<\/span><span class=\"NormalTextRun SCXW155346174 BCX8\" data-ccp-parastyle=\"No Spacing\">, som \u00e4r <\/span><span class=\"NormalTextRun SpellingErrorV2Themed SCXW155346174 BCX8\" data-ccp-parastyle=\"No Spacing\">Speciellt<\/span> <span class=\"NormalTextRun SpellingErrorV2Themed SCXW155346174 BCX8\" data-ccp-parastyle=\"No Spacing\">Avsedd f\u00f6r<\/span><span class=\"NormalTextRun SCXW155346174 BCX8\" data-ccp-parastyle=\"No Spacing\"> Komma <\/span><span class=\"NormalTextRun SpellingErrorV2Themed SCXW155346174 BCX8\" data-ccp-parastyle=\"No Spacing\">Ta bort<\/span><span class=\"NormalTextRun SCXW155346174 BCX8\" data-ccp-parastyle=\"No Spacing\"> IP20 och<\/span> <span class=\"NormalTextRun SpellingErrorV2Themed SCXW155346174 BCX8\" data-ccp-parastyle=\"No Spacing\">H\u00f6gre<\/span> <span class=\"NormalTextRun SpellingErrorV2Themed SCXW155346174 BCX8\" data-ccp-parastyle=\"No Spacing\">Niv\u00e5<\/span> <span class=\"NormalTextRun SpellingErrorV2Themed SCXW155346174 BCX8\" data-ccp-parastyle=\"No Spacing\">Sockets<\/span><span class=\"NormalTextRun SCXW155346174 BCX8\" data-ccp-parastyle=\"No Spacing\">, <\/span><span class=\"NormalTextRun SpellingErrorV2Themed SCXW155346174 BCX8\" data-ccp-parastyle=\"No Spacing\">i kopplingsdosor<\/span><span class=\"NormalTextRun SCXW155346174 BCX8\" data-ccp-parastyle=\"No Spacing\"> och <\/span><span class=\"NormalTextRun SpellingErrorV2Themed SCXW155346174 BCX8\" data-ccp-parastyle=\"No Spacing\">Paneler<\/span><span class=\"NormalTextRun SCXW155346174 BCX8\" data-ccp-parastyle=\"No Spacing\">, <\/span><span class=\"NormalTextRun SpellingErrorV2Themed SCXW155346174 BCX8\" data-ccp-parastyle=\"No Spacing\">Vilken<\/span> <span class=\"NormalTextRun SpellingErrorV2Themed SCXW155346174 BCX8\" data-ccp-parastyle=\"No Spacing\">Kapacitet<\/span><span class=\"NormalTextRun SCXW155346174 BCX8\" data-ccp-parastyle=\"No Spacing\"> Vara<\/span> <span class=\"NormalTextRun SCXW155346174 BCX8\" data-ccp-parastyle=\"No Spacing\">0,03-60 <\/span><span class=\"NormalTextRun SpellingErrorV2Themed SCXW155346174 BCX8\" data-ccp-parastyle=\"No Spacing\">Liter<\/span><span class=\"NormalTextRun SCXW155346174 BCX8\" data-ccp-parastyle=\"No Spacing\">.<\/span> <span class=\"NormalTextRun SCXW155346174 BCX8\" data-ccp-parastyle=\"No Spacing\">FIPRON\u2122 PINNAR <\/span><span class=\"NormalTextRun SpellingErrorV2Themed SCXW155346174 BCX8\" data-ccp-parastyle=\"No Spacing\">Fabrik<\/span> <span class=\"NormalTextRun SpellingErrorV2Themed SCXW155346174 BCX8\" data-ccp-parastyle=\"No Spacing\">N\u00e4r<\/span> <span class=\"NormalTextRun SpellingErrorV2Themed SCXW155346174 BCX8\" data-ccp-parastyle=\"No Spacing\">Intelligent<\/span><span class=\"NormalTextRun SCXW155346174 BCX8\" data-ccp-parastyle=\"No Spacing\"> och <\/span><span class=\"NormalTextRun SpellingErrorV2Themed SCXW155346174 BCX8\" data-ccp-parastyle=\"No Spacing\">Autonom<\/span> <span class=\"NormalTextRun SpellingErrorV2Themed SCXW155346174 BCX8\" data-ccp-parastyle=\"No Spacing\">Brandsl\u00e4ckningsmedel<\/span><span class=\"NormalTextRun SCXW155346174 BCX8\" data-ccp-parastyle=\"No Spacing\">, Att <\/span><span class=\"NormalTextRun SpellingErrorV2Themed SCXW155346174 BCX8\" data-ccp-parastyle=\"No Spacing\">Aktiverar<\/span><span class=\"NormalTextRun SCXW155346174 BCX8\" data-ccp-parastyle=\"No Spacing\"> 120 C <\/span><span class=\"NormalTextRun SpellingErrorV2Themed SCXW155346174 BCX8\" data-ccp-parastyle=\"No Spacing\">Temperatur<\/span> <span class=\"NormalTextRun SpellingErrorV2Themed SCXW155346174 BCX8\" data-ccp-parastyle=\"No Spacing\">vid<\/span><span class=\"NormalTextRun SCXW155346174 BCX8\" data-ccp-parastyle=\"No Spacing\">,<\/span> <span class=\"NormalTextRun SpellingErrorV2Themed SCXW155346174 BCX8\" data-ccp-parastyle=\"No Spacing\">L\u00e5sa upp<\/span> <span class=\"NormalTextRun SpellingErrorV2Themed SCXW155346174 BCX8\" data-ccp-parastyle=\"No Spacing\">Test av kapslar<\/span> <span class=\"NormalTextRun SpellingErrorV2Themed SCXW155346174 BCX8\" data-ccp-parastyle=\"No Spacing\">Sl\u00e4ckmedel<\/span><span class=\"NormalTextRun SCXW155346174 BCX8\" data-ccp-parastyle=\"No Spacing\">, <\/span><span class=\"NormalTextRun SpellingErrorV2Themed SCXW155346174 BCX8\" data-ccp-parastyle=\"No Spacing\">Vilken<\/span> <span class=\"NormalTextRun SpellingErrorV2Themed SCXW155346174 BCX8\" data-ccp-parastyle=\"No Spacing\">Som ett resultat av detta<\/span> <span class=\"NormalTextRun SpellingErrorV2Themed SCXW155346174 BCX8\" data-ccp-parastyle=\"No Spacing\">Eld<\/span> <span class=\"NormalTextRun SpellingErrorV2Themed SCXW155346174 BCX8\" data-ccp-parastyle=\"No Spacing\">St\u00e4nger<\/span><span class=\"NormalTextRun SCXW155346174 BCX8\" data-ccp-parastyle=\"No Spacing\">.<\/span><span class=\"NormalTextRun SCXW155346174 BCX8\" data-ccp-parastyle=\"No Spacing\"> Produkter<\/span><span class=\"NormalTextRun SCXW155346174 BCX8\" data-ccp-parastyle=\"No Spacing\"> Vara <\/span><span class=\"NormalTextRun SpellingErrorV2Themed SCXW155346174 BCX8\" data-ccp-parastyle=\"No Spacing\">OKEJ<\/span> <span class=\"NormalTextRun SpellingErrorV2Themed SCXW155346174 BCX8\" data-ccp-parastyle=\"No Spacing\">B\u00f6jlig<\/span><span class=\"NormalTextRun SCXW155346174 BCX8\" data-ccp-parastyle=\"No Spacing\"> och <\/span><span class=\"NormalTextRun SpellingErrorV2Themed SCXW155346174 BCX8\" data-ccp-parastyle=\"No Spacing\">l\u00e4tt<\/span> <span class=\"NormalTextRun SpellingErrorV2Themed SCXW155346174 BCX8\" data-ccp-parastyle=\"No Spacing\">Monterbar<\/span> <span class=\"NormalTextRun SpellingErrorV2Themed SCXW155346174 BCX8\" data-ccp-parastyle=\"No Spacing\">Begr\u00e4nsad<\/span> <span class=\"NormalTextRun SpellingErrorV2Themed SCXW155346174 BCX8\" data-ccp-parastyle=\"No Spacing\">Storlek<\/span> <span class=\"NormalTextRun SpellingErrorV2Themed SCXW155346174 BCX8\" data-ccp-parastyle=\"No Spacing\">Platser<\/span><span class=\"NormalTextRun SCXW155346174 BCX8\" data-ccp-parastyle=\"No Spacing\">. <\/span><span class=\"NormalTextRun SpellingErrorV2Themed SCXW155346174 BCX8\" data-ccp-parastyle=\"No Spacing\">Klisterm\u00e4rken<\/span><span class=\"NormalTextRun SCXW155346174 BCX8\" data-ccp-parastyle=\"No Spacing\"> Vara<\/span> <span class=\"NormalTextRun SpellingErrorV2Themed SCXW155346174 BCX8\" data-ccp-parastyle=\"No Spacing\">Ljus<\/span><span class=\"NormalTextRun SCXW155346174 BCX8\" data-ccp-parastyle=\"No Spacing\"> och <\/span><span class=\"NormalTextRun SpellingErrorV2Themed SCXW155346174 BCX8\" data-ccp-parastyle=\"No Spacing\">Dem<\/span> <span class=\"NormalTextRun SpellingErrorV2Themed SCXW155346174 BCX8\" data-ccp-parastyle=\"No Spacing\">Maj<\/span> <span class=\"NormalTextRun SpellingErrorV2Themed SCXW155346174 BCX8\" data-ccp-parastyle=\"No Spacing\">Anv\u00e4nda<\/span> <span class=\"NormalTextRun SpellingErrorV2Themed SCXW155346174 BCX8\" data-ccp-parastyle=\"No Spacing\">Vid<\/span><span class=\"NormalTextRun SCXW155346174 BCX8\" data-ccp-parastyle=\"No Spacing\"> \u2013 50 C <\/span><span class=\"NormalTextRun SpellingErrorV2Themed SCXW155346174 BCX8\" data-ccp-parastyle=\"No Spacing\">tills<\/span><span class=\"NormalTextRun SCXW155346174 BCX8\" data-ccp-parastyle=\"No Spacing\"> +80 <\/span><span class=\"NormalTextRun SCXW155346174 BCX8\" data-ccp-parastyle=\"No Spacing\">C <\/span><span class=\"NormalTextRun SpellingErrorV2Themed SCXW155346174 BCX8\" data-ccp-parastyle=\"No Spacing\">och<\/span> dessa <span class=\"NormalTextRun SpellingErrorV2Themed SCXW155346174 BCX8\" data-ccp-parastyle=\"No Spacing\">inte<\/span> <span class=\"NormalTextRun SpellingErrorV2Themed SCXW155346174 BCX8\" data-ccp-parastyle=\"No Spacing\">Inneh\u00e5lla<\/span> <span class=\"NormalTextRun SpellingErrorV2Themed SCXW155346174 BCX8\" data-ccp-parastyle=\"No Spacing\">ozonlager<\/span> <span class=\"NormalTextRun SpellingErrorV2Themed SCXW155346174 BCX8\" data-ccp-parastyle=\"No Spacing\">anstr\u00e4ngande<\/span> <span class=\"NormalTextRun SpellingErrorV2Themed SCXW155346174 BCX8\" data-ccp-parastyle=\"No Spacing\">\u00c4mnen<\/span><span class=\"NormalTextRun SCXW155346174 BCX8\" data-ccp-parastyle=\"No Spacing\">.<\/span> <span class=\"NormalTextRun SpellingErrorV2Themed SCXW155346174 BCX8\" data-ccp-parastyle=\"No Spacing\">Garantiperiod<\/span> <span class=\"NormalTextRun SpellingErrorV2Themed SCXW155346174 BCX8\" data-ccp-parastyle=\"No Spacing\">p\u00e5<\/span> <span class=\"NormalTextRun SpellingErrorV2Themed SCXW155346174 BCX8\" data-ccp-parastyle=\"No Spacing\">installation<\/span> <span class=\"NormalTextRun SCXW155346174 BCX8\" data-ccp-parastyle=\"No Spacing\">\u00e4r 5 <\/span><span class=\"NormalTextRun SpellingErrorV2Themed SCXW155346174 BCX8\" data-ccp-parastyle=\"No Spacing\">\u00c5r<\/span><\/span><span class=\"EOP SCXW155346174 BCX8\" data-ccp-props=\"{&quot;201341983&quot;:0,&quot;335559739&quot;:0,&quot;335559740&quot;:240}\">.<\/span><\/p>\n<p><strong>Specifikationer:<\/strong><br \/>\nSTICKER 15 45\u00d785 mm klisterm\u00e4rke \u00e4r utformad f\u00f6r att sl\u00e4cka br\u00e4nder i installationer med en volym p\u00e5 upp till 0,4 till 15 liter.<br \/>\nF\u00f6rpackningen inneh\u00e5ller 1 klisterm\u00e4rke.<br \/>\nAktiveringstemperatur: 120 C<br \/>\nLuftfuktighet i arbetsmilj\u00f6n upp till 90%<br \/>\nArbetstemperatur: -50 C till +80 C<br \/>\nBeskrivning av sl\u00e4ckmedel: 3M\u2122 Novec\u2122 1230 BRANDSL\u00c4CKNINGSV\u00c4TSKA (fk-5-1-12; CF3CF2C(0)CF(CF3)2;\u00a01,1,1,2,24,5,5,5-nonafluoro-4-(trifluormetyl)-3-pentanon)<\/p>\n<p>&nbsp;<\/p>","protected":false},"featured_media":18051,"template":"","meta":[],"product_brand":[],"product_cat":[125,83],"product_tag":[],"class_list":{"0":"post-18048","1":"product","2":"type-product","3":"status-publish","4":"has-post-thumbnail","6":"product_cat-innovatsioon","7":"product_cat-tulekustutid","9":"first","10":"instock","11":"taxable","12":"shipping-taxable","13":"purchasable","14":"product-type-simple"},"_links":{"self":[{"href":"https:\/\/flameguard.ee\/sv\/wp-json\/wp\/v2\/product\/18048","targetHints":{"allow":["GET"]}}],"collection":[{"href":"https:\/\/flameguard.ee\/sv\/wp-json\/wp\/v2\/product"}],"about":[{"href":"https:\/\/flameguard.ee\/sv\/wp-json\/wp\/v2\/types\/product"}],"version-history":[{"count":4,"href":"https:\/\/flameguard.ee\/sv\/wp-json\/wp\/v2\/product\/18048\/revisions"}],"predecessor-version":[{"id":18062,"href":"https:\/\/flameguard.ee\/sv\/wp-json\/wp\/v2\/product\/18048\/revisions\/18062"}],"wp:featuredmedia":[{"embeddable":true,"href":"https:\/\/flameguard.ee\/sv\/wp-json\/wp\/v2\/media\/18051"}],"wp:attachment":[{"href":"https:\/\/flameguard.ee\/sv\/wp-json\/wp\/v2\/media?parent=18048"}],"wp:term":[{"taxonomy":"product_brand","embeddable":true,"href":"https:\/\/flameguard.ee\/sv\/wp-json\/wp\/v2\/product_brand?post=18048"},{"taxonomy":"product_cat","embeddable":true,"href":"https:\/\/flameguard.ee\/sv\/wp-json\/wp\/v2\/product_cat?post=18048"},{"taxonomy":"product_tag","embeddable":true,"href":"https:\/\/flameguard.ee\/sv\/wp-json\/wp\/v2\/product_tag?post=18048"}],"curies":[{"name":"wp","href":"https:\/\/api.w.org\/{rel}","templated":true}]}}