{"id":18066,"date":"2025-03-03T15:10:55","date_gmt":"2025-03-03T13:10:55","guid":{"rendered":"http:\/\/flameguard.ee.dedi7782.your-server.de\/?post_type=product&#038;p=18066"},"modified":"2026-04-08T15:51:38","modified_gmt":"2026-04-08T12:51:38","slug":"18066","status":"publish","type":"product","link":"https:\/\/flameguard.ee\/sv\/product\/18066\/","title":{"rendered":"Gipsbaserat brandh\u00e4mmande bruk"},"content":{"rendered":"<p>Produkten uppfyller de tekniska kraven och ger ett effektivt skydd under en m\u00e4ngd olika f\u00f6rh\u00e5llanden och situationer.<\/p>\n<p><a style=\"color: #fe312e;\" href=\"\/wp-content\/uploads\/2025\/03\/ETA-24_1229-of-16_12_2024-MORTAR_EN.pdf\" target=\"_blank\" rel=\"noopener\"><img decoding=\"async\" src=\"\/wp-content\/uploads\/2025\/02\/pdf-icon.webp\" \/> Produktkort<\/a><\/p>\n<p><a style=\"color: #fe312e;\" href=\"\/wp-content\/uploads\/2025\/03\/INTU_FR_MORTAR_TDS_EN_KO_2.0.pdf\" target=\"_blank\" rel=\"noopener\"><img decoding=\"async\" src=\"\/wp-content\/uploads\/2025\/02\/pdf-icon.webp\" \/> Produktkort<\/a><\/p>","protected":false},"excerpt":{"rendered":"<p>INTU FR MURBRUK \u00e4r ett gipsbaserat brandh\u00e4mmande bruk (20 kg). Syftet med att anv\u00e4nda en brandskyddsmassa \u00e4r att \u00e5terst\u00e4lla brandmotst\u00e5ndet hos styva v\u00e4ggar och bj\u00e4lklag d\u00e4r de har penetrerats av olika typer av kommunikation \u2013 olika typer av kablar och metallr\u00f6r.<br \/>\nINTU FR MURBRUK levereras som ett torrt material och blandas med vatten enligt \u00f6nskat f\u00f6rh\u00e5llande f\u00f6re installation. N\u00e4r den blandas \u00e4r den sj\u00e4lvb\u00e4rande i v\u00e4ggorientering, men vid golvinstallation beh\u00f6ver den st\u00f6d \u2013 en mineralullsskiva.<br \/>\nMurbruk fyller effektivt \u00f6ppningar i service\u00f6ppningar, vilket s\u00e4kerst\u00e4ller att skiljev\u00e4ggen beh\u00e5ller sin integritet och isolering ner till EI240.<\/p>","protected":false},"featured_media":18067,"template":"","meta":[],"product_brand":[],"product_cat":[88],"product_tag":[],"class_list":{"0":"post-18066","1":"product","2":"type-product","3":"status-publish","4":"has-post-thumbnail","6":"product_cat-tuletokketooted","8":"first","9":"instock","10":"taxable","11":"shipping-taxable","12":"purchasable","13":"product-type-simple"},"_links":{"self":[{"href":"https:\/\/flameguard.ee\/sv\/wp-json\/wp\/v2\/product\/18066","targetHints":{"allow":["GET"]}}],"collection":[{"href":"https:\/\/flameguard.ee\/sv\/wp-json\/wp\/v2\/product"}],"about":[{"href":"https:\/\/flameguard.ee\/sv\/wp-json\/wp\/v2\/types\/product"}],"version-history":[{"count":5,"href":"https:\/\/flameguard.ee\/sv\/wp-json\/wp\/v2\/product\/18066\/revisions"}],"predecessor-version":[{"id":18204,"href":"https:\/\/flameguard.ee\/sv\/wp-json\/wp\/v2\/product\/18066\/revisions\/18204"}],"wp:featuredmedia":[{"embeddable":true,"href":"https:\/\/flameguard.ee\/sv\/wp-json\/wp\/v2\/media\/18067"}],"wp:attachment":[{"href":"https:\/\/flameguard.ee\/sv\/wp-json\/wp\/v2\/media?parent=18066"}],"wp:term":[{"taxonomy":"product_brand","embeddable":true,"href":"https:\/\/flameguard.ee\/sv\/wp-json\/wp\/v2\/product_brand?post=18066"},{"taxonomy":"product_cat","embeddable":true,"href":"https:\/\/flameguard.ee\/sv\/wp-json\/wp\/v2\/product_cat?post=18066"},{"taxonomy":"product_tag","embeddable":true,"href":"https:\/\/flameguard.ee\/sv\/wp-json\/wp\/v2\/product_tag?post=18066"}],"curies":[{"name":"wp","href":"https:\/\/api.w.org\/{rel}","templated":true}]}}