{"id":18079,"date":"2025-03-03T15:42:18","date_gmt":"2025-03-03T13:42:18","guid":{"rendered":"http:\/\/flameguard.ee.dedi7782.your-server.de\/?post_type=product&#038;p=18079"},"modified":"2025-03-11T09:55:08","modified_gmt":"2025-03-11T07:55:08","slug":"alfa-fireguard-3-matt","status":"publish","type":"product","link":"https:\/\/flameguard.ee\/sv\/product\/alfa-brandvakt-3-matt\/","title":{"rendered":"ALFA FIREGUARD 3 matt"},"content":{"rendered":"<p>Produkten uppfyller de tekniska kraven och ger ett effektivt skydd under en m\u00e4ngd olika f\u00f6rh\u00e5llanden och situationer.<\/p>\n<p><a style=\"color: #fe312e;\" href=\"\/wp-content\/uploads\/2025\/03\/ALFA_FIREGUARD_3_TDS_EN_KO_2.0.pdf\" target=\"_blank\" rel=\"noopener\"><img decoding=\"async\" src=\"\/wp-content\/uploads\/2025\/02\/pdf-icon.webp\" \/> Produktkort<\/a><\/p>\n<p><a style=\"color: #fe312e;\" href=\"\/wp-content\/uploads\/2025\/03\/ETA-25-0029-of-16.01.2025-ALFA-FIREGUARD-3_EN.pdf\" target=\"_blank\" rel=\"noopener\"><img decoding=\"async\" src=\"\/wp-content\/uploads\/2025\/02\/pdf-icon.webp\" \/> Produktkort<\/a><\/p>","protected":false},"excerpt":{"rendered":"<p>ALFA FIREGUARD 3 \u00e4r en flexibel matta avsedd f\u00f6r brandskydd av ventilationskanaler av metall (enligt EN 1366-1) i h\u00e4ndelse av yttre brand.<br \/>\nProdukten best\u00e5r av en kudde av stenull som \u00e4r f\u00e4st vid ett metalln\u00e4t. Utsidan \u00e4r t\u00e4ckt med tr\u00e5darmerad aluminiumfolie, medan insidan \u00e4r t\u00e4ckt med glasullstyg behandlat med ett ablativ medel.<br \/>\nMed en tjocklek p\u00e5 endast 30 mm \u00e4r denna kudde l\u00e4tt att installera \u00e4ven p\u00e5 b\u00f6jda profiler och belastar inte st\u00f6dst\u00e4nger som \u00e4r certifierade utan extra skydd.<\/p>","protected":false},"featured_media":18080,"template":"","meta":[],"product_brand":[],"product_cat":[88],"product_tag":[],"class_list":{"0":"post-18079","1":"product","2":"type-product","3":"status-publish","4":"has-post-thumbnail","6":"product_cat-tuletokketooted","8":"first","9":"instock","10":"taxable","11":"shipping-taxable","12":"purchasable","13":"product-type-simple"},"_links":{"self":[{"href":"https:\/\/flameguard.ee\/sv\/wp-json\/wp\/v2\/product\/18079","targetHints":{"allow":["GET"]}}],"collection":[{"href":"https:\/\/flameguard.ee\/sv\/wp-json\/wp\/v2\/product"}],"about":[{"href":"https:\/\/flameguard.ee\/sv\/wp-json\/wp\/v2\/types\/product"}],"version-history":[{"count":2,"href":"https:\/\/flameguard.ee\/sv\/wp-json\/wp\/v2\/product\/18079\/revisions"}],"predecessor-version":[{"id":18095,"href":"https:\/\/flameguard.ee\/sv\/wp-json\/wp\/v2\/product\/18079\/revisions\/18095"}],"wp:featuredmedia":[{"embeddable":true,"href":"https:\/\/flameguard.ee\/sv\/wp-json\/wp\/v2\/media\/18080"}],"wp:attachment":[{"href":"https:\/\/flameguard.ee\/sv\/wp-json\/wp\/v2\/media?parent=18079"}],"wp:term":[{"taxonomy":"product_brand","embeddable":true,"href":"https:\/\/flameguard.ee\/sv\/wp-json\/wp\/v2\/product_brand?post=18079"},{"taxonomy":"product_cat","embeddable":true,"href":"https:\/\/flameguard.ee\/sv\/wp-json\/wp\/v2\/product_cat?post=18079"},{"taxonomy":"product_tag","embeddable":true,"href":"https:\/\/flameguard.ee\/sv\/wp-json\/wp\/v2\/product_tag?post=18079"}],"curies":[{"name":"wp","href":"https:\/\/api.w.org\/{rel}","templated":true}]}}