{"id":18134,"date":"2025-03-05T20:04:07","date_gmt":"2025-03-05T18:04:07","guid":{"rendered":"http:\/\/flameguard.ee.dedi7782.your-server.de\/?post_type=product&#038;p=18134"},"modified":"2025-03-07T18:33:17","modified_gmt":"2025-03-07T16:33:17","slug":"tulekahju-korral-tegutsemise-plaani-koostamine","status":"publish","type":"product","link":"https:\/\/flameguard.ee\/sv\/product\/sammanstallning-en-handlingsplan-i-handelse-av-brand\/","title":{"rendered":"Utarbetande av en handlingsplan i h\u00e4ndelse av brand"},"content":{"rendered":"<p><b><span data-contrast=\"auto\">Varf\u00f6r best\u00e4lla en brandhandlingsplan fr\u00e5n en brands\u00e4kerhetsspecialist eller expert?<\/span><\/b><span data-ccp-props=\"{}\">\u00a0<\/span><\/p>\n<p><span data-contrast=\"auto\">Flameguards specialister har djupg\u00e5ende kunskaper och erfarenhet inom brands\u00e4kerhetsomr\u00e5det. Lagstiftning och god praxis f\u00f6r\u00e4ndras st\u00e4ndigt, och utan erfarenhet \u00e4r planernas text inte v\u00e4rd n\u00e5gonting om den inte genomf\u00f6rs p\u00e5 r\u00e4tt s\u00e4tt eller om riskerna inte bed\u00f6ms p\u00e5 r\u00e4tt s\u00e4tt. Vi tar h\u00e4nsyn till varje f\u00f6retags s\u00e4rdrag och milj\u00f6n, vilket kan p\u00e5verka vad man ska g\u00f6ra i h\u00e4ndelse av brand.<\/span><span data-ccp-props=\"{}\">\u00a0<\/span><\/p>\n<p><span data-contrast=\"auto\">Vi har ocks\u00e5 erfarenhet av att uppr\u00e4tta handlingsplaner i h\u00e4ndelse av brand i byggnader i fr\u00e4mmande l\u00e4nder och av att \u00f6vervaka anst\u00e4llda. Vi hj\u00e4lper till att hitta l\u00f6sningar och f\u00f6rebygga problematiska situationer inom filmbranschen, konserter, vandringar, turistresor, fartyg\/yachter.\u00a0<\/span><span data-ccp-props=\"{}\">\u00a0<\/span><\/p>","protected":false},"excerpt":{"rendered":"<p><span data-contrast=\"auto\">Handlingsplan i h\u00e4ndelse av brand,<\/span><span data-contrast=\"auto\">Den garanterar m\u00e4nniskors s\u00e4kerhet och f\u00f6rhindrar skador p\u00e5 egendom och beskriver hur man genomf\u00f6r en s\u00e4ker evakuering. En extra k\u00e4nsla av s\u00e4kerhet ges genom att veta var brands\u00e4kerhetsinstallationer finns och hur de fungerar.<\/span><span data-ccp-props=\"{}\">\u00a0<\/span><\/p>\n<p><span data-contrast=\"auto\">Syftet med brandhandlingsplanen \u00e4r att s\u00e4kerst\u00e4lla m\u00e4nniskors s\u00e4kerhet och f\u00f6rhindra materiella skador i h\u00e4ndelse av brand, och den beskriver hur de ansvariga personerna kan genomf\u00f6ra en s\u00e4ker utrymning. Planen ska uppr\u00e4ttas av ett f\u00f6retag eller en institution som \u00e4r skyldig att l\u00e4mna in en egenkontroll, en brandskyddsrapport och en brandskyddsinspektion. Byggnadens innehavare ansvarar f\u00f6r att planen utarbetas.<\/span><span data-ccp-props=\"{}\">\u00a0<\/span><\/p>\n<p><span data-contrast=\"auto\">Planen best\u00e5r av en handlingsplan och scheman f\u00f6r utrymning och \u00e5tg\u00e4rder i h\u00e4ndelse av brand och ligger till grund f\u00f6r den teoretiska delen av brand\u00f6vningen.<\/span><span data-ccp-props=\"{}\">\u00a0<\/span><\/p>\n<p><span data-contrast=\"auto\">Om du har n\u00e5gra fr\u00e5gor eller problem kommer v\u00e5ra brands\u00e4kerhetsspecialister och experter att ge dig r\u00e5d.<\/span><span data-ccp-props=\"{}\">\u00a0<\/span><\/p>\n<p><span data-contrast=\"auto\">I priset f\u00f6r tj\u00e4nsten ing\u00e5r 1 timmes konsultation och de fortsatta aktiviteterna kartl\u00e4ggs och priss\u00e4tts enligt den faktiska arbetsm\u00e4ngden.<\/span><span data-ccp-props=\"{}\">\u00a0<\/span><\/p>\n<p>&nbsp;<\/p>","protected":false},"featured_media":18455,"template":"","meta":[],"product_brand":[],"product_cat":[118],"product_tag":[],"class_list":{"0":"post-18134","1":"product","2":"type-product","3":"status-publish","4":"has-post-thumbnail","6":"product_cat-tuleohutus","8":"first","9":"instock","10":"taxable","11":"shipping-taxable","12":"purchasable","13":"product-type-simple"},"_links":{"self":[{"href":"https:\/\/flameguard.ee\/sv\/wp-json\/wp\/v2\/product\/18134","targetHints":{"allow":["GET"]}}],"collection":[{"href":"https:\/\/flameguard.ee\/sv\/wp-json\/wp\/v2\/product"}],"about":[{"href":"https:\/\/flameguard.ee\/sv\/wp-json\/wp\/v2\/types\/product"}],"version-history":[{"count":1,"href":"https:\/\/flameguard.ee\/sv\/wp-json\/wp\/v2\/product\/18134\/revisions"}],"predecessor-version":[{"id":18139,"href":"https:\/\/flameguard.ee\/sv\/wp-json\/wp\/v2\/product\/18134\/revisions\/18139"}],"wp:featuredmedia":[{"embeddable":true,"href":"https:\/\/flameguard.ee\/sv\/wp-json\/wp\/v2\/media\/18455"}],"wp:attachment":[{"href":"https:\/\/flameguard.ee\/sv\/wp-json\/wp\/v2\/media?parent=18134"}],"wp:term":[{"taxonomy":"product_brand","embeddable":true,"href":"https:\/\/flameguard.ee\/sv\/wp-json\/wp\/v2\/product_brand?post=18134"},{"taxonomy":"product_cat","embeddable":true,"href":"https:\/\/flameguard.ee\/sv\/wp-json\/wp\/v2\/product_cat?post=18134"},{"taxonomy":"product_tag","embeddable":true,"href":"https:\/\/flameguard.ee\/sv\/wp-json\/wp\/v2\/product_tag?post=18134"}],"curies":[{"name":"wp","href":"https:\/\/api.w.org\/{rel}","templated":true}]}}