{"id":18140,"date":"2025-03-05T20:14:43","date_gmt":"2025-03-05T18:14:43","guid":{"rendered":"http:\/\/flameguard.ee.dedi7782.your-server.de\/?post_type=product&#038;p=18140"},"modified":"2025-03-07T18:34:12","modified_gmt":"2025-03-07T16:34:12","slug":"hadaolukorra-lahendamise-plaani-kooskolastamine","status":"publish","type":"product","link":"https:\/\/flameguard.ee\/sv\/product\/samordning-av-en-plan-for-losning-av-nodsituationer\/","title":{"rendered":"Godk\u00e4nnande av beredskapsplanen"},"content":{"rendered":"<p><span data-contrast=\"auto\">Instruktioner f\u00f6r att skapa en r\u00e4ddningsplan:<\/span><span data-ccp-props=\"{}\">\u00a0<\/span><\/p>\n<ul>\n<li data-leveltext=\"\uf0b7\" data-font=\"Symbol\" data-listid=\"1\" data-list-defn-props=\"{&quot;335552541&quot;:1,&quot;335559685&quot;:720,&quot;335559991&quot;:360,&quot;469769226&quot;:&quot;Symbol&quot;,&quot;469769242&quot;:[8226],&quot;469777803&quot;:&quot;left&quot;,&quot;469777804&quot;:&quot;\uf0b7&quot;,&quot;469777815&quot;:&quot;multilevel&quot;}\" aria-setsize=\"-1\" data-aria-posinset=\"1\" data-aria-level=\"1\"><a href=\"https:\/\/www.rescue.ee\/files\/Materjalid\/24-12-27-holp-vorm-selgitustega.docx?b608a954d0\" target=\"_blank\" rel=\"noopener\"><span data-contrast=\"none\">Guide<\/span><\/a><span data-contrast=\"auto\">- Rekommenderad form av f\u00f6retagets beredskapsplan med f\u00f6rklaringar.<\/span><span data-ccp-props=\"{}\">\u00a0<\/span><\/li>\n<\/ul>\n<ul>\n<li data-leveltext=\"\uf0b7\" data-font=\"Symbol\" data-listid=\"1\" data-list-defn-props=\"{&quot;335552541&quot;:1,&quot;335559685&quot;:720,&quot;335559991&quot;:360,&quot;469769226&quot;:&quot;Symbol&quot;,&quot;469769242&quot;:[8226],&quot;469777803&quot;:&quot;left&quot;,&quot;469777804&quot;:&quot;\uf0b7&quot;,&quot;469777815&quot;:&quot;multilevel&quot;}\" aria-setsize=\"-1\" data-aria-posinset=\"2\" data-aria-level=\"1\"><a href=\"https:\/\/www.rescue.ee\/files\/Juhendid\/varajase-hoiatuse-suesteemi-teavitusjuhised-ohtlikele-ja-suuronnetuse-ohuga-ettevotetele-dets-2023.pdf?6866faa5f1\" target=\"_blank\" rel=\"noopener\"><span data-contrast=\"none\">Guide<\/span><\/a><span data-contrast=\"auto\">- Anvisningar f\u00f6r anm\u00e4lan av varningssystem f\u00f6r farliga f\u00f6retag och f\u00f6retag som riskerar att r\u00e5ka ut f\u00f6r allvarliga olyckor.<\/span><span data-ccp-props=\"{}\">\u00a0<\/span><\/li>\n<\/ul>\n<ul>\n<li data-leveltext=\"\uf0b7\" data-font=\"Symbol\" data-listid=\"1\" data-list-defn-props=\"{&quot;335552541&quot;:1,&quot;335559685&quot;:720,&quot;335559991&quot;:360,&quot;469769226&quot;:&quot;Symbol&quot;,&quot;469769242&quot;:[8226],&quot;469777803&quot;:&quot;left&quot;,&quot;469777804&quot;:&quot;\uf0b7&quot;,&quot;469777815&quot;:&quot;multilevel&quot;}\" aria-setsize=\"-1\" data-aria-posinset=\"3\" data-aria-level=\"1\"><a href=\"https:\/\/www.rescue.ee\/files\/Materjalid\/2024-01-10jvis-haedaolukorra-lahendamise-plaani-lisamine.pdf?b94a49d4c4\" target=\"_blank\" rel=\"noopener\"><span data-contrast=\"none\">Guide<\/span><\/a><span data-contrast=\"auto\">- Inl\u00e4mning av dokument via JVIS.<\/span><span data-ccp-props=\"{}\">\u00a0<\/span><\/li>\n<\/ul>","protected":false},"excerpt":{"rendered":"<p><span data-contrast=\"auto\">Enligt kemikalielagen \u00e4r en beredskapsplan ett obligatoriskt dokument f\u00f6r ett farligt f\u00f6retag med risk f\u00f6r en allvarlig olycka.<\/span><span data-ccp-props=\"{}\">\u00a0<\/span><\/p>\n<p><span data-contrast=\"auto\">Kraven p\u00e5 bolagets krisplan framg\u00e5r av<\/span><a href=\"https:\/\/www.riigiteataja.ee\/akt\/119022019018#para5\"><span data-contrast=\"none\">01.03<\/span><\/a><a href=\"https:\/\/www.riigiteataja.ee\/akt\/119022019018#para5\"><span data-contrast=\"none\">F\u00f6rordning nr 18 av den 02.02.2016 \"Krav p\u00e5 obligatoriska dokument fr\u00e5n ett f\u00f6retag med risk f\u00f6r en farlig eller allvarlig olycka och f\u00f6r f\u00f6rberedelse av dessa, samt f\u00f6r information och anm\u00e4lan av olyckor som ska kommuniceras till allm\u00e4nheten<\/span><span data-contrast=\"none\">1<\/span><span data-contrast=\"none\">\" \u00a7 5.<\/span><\/a><span data-ccp-props=\"{}\">\u00a0<\/span><\/p>\n<p><span data-contrast=\"auto\">Bolagets r\u00e4ddningsplan samordnas av r\u00e4ddningsstyrelsen.<\/span><span data-ccp-props=\"{}\">\u00a0<\/span><\/p>\n<p><span data-contrast=\"auto\">Om du har n\u00e5gra fr\u00e5gor eller problem kommer v\u00e5ra brands\u00e4kerhetsspecialister och experter att ge dig r\u00e5d.<\/span><span data-ccp-props=\"{}\">\u00a0<\/span><\/p>\n<p><span data-contrast=\"auto\">I priset f\u00f6r tj\u00e4nsten ing\u00e5r 1 timmes konsultation och de fortsatta aktiviteterna kartl\u00e4ggs och priss\u00e4tts enligt den faktiska arbetsm\u00e4ngden.<\/span><span data-ccp-props=\"{}\">\u00a0<\/span><\/p>\n<p>&nbsp;<\/p>","protected":false},"featured_media":18457,"template":"","meta":[],"product_brand":[],"product_cat":[118],"product_tag":[],"class_list":{"0":"post-18140","1":"product","2":"type-product","3":"status-publish","4":"has-post-thumbnail","6":"product_cat-tuleohutus","8":"first","9":"instock","10":"taxable","11":"shipping-taxable","12":"purchasable","13":"product-type-simple"},"_links":{"self":[{"href":"https:\/\/flameguard.ee\/sv\/wp-json\/wp\/v2\/product\/18140","targetHints":{"allow":["GET"]}}],"collection":[{"href":"https:\/\/flameguard.ee\/sv\/wp-json\/wp\/v2\/product"}],"about":[{"href":"https:\/\/flameguard.ee\/sv\/wp-json\/wp\/v2\/types\/product"}],"version-history":[{"count":1,"href":"https:\/\/flameguard.ee\/sv\/wp-json\/wp\/v2\/product\/18140\/revisions"}],"predecessor-version":[{"id":18143,"href":"https:\/\/flameguard.ee\/sv\/wp-json\/wp\/v2\/product\/18140\/revisions\/18143"}],"wp:featuredmedia":[{"embeddable":true,"href":"https:\/\/flameguard.ee\/sv\/wp-json\/wp\/v2\/media\/18457"}],"wp:attachment":[{"href":"https:\/\/flameguard.ee\/sv\/wp-json\/wp\/v2\/media?parent=18140"}],"wp:term":[{"taxonomy":"product_brand","embeddable":true,"href":"https:\/\/flameguard.ee\/sv\/wp-json\/wp\/v2\/product_brand?post=18140"},{"taxonomy":"product_cat","embeddable":true,"href":"https:\/\/flameguard.ee\/sv\/wp-json\/wp\/v2\/product_cat?post=18140"},{"taxonomy":"product_tag","embeddable":true,"href":"https:\/\/flameguard.ee\/sv\/wp-json\/wp\/v2\/product_tag?post=18140"}],"curies":[{"name":"wp","href":"https:\/\/api.w.org\/{rel}","templated":true}]}}