{"id":18148,"date":"2025-03-05T20:21:28","date_gmt":"2025-03-05T18:21:28","guid":{"rendered":"http:\/\/flameguard.ee.dedi7782.your-server.de\/?post_type=product&#038;p=18148"},"modified":"2025-03-07T18:43:40","modified_gmt":"2025-03-07T16:43:40","slug":"tulekahju-ja-evakuatsioonioppus-2","status":"publish","type":"product","link":"https:\/\/flameguard.ee\/sv\/product\/brand-och-utrymningsovning-2\/","title":{"rendered":"Brand- och utrymnings\u00f6vning"},"content":{"rendered":"<p><span data-contrast=\"auto\">Organisationen av brand\u00f6vningen \u00e4r i stort sett uppdelad i fyra delar:<\/span><span data-ccp-props=\"{}\">\u00a0<\/span><\/p>\n<p><b><span data-contrast=\"auto\">1. Krav p\u00e5 brand\u00f6vningar<\/span><\/b><span data-ccp-props=\"{}\">\u00a0<\/span><\/p>\n<p><span data-contrast=\"auto\">Syftet med brand\u00f6vningen \u00e4r att s\u00e4kerst\u00e4lla kunskaper och f\u00e4rdigheter f\u00f6r att agera vid utrymning och brand, samt att bed\u00f6ma planens l\u00e4mplighet och de anst\u00e4lldas kompetens att upptr\u00e4da p\u00e5 ett adekvat s\u00e4tt. \u00d6vningen ska genomf\u00f6ras minst en g\u00e5ng om \u00e5ret och det \u00e4r ledarens ansvar att organisera den. Om byggnaden anv\u00e4nds av flera institutioner eller f\u00f6retag genomf\u00f6rs en gemensam \u00f6vning, men den teoretiska utbildningen kan skilja sig \u00e5t om anv\u00e4ndningsomr\u00e5dena eller riskerna med byggnadsdelarna \u00e4r olika.<\/span><span data-ccp-props=\"{}\">\u00a0<\/span><\/p>\n<p><b><span data-contrast=\"auto\">2. Legenden om brand\u00f6vningen och deltagandet<\/span><\/b><span data-ccp-props=\"{}\">\u00a0<\/span><\/p>\n<p><span data-contrast=\"auto\">En f\u00f6rklaring med ett brandscenario sammanst\u00e4lls f\u00f6r \u00f6vningen. Platsen, omfattningen och den del av planen som kommer att praktiseras kommer att best\u00e4mmas. Alla medarbetare deltar, men om ingen kan delta genomf\u00f6rs en upprepad utbildning eller personlig instruktion. Om det \u00e4r fr\u00e5ga om en r\u00e4ddningscentral eller n\u00f6dcentral, ska \u00f6vningen samordnas med dem p\u00e5 f\u00f6rhand.<\/span><span data-ccp-props=\"{}\">\u00a0<\/span><\/p>\n<p><b><span data-contrast=\"auto\">3. Organisering av brand\u00f6vningen<\/span><\/b><span data-ccp-props=\"{}\">\u00a0<\/span><\/p>\n<p><span data-contrast=\"auto\">\u00d6vningen best\u00e5r av en teoretisk och en praktisk del. I den teoretiska delen ing\u00e5r brands\u00e4kerhetsundervisning enligt riskomr\u00e5dena och handlingsplanen i h\u00e4ndelse av brand. I den praktiska delen simuleras en brandsituation och praktisk utrymning eller eventuella r\u00e4ddningsaktiviteter samt anv\u00e4ndning av brands\u00e4kerhetsinstallationer \u00f6vas.\u00a0<\/span><span data-ccp-props=\"{}\">\u00a0<\/span><\/p>\n<p><b><span data-contrast=\"auto\">4. Skriftlig sammanfattning av brand\u00f6vningen<\/span><\/b><span data-ccp-props=\"{}\">\u00a0<\/span><\/p>\n<p><span data-contrast=\"auto\">En skriftlig sammanfattning av arbetet kommer att utarbetas inom en m\u00e5nad, d\u00e4r de faktiska uppgifterna, de fastst\u00e4llda omst\u00e4ndigheterna, uppn\u00e5endet av m\u00e5len och f\u00f6rslagen diskuteras. Sammanst\u00e4llningen \u00e5terspeglar bristerna i planen och de \u00e5tg\u00e4rder som vidtagits f\u00f6r att eliminera dem. Dokumentet ska bevaras i fem \u00e5r och ska delges de anst\u00e4llda inom en m\u00e5nad.<\/span><span data-ccp-props=\"{}\">\u00a0<\/span><\/p>\n<p>&nbsp;<\/p>","protected":false},"excerpt":{"rendered":"<p><span data-contrast=\"auto\">Brandbek\u00e4mpnings- och utrymnings\u00f6vningar ger deltagarna praktiska f\u00e4rdigheter som kan till\u00e4mpas omedelbart och har f\u00e5tt mycket positiv feedback fr\u00e5n kunderna. Utbildningar som utg\u00e5r fr\u00e5n en brandhandlingsplan och d\u00e4r den beskrivna kunskapen kan anv\u00e4ndas i praktiken \u00e4r uppskattade och n\u00f6dv\u00e4ndiga f\u00f6r att s\u00e4kerst\u00e4lla s\u00e4kerheten.<\/span><span data-ccp-props=\"{}\">\u00a0<\/span><\/p>\n<p><a href=\"https:\/\/www.riigiteataja.ee\/akt\/13314859\"><b><span data-contrast=\"none\">Lagen om brands\u00e4kerhet<\/span><\/b><\/a><span data-contrast=\"auto\">Enligt 6 \u00a7 3 mom. \u00e4r byggherren skyldig att l\u00e4mna in en brands\u00e4kerhetsrapport och ordna en brandskyddsinspektion en g\u00e5ng om \u00e5ret ordna en utrymnings- och brandskydds\u00f6vning. Inom ramen f\u00f6r utrymnings- och brand\u00f6vningen:<\/span><span data-ccp-props=\"{}\">\u00a0<\/span><\/p>\n<ul>\n<li data-leveltext=\"\uf0b7\" data-font=\"Symbol\" data-listid=\"3\" data-list-defn-props=\"{&quot;335552541&quot;:1,&quot;335559685&quot;:720,&quot;335559991&quot;:360,&quot;469769226&quot;:&quot;Symbol&quot;,&quot;469769242&quot;:[8226],&quot;469777803&quot;:&quot;left&quot;,&quot;469777804&quot;:&quot;\uf0b7&quot;,&quot;469777815&quot;:&quot;hybridMultilevel&quot;}\" aria-setsize=\"-1\" data-aria-posinset=\"1\" data-aria-level=\"1\"><span data-contrast=\"auto\">En verklig brand simuleras;<\/span><span data-ccp-props=\"{}\">\u00a0<\/span><\/li>\n<\/ul>\n<ul>\n<li data-leveltext=\"\uf0b7\" data-font=\"Symbol\" data-listid=\"3\" data-list-defn-props=\"{&quot;335552541&quot;:1,&quot;335559685&quot;:720,&quot;335559991&quot;:360,&quot;469769226&quot;:&quot;Symbol&quot;,&quot;469769242&quot;:[8226],&quot;469777803&quot;:&quot;left&quot;,&quot;469777804&quot;:&quot;\uf0b7&quot;,&quot;469777815&quot;:&quot;hybridMultilevel&quot;}\" aria-setsize=\"-1\" data-aria-posinset=\"2\" data-aria-level=\"1\"><span data-contrast=\"auto\">Aktiviteter som hj\u00e4lper till att klara av en farlig situation \u00f6vas.<\/span><span data-ccp-props=\"{}\">\u00a0<\/span><\/li>\n<\/ul>\n<p><strong>Om du har n\u00e5gra fr\u00e5gor eller problem kommer v\u00e5ra brands\u00e4kerhetsspecialister och experter att ge dig r\u00e5d.\u00a0<\/strong><\/p>\n<p><strong>I priset f\u00f6r tj\u00e4nsten ing\u00e5r 1 timmes konsultation och de fortsatta aktiviteterna kartl\u00e4ggs och priss\u00e4tts enligt den faktiska arbetsm\u00e4ngden.\u00a0<\/strong><\/p>\n<p>&nbsp;<\/p>","protected":false},"featured_media":18137,"template":"","meta":[],"product_brand":[],"product_cat":[124,118],"product_tag":[],"class_list":{"0":"post-18148","1":"product","2":"type-product","3":"status-publish","4":"has-post-thumbnail","6":"product_cat-koolitamine","7":"product_cat-tuleohutus","9":"first","10":"instock","11":"taxable","12":"shipping-taxable","13":"purchasable","14":"product-type-simple"},"_links":{"self":[{"href":"https:\/\/flameguard.ee\/sv\/wp-json\/wp\/v2\/product\/18148","targetHints":{"allow":["GET"]}}],"collection":[{"href":"https:\/\/flameguard.ee\/sv\/wp-json\/wp\/v2\/product"}],"about":[{"href":"https:\/\/flameguard.ee\/sv\/wp-json\/wp\/v2\/types\/product"}],"version-history":[{"count":2,"href":"https:\/\/flameguard.ee\/sv\/wp-json\/wp\/v2\/product\/18148\/revisions"}],"predecessor-version":[{"id":18469,"href":"https:\/\/flameguard.ee\/sv\/wp-json\/wp\/v2\/product\/18148\/revisions\/18469"}],"wp:featuredmedia":[{"embeddable":true,"href":"https:\/\/flameguard.ee\/sv\/wp-json\/wp\/v2\/media\/18137"}],"wp:attachment":[{"href":"https:\/\/flameguard.ee\/sv\/wp-json\/wp\/v2\/media?parent=18148"}],"wp:term":[{"taxonomy":"product_brand","embeddable":true,"href":"https:\/\/flameguard.ee\/sv\/wp-json\/wp\/v2\/product_brand?post=18148"},{"taxonomy":"product_cat","embeddable":true,"href":"https:\/\/flameguard.ee\/sv\/wp-json\/wp\/v2\/product_cat?post=18148"},{"taxonomy":"product_tag","embeddable":true,"href":"https:\/\/flameguard.ee\/sv\/wp-json\/wp\/v2\/product_tag?post=18148"}],"curies":[{"name":"wp","href":"https:\/\/api.w.org\/{rel}","templated":true}]}}