{"id":18150,"date":"2025-03-05T20:23:30","date_gmt":"2025-03-05T18:23:30","guid":{"rendered":"http:\/\/flameguard.ee.dedi7782.your-server.de\/?post_type=product&#038;p=18150"},"modified":"2025-03-07T16:56:34","modified_gmt":"2025-03-07T14:56:34","slug":"suuronnetuse-ohuga-ettevotte-riskianaluus","status":"publish","type":"product","link":"https:\/\/flameguard.ee\/sv\/product\/analys-av-storolycka-risk-risk-foretag-risk\/","title":{"rendered":"Riskanalys av ett f\u00f6retag som riskerar att drabbas av en allvarlig olycka"},"content":{"rendered":"<p><span data-contrast=\"auto\">Anvisningar f\u00f6r att g\u00f6ra en riskanalys:<\/span><span data-ccp-props=\"{}\">\u00a0<\/span><\/p>\n<ul>\n<li data-leveltext=\"\uf0b7\" data-font=\"Symbol\" data-listid=\"1\" data-list-defn-props=\"{&quot;335552541&quot;:1,&quot;335559685&quot;:720,&quot;335559991&quot;:360,&quot;469769226&quot;:&quot;Symbol&quot;,&quot;469769242&quot;:[8226],&quot;469777803&quot;:&quot;left&quot;,&quot;469777804&quot;:&quot;\uf0b7&quot;,&quot;469777815&quot;:&quot;multilevel&quot;}\" aria-setsize=\"-1\" data-aria-posinset=\"1\" data-aria-level=\"1\"><span data-contrast=\"auto\">R\u00e4ddningsstyrelsen och Konsumentskydds- och tekniska tillsynsverket<\/span><a href=\"https:\/\/www.rescue.ee\/files\/Materjalid\/2024.12-27digi-juhis-kemikaaliseadusest-tuleneva-riskianalueuesi-kohta.pdf?0a0ad6dc67\" target=\"_blank\" rel=\"noopener\"><span data-contrast=\"none\">Guide<\/span><\/a><span data-contrast=\"auto\">om riskanalys till f\u00f6ljd av kemikalielagen<\/span><span data-ccp-props=\"{}\">\u00a0<\/span><\/li>\n<\/ul>\n<ul>\n<li data-leveltext=\"\uf0b7\" data-font=\"Symbol\" data-listid=\"1\" data-list-defn-props=\"{&quot;335552541&quot;:1,&quot;335559685&quot;:720,&quot;335559991&quot;:360,&quot;469769226&quot;:&quot;Symbol&quot;,&quot;469769242&quot;:[8226],&quot;469777803&quot;:&quot;left&quot;,&quot;469777804&quot;:&quot;\uf0b7&quot;,&quot;469777815&quot;:&quot;multilevel&quot;}\" aria-setsize=\"-1\" data-aria-posinset=\"2\" data-aria-level=\"1\"><span data-contrast=\"auto\">Kemiska koncentrationsv\u00e4rden best\u00e4ms f\u00f6r varje specifik kemikalie p\u00e5 grundval av litteratur och databasdata. De vanligaste v\u00e4rdena f\u00f6r motsvarande halter av kemikalier presenteras i r\u00e4ddningsstyrelsens<\/span><a href=\"https:\/\/www.rescue.ee\/files\/2018-11\/16-12-05-kemikaalide-kontsentratsioonid.pdf?58e17408af\" target=\"_blank\" rel=\"noopener\"><span data-contrast=\"none\">I v\u00e4gledningsmaterialet<\/span><\/a><span data-contrast=\"auto\">.<\/span><span data-ccp-props=\"{}\">\u00a0<\/span><\/li>\n<\/ul>\n<ul>\n<li data-leveltext=\"\uf0b7\" data-font=\"Symbol\" data-listid=\"1\" data-list-defn-props=\"{&quot;335552541&quot;:1,&quot;335559685&quot;:720,&quot;335559991&quot;:360,&quot;469769226&quot;:&quot;Symbol&quot;,&quot;469769242&quot;:[8226],&quot;469777803&quot;:&quot;left&quot;,&quot;469777804&quot;:&quot;\uf0b7&quot;,&quot;469777815&quot;:&quot;multilevel&quot;}\" aria-setsize=\"-1\" data-aria-posinset=\"3\" data-aria-level=\"1\"><span data-contrast=\"auto\">Domino-effekter<\/span><a href=\"https:\/\/www.rescue.ee\/files\/2018-10\/18-10-01-doominoefektide-hindamise-juhend.pdf?ea414503a0\" target=\"_blank\" rel=\"noopener\"><span data-contrast=\"none\">V\u00e4gledning f\u00f6r bed\u00f6mning<\/span><\/a><span data-contrast=\"auto\">F\u00f6retag.<\/span><span data-ccp-props=\"{}\">\u00a0<\/span><\/li>\n<\/ul>\n<p><span data-contrast=\"auto\">Se \u00e4ven Konsumentskydds- och tekniska tillsynsmyndighetens<\/span><a href=\"https:\/\/www.ttja.ee\/ariklient\/ohutus\/ainete-kaitlemine\/kemikaalide-kaitlemine-0%22%20\/l%20%22juhendid-ettevtjale\" target=\"_blank\" rel=\"noopener\"><span data-contrast=\"none\">Instruktioner<\/span><\/a><span data-contrast=\"auto\">och inl\u00e4mning av dokument via JVIS<\/span><a href=\"https:\/\/www.rescue.ee\/et\/jvis-kaudu-dokumentide-esitamine\" target=\"_blank\" rel=\"noopener\"><span data-contrast=\"none\">Instruktioner<\/span><\/a><span data-contrast=\"auto\">.<\/span><span data-ccp-props=\"{}\">\u00a0<\/span><\/p>\n<p>&nbsp;<\/p>\n<p>&nbsp;<\/p>\n<p>&nbsp;<\/p>","protected":false},"excerpt":{"rendered":"<p><span data-contrast=\"auto\">Enligt kemikalielagen \u00e4r en riskanalys ett obligatoriskt dokument f\u00f6r ett farligt f\u00f6retag med risk f\u00f6r en allvarlig olycka. N\u00e4r det g\u00e4ller ett f\u00f6retag med risk f\u00f6r storolycka i kategori A \u00e4r riskanalysen en del av s\u00e4kerhetsrapporten.<\/span><span data-ccp-props=\"{}\">\u00a0<\/span><\/p>\n<p><span data-contrast=\"auto\">Kraven p\u00e5 ett f\u00f6retags riskanalys anges i ekonomi- och infrastrukturministerns krav<\/span><a href=\"https:\/\/www.riigiteataja.ee\/akt\/119022019018#para2\"><span data-contrast=\"none\">F\u00f6rordning nr 18 av den 02.02.2016 \"Krav p\u00e5 obligatoriska dokument fr\u00e5n ett f\u00f6retag med risk f\u00f6r en farlig eller allvarlig olycka och deras utarbetande, samt information som ska kommuniceras till allm\u00e4nheten och anm\u00e4lan av olyckor<\/span><span data-contrast=\"none\">1<\/span><span data-contrast=\"none\">\u00a7 2<\/span><\/a><span data-contrast=\"auto\">.<\/span><span data-ccp-props=\"{}\">\u00a0<\/span><\/p>\n<p><span data-contrast=\"auto\">F\u00f6retaget ska l\u00e4mna in riskanalysen till konsumentskydds- och tekniska tillsynsmyndigheten f\u00f6r godk\u00e4nnande, som i sin tur ska \u00f6verl\u00e4mnas till r\u00e4ddningsstyrelsen. Riskanalysen samordnas av Konsumentskydds- och tekniska tillsynsverket i samarbete med r\u00e4ddningsstyrelsen. N\u00e4r du g\u00f6r analysen kan du be om r\u00e5d av inspekt\u00f6rerna vid r\u00e4ddningsstyrelsens byr\u00e5 f\u00f6r s\u00e4kerhetstillsyn.<\/span><span data-ccp-props=\"{}\">\u00a0<\/span><\/p>\n<p><span data-contrast=\"auto\">Om du har n\u00e5gra fr\u00e5gor eller problem kommer v\u00e5ra brands\u00e4kerhetsspecialister och experter att ge dig r\u00e5d.<\/span><span data-ccp-props=\"{}\">\u00a0<\/span><\/p>\n<p><span data-contrast=\"auto\">I priset f\u00f6r tj\u00e4nsten ing\u00e5r 1 timmes konsultation och de fortsatta aktiviteterna kartl\u00e4ggs och priss\u00e4tts enligt den faktiska arbetsm\u00e4ngden.<\/span><span data-ccp-props=\"{}\">\u00a0<\/span><\/p>\n<p>&nbsp;<\/p>\n<p>&nbsp;<\/p>","protected":false},"featured_media":18420,"template":"","meta":[],"product_brand":[],"product_cat":[118],"product_tag":[],"class_list":{"0":"post-18150","1":"product","2":"type-product","3":"status-publish","4":"has-post-thumbnail","6":"product_cat-tuleohutus","8":"first","9":"instock","10":"taxable","11":"shipping-taxable","12":"purchasable","13":"product-type-simple"},"_links":{"self":[{"href":"https:\/\/flameguard.ee\/sv\/wp-json\/wp\/v2\/product\/18150","targetHints":{"allow":["GET"]}}],"collection":[{"href":"https:\/\/flameguard.ee\/sv\/wp-json\/wp\/v2\/product"}],"about":[{"href":"https:\/\/flameguard.ee\/sv\/wp-json\/wp\/v2\/types\/product"}],"version-history":[{"count":2,"href":"https:\/\/flameguard.ee\/sv\/wp-json\/wp\/v2\/product\/18150\/revisions"}],"predecessor-version":[{"id":18158,"href":"https:\/\/flameguard.ee\/sv\/wp-json\/wp\/v2\/product\/18150\/revisions\/18158"}],"wp:featuredmedia":[{"embeddable":true,"href":"https:\/\/flameguard.ee\/sv\/wp-json\/wp\/v2\/media\/18420"}],"wp:attachment":[{"href":"https:\/\/flameguard.ee\/sv\/wp-json\/wp\/v2\/media?parent=18150"}],"wp:term":[{"taxonomy":"product_brand","embeddable":true,"href":"https:\/\/flameguard.ee\/sv\/wp-json\/wp\/v2\/product_brand?post=18150"},{"taxonomy":"product_cat","embeddable":true,"href":"https:\/\/flameguard.ee\/sv\/wp-json\/wp\/v2\/product_cat?post=18150"},{"taxonomy":"product_tag","embeddable":true,"href":"https:\/\/flameguard.ee\/sv\/wp-json\/wp\/v2\/product_tag?post=18150"}],"curies":[{"name":"wp","href":"https:\/\/api.w.org\/{rel}","templated":true}]}}