{"id":18152,"date":"2025-03-05T20:25:13","date_gmt":"2025-03-05T18:25:13","guid":{"rendered":"http:\/\/flameguard.ee.dedi7782.your-server.de\/?post_type=product&#038;p=18152"},"modified":"2025-03-07T18:42:44","modified_gmt":"2025-03-07T16:42:44","slug":"operatiivkaart","status":"publish","type":"product","link":"https:\/\/flameguard.ee\/sv\/product\/operativ-karta\/","title":{"rendered":"Operativ karta"},"content":{"rendered":"<p><span data-contrast=\"auto\">Verksamhetskortet kan l\u00e4mnas in till r\u00e4ddningsstyrelsen.<\/span><b><span data-contrast=\"auto\">\u202f<\/span><\/b><a href=\"https:\/\/ohutusportaal.paasteamet.ee\/\" target=\"_blank\" rel=\"noopener\"><b><span data-contrast=\"none\">i sj\u00e4lvbetj\u00e4ningsmilj\u00f6n<\/span><\/b><\/a><b><span data-contrast=\"auto\">.<\/span><\/b><span data-ccp-props=\"{}\">\u00a0<\/span><\/p>\n<p><span data-contrast=\"auto\">Ett verksamhetskort m\u00e5ste l\u00e4mnas in f\u00f6r byggnaden:<\/span><span data-ccp-props=\"{}\">\u00a0<\/span><\/p>\n<ul>\n<li data-leveltext=\"\uf0b7\" data-font=\"Symbol\" data-listid=\"1\" data-list-defn-props=\"{&quot;335552541&quot;:1,&quot;335559685&quot;:720,&quot;335559991&quot;:360,&quot;469769226&quot;:&quot;Symbol&quot;,&quot;469769242&quot;:[8226],&quot;469777803&quot;:&quot;left&quot;,&quot;469777804&quot;:&quot;\uf0b7&quot;,&quot;469777815&quot;:&quot;multilevel&quot;}\" aria-setsize=\"-1\" data-aria-posinset=\"1\" data-aria-level=\"1\"><span data-contrast=\"auto\">i ett f\u00f6retag som \u00e4r skyldigt att l\u00e4mna in en egenkontrollrapport om brands\u00e4kerhet,<\/span><span data-ccp-props=\"{}\">\u00a0<\/span><\/li>\n<\/ul>\n<ul>\n<li data-leveltext=\"\uf0b7\" data-font=\"Symbol\" data-listid=\"1\" data-list-defn-props=\"{&quot;335552541&quot;:1,&quot;335559685&quot;:720,&quot;335559991&quot;:360,&quot;469769226&quot;:&quot;Symbol&quot;,&quot;469769242&quot;:[8226],&quot;469777803&quot;:&quot;left&quot;,&quot;469777804&quot;:&quot;\uf0b7&quot;,&quot;469777815&quot;:&quot;multilevel&quot;}\" aria-setsize=\"-1\" data-aria-posinset=\"2\" data-aria-level=\"1\"><span data-contrast=\"auto\">f\u00f6r en byggnad med tio v\u00e5ningar eller mer;<\/span><span data-ccp-props=\"{}\">\u00a0<\/span><\/li>\n<\/ul>\n<ul>\n<li data-leveltext=\"\uf0b7\" data-font=\"Symbol\" data-listid=\"1\" data-list-defn-props=\"{&quot;335552541&quot;:1,&quot;335559685&quot;:720,&quot;335559991&quot;:360,&quot;469769226&quot;:&quot;Symbol&quot;,&quot;469769242&quot;:[8226],&quot;469777803&quot;:&quot;left&quot;,&quot;469777804&quot;:&quot;\uf0b7&quot;,&quot;469777815&quot;:&quot;multilevel&quot;}\" aria-setsize=\"-1\" data-aria-posinset=\"3\" data-aria-level=\"1\"><span data-contrast=\"auto\">En byggnad av kulturellt v\u00e4rde.<\/span><span data-ccp-props=\"{}\">\u00a0<\/span><\/li>\n<\/ul>\n<ul>\n<li data-leveltext=\"\uf0b7\" data-font=\"Symbol\" data-listid=\"1\" data-list-defn-props=\"{&quot;335552541&quot;:1,&quot;335559685&quot;:720,&quot;335559991&quot;:360,&quot;469769226&quot;:&quot;Symbol&quot;,&quot;469769242&quot;:[8226],&quot;469777803&quot;:&quot;left&quot;,&quot;469777804&quot;:&quot;\uf0b7&quot;,&quot;469777815&quot;:&quot;multilevel&quot;}\" aria-setsize=\"-1\" data-aria-posinset=\"4\" data-aria-level=\"1\"><span data-contrast=\"auto\">byggnad d\u00e4r monument f\u00f6rvaras.<\/span><span data-ccp-props=\"{}\">\u00a0<\/span><\/li>\n<\/ul>\n<p><span data-contrast=\"auto\">Kriterierna f\u00f6r den operativa kartan fastst\u00e4lls i ekonomi- och infrastrukturministerns f\u00f6rordning, som l\u00e4tt kan hittas i den statliga tidningen, \"Krav p\u00e5 dokumentation av konstruktion, lagring och leverans av bygghandlingar samt krav p\u00e5 underh\u00e5llsinstruktioner, lagring och inl\u00e4mning av dem\".<\/span><span data-ccp-props=\"{}\">\u00a0<\/span><\/p>\n<p><span data-contrast=\"auto\">Mer detaljerade kriterier anges i inrikesministerns f\u00f6rordning \"Brands\u00e4kerhetskrav f\u00f6r byggnader och krav p\u00e5 brandk\u00e5rens vattenf\u00f6rs\u00f6rjning\". I bilaga 9 till samma f\u00f6rordning anges hur operationskortet ska utformas.<\/span><span data-ccp-props=\"{}\">\u00a0<\/span><\/p>\n<p><span data-contrast=\"auto\">Anvisningar och exempel f\u00f6r inl\u00e4mning av verksamhetskarta:<\/span><span data-ccp-props=\"{}\">\u00a0<\/span><\/p>\n<ul>\n<li data-leveltext=\"\uf0b7\" data-font=\"Symbol\" data-listid=\"2\" data-list-defn-props=\"{&quot;335552541&quot;:1,&quot;335559685&quot;:720,&quot;335559991&quot;:360,&quot;469769226&quot;:&quot;Symbol&quot;,&quot;469769242&quot;:[8226],&quot;469777803&quot;:&quot;left&quot;,&quot;469777804&quot;:&quot;\uf0b7&quot;,&quot;469777815&quot;:&quot;multilevel&quot;}\" aria-setsize=\"-1\" data-aria-posinset=\"1\" data-aria-level=\"1\"><a href=\"https:\/\/www.rescue.ee\/files\/2019-03\/operatiivkaardi-koostamise-juhend-2019.pdf?f355372656\" target=\"_blank\" rel=\"noopener\"><b><span data-contrast=\"none\">Anvisningar f\u00f6r uppr\u00e4ttande av verksamhetskarta<\/span><\/b><\/a><span data-ccp-props=\"{}\">\u00a0<\/span><\/li>\n<\/ul>\n<ul>\n<li data-leveltext=\"\uf0b7\" data-font=\"Symbol\" data-listid=\"2\" data-list-defn-props=\"{&quot;335552541&quot;:1,&quot;335559685&quot;:720,&quot;335559991&quot;:360,&quot;469769226&quot;:&quot;Symbol&quot;,&quot;469769242&quot;:[8226],&quot;469777803&quot;:&quot;left&quot;,&quot;469777804&quot;:&quot;\uf0b7&quot;,&quot;469777815&quot;:&quot;multilevel&quot;}\" aria-setsize=\"-1\" data-aria-posinset=\"2\" data-aria-level=\"1\"><a href=\"https:\/\/www.rescue.ee\/files\/2018-09\/hoone-operatiivkaardi-vorm.docx?9f52034469\" target=\"_blank\" rel=\"noopener\"><b><span data-contrast=\"none\">Formul\u00e4r f\u00f6r driftkort<\/span><\/b><\/a><span data-ccp-props=\"{}\">\u00a0<\/span><\/li>\n<\/ul>\n<p>&nbsp;<\/p>","protected":false},"excerpt":{"rendered":"<p><span data-contrast=\"auto\">Med driftkarta avses en persons skyldighet att uppr\u00e4tta en verksamhetskarta \u00f6ver den byggnad som han eller hon har i sin besittning. Verksamhetskartan \u00e4r en kompakt bild av byggnadens tekniska data, brands\u00e4kerhetsinstallationerna i byggnaden och annan viktig information som \u00e4r till hj\u00e4lp f\u00f6r r\u00e4ddningsteamet n\u00e4r det g\u00e4ller att l\u00f6sa h\u00e4ndelsen. Skyldigheten att l\u00e4mna in ett verksamhetskort ligger hos byggnadens innehavare. Om det finns flera innehavare ska byggnadens \u00e4gare utse en person som ansvarar f\u00f6r att uppr\u00e4tta och l\u00e4mna in verksamhetskartan och som uppr\u00e4ttar och l\u00e4mnar in en verksamhetskarta \u00f6ver byggnaden till den regionala r\u00e4ddningscentralen. Den regionala r\u00e4ddningscentralen g\u00e5r igenom det f\u00f6rmedlade verksamhetskortet och kontaktar vid behov den person som har l\u00e4mnat in verksamhetskortet. Om verksamhetskartan \u00e4r i ordning, godk\u00e4nner den regionala r\u00e4ddningscentralen verksamhetskartan.<\/span><span data-ccp-props=\"{}\">\u00a0<\/span><\/p>\n<p><strong>Om du har n\u00e5gra fr\u00e5gor eller problem kommer v\u00e5ra brands\u00e4kerhetsspecialister och experter att ge dig r\u00e5d.\u00a0<\/strong><\/p>\n<p><strong>I priset f\u00f6r tj\u00e4nsten ing\u00e5r 1 timmes konsultation och de fortsatta aktiviteterna kartl\u00e4ggs och priss\u00e4tts enligt den faktiska arbetsm\u00e4ngden.\u00a0<\/strong><\/p>\n<p>&nbsp;<\/p>","protected":false},"featured_media":18453,"template":"","meta":[],"product_brand":[],"product_cat":[118],"product_tag":[],"class_list":{"0":"post-18152","1":"product","2":"type-product","3":"status-publish","4":"has-post-thumbnail","6":"product_cat-tuleohutus","8":"first","9":"instock","10":"taxable","11":"shipping-taxable","12":"purchasable","13":"product-type-simple"},"_links":{"self":[{"href":"https:\/\/flameguard.ee\/sv\/wp-json\/wp\/v2\/product\/18152","targetHints":{"allow":["GET"]}}],"collection":[{"href":"https:\/\/flameguard.ee\/sv\/wp-json\/wp\/v2\/product"}],"about":[{"href":"https:\/\/flameguard.ee\/sv\/wp-json\/wp\/v2\/types\/product"}],"version-history":[{"count":2,"href":"https:\/\/flameguard.ee\/sv\/wp-json\/wp\/v2\/product\/18152\/revisions"}],"predecessor-version":[{"id":18468,"href":"https:\/\/flameguard.ee\/sv\/wp-json\/wp\/v2\/product\/18152\/revisions\/18468"}],"wp:featuredmedia":[{"embeddable":true,"href":"https:\/\/flameguard.ee\/sv\/wp-json\/wp\/v2\/media\/18453"}],"wp:attachment":[{"href":"https:\/\/flameguard.ee\/sv\/wp-json\/wp\/v2\/media?parent=18152"}],"wp:term":[{"taxonomy":"product_brand","embeddable":true,"href":"https:\/\/flameguard.ee\/sv\/wp-json\/wp\/v2\/product_brand?post=18152"},{"taxonomy":"product_cat","embeddable":true,"href":"https:\/\/flameguard.ee\/sv\/wp-json\/wp\/v2\/product_cat?post=18152"},{"taxonomy":"product_tag","embeddable":true,"href":"https:\/\/flameguard.ee\/sv\/wp-json\/wp\/v2\/product_tag?post=18152"}],"curies":[{"name":"wp","href":"https:\/\/api.w.org\/{rel}","templated":true}]}}