{"id":18182,"date":"2025-03-06T09:14:55","date_gmt":"2025-03-06T07:14:55","guid":{"rendered":"http:\/\/flameguard.ee.dedi7782.your-server.de\/?post_type=product&#038;p=18182"},"modified":"2025-03-06T22:12:02","modified_gmt":"2025-03-06T20:12:02","slug":"tuletokkekardinad","status":"publish","type":"product","link":"https:\/\/flameguard.ee\/sv\/product\/brandgardiner\/","title":{"rendered":"Brandgardiner"},"content":{"rendered":"<p><strong>Brandgardiner kan klassificeras baserat p\u00e5 brandmotst\u00e5ndsegenskaper:<\/strong><\/p>\n<p><img decoding=\"async\" class=\"alignnone size-full wp-image-18276\" src=\"https:\/\/flameguard.ee\/wp-content\/uploads\/2025\/03\/hgttrr.jpg\" alt=\"\" width=\"329\" height=\"120\" srcset=\"https:\/\/flameguard.ee\/wp-content\/uploads\/2025\/03\/hgttrr.jpg 329w, https:\/\/flameguard.ee\/wp-content\/uploads\/2025\/03\/hgttrr-150x55.jpg 150w\" sizes=\"(max-width: 329px) 100vw, 329px\" \/><\/p>\n<ul>\n<li>Brandgardin av klass E som f\u00f6rhindrar spridning av flammor och heta gaser, men som inte begr\u00e4nsar v\u00e4rmestr\u00e5lningen.<\/li>\n<li>Brandgardin i EW-klass som f\u00f6rhindrar spridning av flammor och heta gaser och minskar v\u00e4rmestr\u00e5lningen<br \/>\nintensitet till den angivna niv\u00e5n.<\/li>\n<li>Brandgardin i EI-klass som ger fullst\u00e4ndig brand- och v\u00e4rmeisolering, vilket f\u00f6rhindrar l\u00e5gor, heta<br \/>\nsamt spridningen av v\u00e4rmestr\u00e5lning.<\/li>\n<\/ul>\n<p><strong>Certifiering och krav<\/strong><br \/>\nFr\u00e5n och med den 1 januari 2019 anses standarden EN 16034 vara harmoniserad, vilket inneb\u00e4r att alla<br \/>\nbrandgardiner m\u00e5ste vara CE-m\u00e4rkta. CE-m\u00e4rkningen bekr\u00e4ftar att produkten har en<br \/>\nEtt certifikat som intygar att f\u00f6retaget uppfyller standarden och brands\u00e4kerhetskraven.<\/p>\n<p>Enligt inrikesministerns f\u00f6rordning nr 17 kr\u00e4vs ingen r\u00f6kmotst\u00e5ndsklass (Sa eller S200) f\u00f6r brandgardiner, s\u00e5vida inte<br \/>\nDen specifika anv\u00e4ndningsplatsen kr\u00e4ver det inte.<\/p>\n<p><strong>Fullst\u00e4ndighet<\/strong><br \/>\nFlameguard Systems brandgardinset best\u00e5r av \u00e5tta delar:<br \/>\n1. Ledningscentrering;<br \/>\n2. R\u00f6rformig motor;<br \/>\n3. Skyddsk\u00e5ren.<br \/>\n4. R\u00f6raxel;<br \/>\n5. Styrskenor;<br \/>\n6. Brands\u00e4kert tyg;<br \/>\n7. L\u00e4gre vikt p\u00e5 gardinen;<br \/>\n8. Knapp f\u00f6r utrymning.<\/p>\n<p><strong>Automatisering<\/strong><br \/>\nI standby-l\u00e4ge rullas gardinen upp i skyddsh\u00f6ljet. N\u00e4r larmsignalen tas emot g\u00e5r rid\u00e5n ner<br \/>\nposition, dvs. upp till golvytan. Systemets styrenhet \u00e4r utrustad med en extra str\u00f6mf\u00f6rs\u00f6rjning.<br \/>\nI h\u00e4ndelse av ett falsklarm \u00e4r det m\u00f6jligt att \u00e5terst\u00e4lla systemet b\u00e5de manuellt och automatiskt:<\/p>\n<ul>\n<li>manuell restaurering \u2013 gardinen f\u00f6rblir i arbetsl\u00e4ge tills anv\u00e4ndaren trycker p\u00e5 en speciell knapp,<br \/>\nsom ger order om restaureringen.<\/li>\n<li>Automatisk \u00e5terst\u00e4llning \u2013 Efter att larmsystemet har \u00e5terst\u00e4llts g\u00e5r sj\u00e4lva gardinen automatiskt in i standby-l\u00e4ge<br \/>\nbakl\u00e4nges.<\/li>\n<\/ul>\n<p><strong>Metoder f\u00f6r installation<\/strong><br \/>\nGardinskyddsh\u00f6ljet kan installeras:<\/p>\n<ul>\n<li>\u00f6ppet i f\u00f6rv\u00e4g;<\/li>\n<li>\u00f6ppning i;<\/li>\n<li>H\u00e4ng p\u00e5 l\u00e4mplig plats med hj\u00e4lp av konsoler.<\/li>\n<\/ul>\n<p>Sidoskenor kan installeras:<\/p>\n<ul>\n<li>\u00a0\u00f6ppet i f\u00f6rv\u00e4g;<\/li>\n<li>\u00f6ppning i;<\/li>\n<li>genom f\u00f6rdjupning.<\/li>\n<\/ul>\n<p>Enligt kundens eller arkitektens \u00f6nskem\u00e5l kan alla metalldelar bel\u00e4ggas med pulverlackering fr\u00e5n RAL-katalogen.<\/p>\n<p><strong>Garanti och underh\u00e5ll<\/strong><br \/>\nFlameguards produkter \u00e4r certifierade av KIWA och omfattas av tillverkarens garanti efter installation.<br \/>\nF\u00f6r att s\u00e4kerst\u00e4lla kontinuitet f\u00e5r Flameguard brandgardiner endast servas av tillverkaren under garantiperioden<br \/>\nauktoriserade och utbildade servicespecialister.<\/p>","protected":false},"excerpt":{"rendered":"<p>En brandgardin eller en funktionsduglig tyggardin \u00e4r en d\u00f6rr enligt standarden EN 16034. Det \u00e4r en d\u00f6rr vars d\u00f6rrblad \u00e4r tillverkat av v\u00e4vt material eller kombinerat med andra material f\u00f6r att bilda en eller flera brandceller. Gardinens struktur inkluderar en ram och\/eller styrningar, som i huvudsak fungerar p\u00e5 samma s\u00e4tt som en rulljalusid\u00f6rr.<br \/>\nAnv\u00e4ndningsomr\u00e5det f\u00f6r brandgardiner \u00e4r mycket brett, men de anv\u00e4nds mest i olika byggnader, s\u00e5som:<\/p>\n<ul>\n<li>\u00a0k\u00f6pcentrum och kontorsbyggnader;<\/li>\n<li>produktionsbyggnader och lager;<\/li>\n<li>parkeringsgarage och tekniska rum;<\/li>\n<li>offentliga byggnader och v\u00e5rdinr\u00e4ttningar.<\/li>\n<\/ul>\n<p>Brandgardiner \u00e4r en platsbesparande och effektiv l\u00f6sning f\u00f6r att begr\u00e4nsa brandspridningen, vilket bidrar till att s\u00e4kerst\u00e4lla en s\u00e4ker<br \/>\nEvakuering och egendomsskydd.<\/p>\n<p><strong>Vi kan hitta en l\u00e4mplig teknisk l\u00f6sning efter en teknisk konsultation och m\u00e4tning av installationsplatsen.\u00a0 <\/strong><strong>P\u00e5 <\/strong><strong>Brandgardiner, precis som alla andra brands\u00e4kerhetsinstallationer, m\u00e5ste installeras regelbundet<\/strong><br \/>\n<strong>underh\u00e5ll och kontroll.<\/strong><br \/>\n<strong>Teknisk support och f\u00f6rs\u00e4ljning: +372 58212121 eller info@flameguard.ee<\/strong><\/p>","protected":false},"featured_media":18183,"template":"","meta":[],"product_brand":[],"product_cat":[81],"product_tag":[],"class_list":{"0":"post-18182","1":"product","2":"type-product","3":"status-publish","4":"has-post-thumbnail","6":"product_cat-tuletokkekardinad","8":"first","9":"instock","10":"virtual","11":"taxable","12":"product-type-simple"},"_links":{"self":[{"href":"https:\/\/flameguard.ee\/sv\/wp-json\/wp\/v2\/product\/18182","targetHints":{"allow":["GET"]}}],"collection":[{"href":"https:\/\/flameguard.ee\/sv\/wp-json\/wp\/v2\/product"}],"about":[{"href":"https:\/\/flameguard.ee\/sv\/wp-json\/wp\/v2\/types\/product"}],"version-history":[{"count":12,"href":"https:\/\/flameguard.ee\/sv\/wp-json\/wp\/v2\/product\/18182\/revisions"}],"predecessor-version":[{"id":18278,"href":"https:\/\/flameguard.ee\/sv\/wp-json\/wp\/v2\/product\/18182\/revisions\/18278"}],"wp:featuredmedia":[{"embeddable":true,"href":"https:\/\/flameguard.ee\/sv\/wp-json\/wp\/v2\/media\/18183"}],"wp:attachment":[{"href":"https:\/\/flameguard.ee\/sv\/wp-json\/wp\/v2\/media?parent=18182"}],"wp:term":[{"taxonomy":"product_brand","embeddable":true,"href":"https:\/\/flameguard.ee\/sv\/wp-json\/wp\/v2\/product_brand?post=18182"},{"taxonomy":"product_cat","embeddable":true,"href":"https:\/\/flameguard.ee\/sv\/wp-json\/wp\/v2\/product_cat?post=18182"},{"taxonomy":"product_tag","embeddable":true,"href":"https:\/\/flameguard.ee\/sv\/wp-json\/wp\/v2\/product_tag?post=18182"}],"curies":[{"name":"wp","href":"https:\/\/api.w.org\/{rel}","templated":true}]}}