{"id":18256,"date":"2025-03-06T13:22:00","date_gmt":"2025-03-06T11:22:00","guid":{"rendered":"http:\/\/flameguard.ee.dedi7782.your-server.de\/?post_type=product&#038;p=18256"},"modified":"2025-03-06T14:42:37","modified_gmt":"2025-03-06T12:42:37","slug":"liitiumakude-tule-ja-plahvatusekindel-laadimiskapp-cemo-8-10-jalgadega-1-faasiline","status":"publish","type":"product","link":"https:\/\/flameguard.ee\/sv\/product\/litium-batterier-brand-och-explosionssakert-laddningsskap-cemo-8-10-fot-1-fas\/","title":{"rendered":"Litiumbatteri Brand- och explosionss\u00e4kert laddningssk\u00e5p CEMO 8\/5 benl\u00f6st, 1-fas"},"content":{"rendered":"<p>Produkten uppfyller de tekniska kraven och ger ett effektivt skydd under en m\u00e4ngd olika f\u00f6rh\u00e5llanden och situationer.<\/p>\n<p><a style=\"color: #fe312e;\" href=\"\/wp-content\/uploads\/2025\/03\/CEMO_safety_concept__Made_in_Germany_-1.pdf\" target=\"_blank\" rel=\"noopener\"><img decoding=\"async\" src=\"\/wp-content\/uploads\/2025\/02\/pdf-icon.webp\" \/> Produktkort<\/a><\/p>","protected":false},"excerpt":{"rendered":"<p>Batteriladdningssk\u00e5p 8\/10, med LockEx l\u00e5ssystem. Med st\u00f6dben, 1 st anslutning 3500W, 16A (2 st 6 pluggar) och ventilation. Sk\u00e5pet \u00e4r utrustat med en r\u00f6kdetektor och ett avst\u00e4ngningssystem.<\/p>\n<p><strong>Tekniska data: <\/strong><br \/>\nBredd: 80 cm<br \/>\nH\u00f6jd: 111 cm<br \/>\nDjup: 66 cm<br \/>\nVikt: 135 kg<br \/>\nCertifikat fr\u00e5n T\u00dcV NORD Group som anv\u00e4nder det senaste testprogrammet M02\/22, som omfattar verkliga batteribrandtester och gasexplosioner.<br \/>\nMPA-testad brandbest\u00e4ndighet i mer \u00e4n 60 minuter fr\u00e5n insidan till utsidan enligt standarden EN 1363-1.<br \/>\nTillverkad av obr\u00e4nnbara och brands\u00e4kra komponenter.<\/p>","protected":false},"featured_media":18257,"template":"","meta":[],"product_brand":[],"product_cat":[136],"product_tag":[],"class_list":{"0":"post-18256","1":"product","2":"type-product","3":"status-publish","4":"has-post-thumbnail","6":"product_cat-turvakapid","8":"first","9":"instock","10":"taxable","11":"shipping-taxable","12":"purchasable","13":"product-type-simple"},"_links":{"self":[{"href":"https:\/\/flameguard.ee\/sv\/wp-json\/wp\/v2\/product\/18256","targetHints":{"allow":["GET"]}}],"collection":[{"href":"https:\/\/flameguard.ee\/sv\/wp-json\/wp\/v2\/product"}],"about":[{"href":"https:\/\/flameguard.ee\/sv\/wp-json\/wp\/v2\/types\/product"}],"version-history":[{"count":2,"href":"https:\/\/flameguard.ee\/sv\/wp-json\/wp\/v2\/product\/18256\/revisions"}],"predecessor-version":[{"id":18269,"href":"https:\/\/flameguard.ee\/sv\/wp-json\/wp\/v2\/product\/18256\/revisions\/18269"}],"wp:featuredmedia":[{"embeddable":true,"href":"https:\/\/flameguard.ee\/sv\/wp-json\/wp\/v2\/media\/18257"}],"wp:attachment":[{"href":"https:\/\/flameguard.ee\/sv\/wp-json\/wp\/v2\/media?parent=18256"}],"wp:term":[{"taxonomy":"product_brand","embeddable":true,"href":"https:\/\/flameguard.ee\/sv\/wp-json\/wp\/v2\/product_brand?post=18256"},{"taxonomy":"product_cat","embeddable":true,"href":"https:\/\/flameguard.ee\/sv\/wp-json\/wp\/v2\/product_cat?post=18256"},{"taxonomy":"product_tag","embeddable":true,"href":"https:\/\/flameguard.ee\/sv\/wp-json\/wp\/v2\/product_tag?post=18256"}],"curies":[{"name":"wp","href":"https:\/\/api.w.org\/{rel}","templated":true}]}}