{"id":18280,"date":"2025-03-06T20:18:43","date_gmt":"2025-03-06T18:18:43","guid":{"rendered":"http:\/\/flameguard.ee.dedi7782.your-server.de\/?post_type=product&#038;p=18280"},"modified":"2025-03-07T09:08:22","modified_gmt":"2025-03-07T07:08:22","slug":"intuselector-tuletokketoode-app","status":"publish","type":"product","link":"https:\/\/flameguard.ee\/sv\/product\/intuselector-brand-skyddsmedel-produkt-app\/","title":{"rendered":"Intuselector app f\u00f6r brandskydd"},"content":{"rendered":"<p><strong>LADDA NER APPEN H\u00c4R:<\/strong><\/p>\n<p><a href=\"https:\/\/apps.apple.com\/ee\/app\/intuselector\/id6475817828\" target=\"_blank\" rel=\"noopener\"><img decoding=\"async\" class=\"alignnone wp-image-18300\" src=\"https:\/\/flameguard.ee\/wp-content\/uploads\/2025\/03\/7c4457ad97426235ec984fe54df2adf5-400x142.webp\" alt=\"\" width=\"237\" height=\"84\" srcset=\"https:\/\/flameguard.ee\/wp-content\/uploads\/2025\/03\/7c4457ad97426235ec984fe54df2adf5-400x142.webp 400w, https:\/\/flameguard.ee\/wp-content\/uploads\/2025\/03\/7c4457ad97426235ec984fe54df2adf5-768x273.webp 768w, https:\/\/flameguard.ee\/wp-content\/uploads\/2025\/03\/7c4457ad97426235ec984fe54df2adf5-430x153.webp 430w, https:\/\/flameguard.ee\/wp-content\/uploads\/2025\/03\/7c4457ad97426235ec984fe54df2adf5-700x249.webp 700w, https:\/\/flameguard.ee\/wp-content\/uploads\/2025\/03\/7c4457ad97426235ec984fe54df2adf5-150x53.webp 150w, https:\/\/flameguard.ee\/wp-content\/uploads\/2025\/03\/7c4457ad97426235ec984fe54df2adf5.webp 900w\" sizes=\"(max-width: 237px) 100vw, 237px\" \/><\/a><a href=\"https:\/\/www.intuseal.com\/intuselector\/\" target=\"_blank\" rel=\"noopener\"><img decoding=\"async\" class=\"alignnone wp-image-18302\" src=\"https:\/\/flameguard.ee\/wp-content\/uploads\/2025\/03\/434x0w-300x300.webp\" alt=\"\" width=\"96\" height=\"96\" srcset=\"https:\/\/flameguard.ee\/wp-content\/uploads\/2025\/03\/434x0w-300x300.webp 300w, https:\/\/flameguard.ee\/wp-content\/uploads\/2025\/03\/434x0w-150x150.webp 150w, https:\/\/flameguard.ee\/wp-content\/uploads\/2025\/03\/434x0w-430x430.webp 430w, https:\/\/flameguard.ee\/wp-content\/uploads\/2025\/03\/434x0w.webp 434w\" sizes=\"(max-width: 96px) 100vw, 96px\" \/><\/a><a href=\"https:\/\/play.google.com\/store\/apps\/details?id=pl.headwear.mag&amp;pcampaignid=web_share\" target=\"_blank\" rel=\"noopener\"><img decoding=\"async\" class=\"alignnone wp-image-18298\" src=\"https:\/\/flameguard.ee\/wp-content\/uploads\/2025\/03\/Google_Play_Store_badge_EN.svg-400x119.webp\" alt=\"\" width=\"286\" height=\"85\" srcset=\"https:\/\/flameguard.ee\/wp-content\/uploads\/2025\/03\/Google_Play_Store_badge_EN.svg-400x119.webp 400w, https:\/\/flameguard.ee\/wp-content\/uploads\/2025\/03\/Google_Play_Store_badge_EN.svg-1300x385.webp 1300w, https:\/\/flameguard.ee\/wp-content\/uploads\/2025\/03\/Google_Play_Store_badge_EN.svg-768x228.webp 768w, https:\/\/flameguard.ee\/wp-content\/uploads\/2025\/03\/Google_Play_Store_badge_EN.svg-1536x455.webp 1536w, https:\/\/flameguard.ee\/wp-content\/uploads\/2025\/03\/Google_Play_Store_badge_EN.svg-2048x607.webp 2048w, https:\/\/flameguard.ee\/wp-content\/uploads\/2025\/03\/Google_Play_Store_badge_EN.svg-430x127.webp 430w, https:\/\/flameguard.ee\/wp-content\/uploads\/2025\/03\/Google_Play_Store_badge_EN.svg-700x208.webp 700w, https:\/\/flameguard.ee\/wp-content\/uploads\/2025\/03\/Google_Play_Store_badge_EN.svg-150x44.webp 150w\" sizes=\"(max-width: 286px) 100vw, 286px\" \/><\/a><\/p>\n<p><span data-ccp-props=\"{}\">\u00a0<\/span><\/p>","protected":false},"excerpt":{"rendered":"<p><b><span data-contrast=\"auto\">Information om ans\u00f6kan<\/span><\/b><span data-ccp-props=\"{}\">\u00a0<\/span><\/p>\n<p><span data-contrast=\"auto\">Intuselector \u00e4r en anv\u00e4ndarv\u00e4nlig och l\u00e4ttanv\u00e4nd app f\u00f6r att utf\u00f6ra brandbek\u00e4mpningsarbete, som \u00e4r idealisk f\u00f6r anv\u00e4ndare av datorer, iOS och Android smarta enheter. Detta intelligenta verktyg hittar l\u00f6sningar baserat p\u00e5 det brands\u00e4kra elementet eller produkten du v\u00e4ljer att anv\u00e4nda och ger g\u00f6r-det-sj\u00e4lv-byggaren m\u00f6jlighet att l\u00e4ra sig hur produkterna ska anv\u00e4ndas. <\/span><br \/>\n<span data-contrast=\"auto\">Intuselector \u00e4r en anv\u00e4ndarv\u00e4nlig applikation som utvecklades f\u00f6r att ge ett enkelt och smidigt s\u00e4tt att hitta och v\u00e4lja den perfekta l\u00f6sningen f\u00f6r passivt brandskydd av sanit\u00e4ra, elektriska och ventilationsgenomf\u00f6ringar och expansionsfogar. <\/span><br \/>\n<span data-contrast=\"auto\">Du kan ladda ner en f\u00e4rdig teknisk relationsritning fr\u00e5n appen. <\/span><span data-ccp-props=\"{}\">\u00a0<\/span><\/p>\n<p><b><span data-contrast=\"none\">Om utvecklaren<\/span><\/b><span data-ccp-=\"\">\u00a0<\/span><\/p>\n<p><span data-contrast=\"none\">INTUSEAL SP Z O O<\/span><span data-ccp-props=\"{&quot;201341983&quot;:0,&quot;335557856&quot;:16777215,&quot;335559739&quot;:0,&quot;335559740&quot;:240}\">\u00a0<\/span><br \/>\n<span data-contrast=\"none\">dev@intuseal.com<\/span><span data-ccp-props=\"{&quot;201341983&quot;:0,&quot;335557856&quot;:16777215,&quot;335559739&quot;:0,&quot;335559740&quot;:240}\">\u00a0<\/span><br \/>\n<span data-contrast=\"none\">1 Ul. Kineskopowa 05-500 Piaseczno, Polen<\/span><span data-ccp-props=\"{&quot;201341983&quot;:0,&quot;335557856&quot;:16777215,&quot;335559739&quot;:0,&quot;335559740&quot;:240}\">\u00a0<\/span><br \/>\n<span data-contrast=\"none\">+48 691 788\u202f998<\/span><span data-ccp-props=\"{&quot;201341983&quot;:0,&quot;335557856&quot;:16777215,&quot;335559739&quot;:0,&quot;335559740&quot;:240}\">\u00a0<\/span><\/p>\n<p>&nbsp;<\/p>\n<p>&nbsp;<\/p>","protected":false},"featured_media":18310,"template":"","meta":[],"product_brand":[],"product_cat":[80],"product_tag":[],"class_list":{"0":"post-18280","1":"product","2":"type-product","3":"status-publish","4":"has-post-thumbnail","6":"product_cat-it-rakendused","8":"first","9":"instock","10":"virtual","11":"taxable","12":"product-type-simple"},"_links":{"self":[{"href":"https:\/\/flameguard.ee\/sv\/wp-json\/wp\/v2\/product\/18280","targetHints":{"allow":["GET"]}}],"collection":[{"href":"https:\/\/flameguard.ee\/sv\/wp-json\/wp\/v2\/product"}],"about":[{"href":"https:\/\/flameguard.ee\/sv\/wp-json\/wp\/v2\/types\/product"}],"version-history":[{"count":16,"href":"https:\/\/flameguard.ee\/sv\/wp-json\/wp\/v2\/product\/18280\/revisions"}],"predecessor-version":[{"id":18323,"href":"https:\/\/flameguard.ee\/sv\/wp-json\/wp\/v2\/product\/18280\/revisions\/18323"}],"wp:featuredmedia":[{"embeddable":true,"href":"https:\/\/flameguard.ee\/sv\/wp-json\/wp\/v2\/media\/18310"}],"wp:attachment":[{"href":"https:\/\/flameguard.ee\/sv\/wp-json\/wp\/v2\/media?parent=18280"}],"wp:term":[{"taxonomy":"product_brand","embeddable":true,"href":"https:\/\/flameguard.ee\/sv\/wp-json\/wp\/v2\/product_brand?post=18280"},{"taxonomy":"product_cat","embeddable":true,"href":"https:\/\/flameguard.ee\/sv\/wp-json\/wp\/v2\/product_cat?post=18280"},{"taxonomy":"product_tag","embeddable":true,"href":"https:\/\/flameguard.ee\/sv\/wp-json\/wp\/v2\/product_tag?post=18280"}],"curies":[{"name":"wp","href":"https:\/\/api.w.org\/{rel}","templated":true}]}}