{"id":18328,"date":"2025-03-07T11:44:09","date_gmt":"2025-03-07T09:44:09","guid":{"rendered":"http:\/\/flameguard.ee.dedi7782.your-server.de\/?post_type=product&#038;p=18328"},"modified":"2025-03-10T13:29:22","modified_gmt":"2025-03-10T11:29:22","slug":"tuletokkekardinate-hooldus-ja-paigaldus","status":"publish","type":"product","link":"https:\/\/flameguard.ee\/sv\/product\/underhall-och-installation-av-brandbestandiga-gardiner\/","title":{"rendered":"Brandskydd"},"content":{"rendered":"<p>Brandskyddsarbete \u00e4r avg\u00f6rande f\u00f6r att s\u00e4kerst\u00e4lla brands\u00e4kerhet, vilket inneb\u00e4r brandh\u00e4mmande t\u00e4tning av \u00f6ppningar, kommunikationsgenomf\u00f6ringar, ventilations\u00f6ppningar och andra \u00f6ppningar f\u00f6r att f\u00f6rhindra brandspridning inom en viss tidsperiod. V\u00e5ra specialister utf\u00f6r vanligtvis t\u00e4tning av mindre \u00f6ppningar (t.ex. kabelinf\u00e4stningar etc.) och applicering av brandh\u00e4mmande f\u00e4rger. F\u00f6r st\u00f6rre projekt s\u00e4kerst\u00e4ller vi full \u00f6verensst\u00e4mmelse med byggprojektet.<\/p>\n<p>Underl\u00e5tenhet att utf\u00f6ra arbetet kan leda till allvarliga faror. Om \u00f6ppningar och genomf\u00f6ringar inte t\u00e4tas p\u00e5 ett brands\u00e4kert s\u00e4tt kan branden sprida sig till andra delar av byggnaden, vilket \u00f6kar skadornas omfattning och faran f\u00f6r m\u00e4nniskors liv. Dessutom kan r\u00f6k och giftiga gaser spridas snabbare mellan rummen i byggnaden, vilket f\u00f6rsv\u00e5rar den livsviktiga evakueringen och \u00e4ventyrar r\u00e4ddningsarbetarnas s\u00e4kerhet. D\u00e4rf\u00f6r \u00e4r brandskydd viktigt f\u00f6r att h\u00e5lla byggnader s\u00e4kra och skydda liv.<\/p>\n<p><strong>N\u00e4r arbetena \u00e4r slutf\u00f6rda kommer vi att ge ut en dokumenterad rapport om arbetena.<\/strong><\/p>\n<p><span data-ccp-props=\"{&quot;201341983&quot;:0,&quot;335559739&quot;:0,&quot;335559740&quot;:240}\">\u00a0<\/span><\/p>","protected":false},"excerpt":{"rendered":"<p>Syftet med brandskydds- och skyddsarbetet \u00e4r att s\u00e4kerst\u00e4lla brandkonstruktionernas v\u00e4rmebest\u00e4ndighet och isoleringsf\u00f6rm\u00e5ga mot brandgaser och r\u00f6k. Vi utf\u00f6r brandskyddsarbeten \u00f6ver hela Estland och erbjuder brands\u00e4kra och certifierade l\u00f6sningar \u00e4ven f\u00f6r komplexa strukturer, inklusive brandskyddsarbeten f\u00f6r kulturbyggnader. Under arbetets g\u00e5ng kommer vi att bed\u00f6ma byggnadens b\u00e4rande konstruktioner och inspektera brandskyddssektionerna f\u00f6r att s\u00e4kerst\u00e4lla deras enhet och integritet. Dessutom utf\u00f6r vi byggarbeten om det vid brands\u00e4kerhetsauditeringen uppdagas brister som g\u00f6r att det inte g\u00e5r att f\u00e5 bygglov f\u00f6r anv\u00e4ndning.<\/p>\n<p><b><span data-contrast=\"auto\">Om du har n\u00e5gra fr\u00e5gor eller problem kommer v\u00e5ra specialister och experter att ge dig r\u00e5d.<\/span><\/b><span data-ccp-props=\"{&quot;201341983&quot;:0,&quot;335559739&quot;:0,&quot;335559740&quot;:240}\">\u00a0<\/span><\/p>\n<p><b><span data-contrast=\"auto\">I priset f\u00f6r tj\u00e4nsten ing\u00e5r 1 timmes projektkonsultation, och de fortsatta aktiviteterna kartl\u00e4ggs och priss\u00e4tts enligt den faktiska m\u00e4ngden material och arbete.<\/span><\/b><\/p>","protected":false},"featured_media":18625,"template":"","meta":[],"product_brand":[],"product_cat":[117,123,116,118],"product_tag":[],"class_list":{"0":"post-18328","1":"product","2":"type-product","3":"status-publish","4":"has-post-thumbnail","6":"product_cat-hooldus-ja-paigaldus","7":"product_cat-projekteerimine","8":"product_cat-teenused","9":"product_cat-tuleohutus","11":"first","12":"instock","13":"taxable","14":"shipping-taxable","15":"purchasable","16":"product-type-simple"},"_links":{"self":[{"href":"https:\/\/flameguard.ee\/sv\/wp-json\/wp\/v2\/product\/18328","targetHints":{"allow":["GET"]}}],"collection":[{"href":"https:\/\/flameguard.ee\/sv\/wp-json\/wp\/v2\/product"}],"about":[{"href":"https:\/\/flameguard.ee\/sv\/wp-json\/wp\/v2\/types\/product"}],"version-history":[{"count":5,"href":"https:\/\/flameguard.ee\/sv\/wp-json\/wp\/v2\/product\/18328\/revisions"}],"predecessor-version":[{"id":18628,"href":"https:\/\/flameguard.ee\/sv\/wp-json\/wp\/v2\/product\/18328\/revisions\/18628"}],"wp:featuredmedia":[{"embeddable":true,"href":"https:\/\/flameguard.ee\/sv\/wp-json\/wp\/v2\/media\/18625"}],"wp:attachment":[{"href":"https:\/\/flameguard.ee\/sv\/wp-json\/wp\/v2\/media?parent=18328"}],"wp:term":[{"taxonomy":"product_brand","embeddable":true,"href":"https:\/\/flameguard.ee\/sv\/wp-json\/wp\/v2\/product_brand?post=18328"},{"taxonomy":"product_cat","embeddable":true,"href":"https:\/\/flameguard.ee\/sv\/wp-json\/wp\/v2\/product_cat?post=18328"},{"taxonomy":"product_tag","embeddable":true,"href":"https:\/\/flameguard.ee\/sv\/wp-json\/wp\/v2\/product_tag?post=18328"}],"curies":[{"name":"wp","href":"https:\/\/api.w.org\/{rel}","templated":true}]}}