{"id":18333,"date":"2025-03-07T11:48:46","date_gmt":"2025-03-07T09:48:46","guid":{"rendered":"http:\/\/flameguard.ee.dedi7782.your-server.de\/?post_type=product&#038;p=18333"},"modified":"2025-03-15T13:55:42","modified_gmt":"2025-03-15T11:55:42","slug":"tulekustutite-kontroll-ja-hooldus","status":"publish","type":"product","link":"https:\/\/flameguard.ee\/sv\/product\/inspektion-och-underhall-av-brandslackare\/","title":{"rendered":"Besiktning och underh\u00e5ll av brandsl\u00e4ckare"},"content":{"rendered":"<p><span data-contrast=\"auto\">Om brandsl\u00e4ckaren klarar inspektionen f\u00e4sts en motsvarande inspektionsdekal p\u00e5 den, p\u00e5 vilken datumet f\u00f6r n\u00e4sta inspektion anges. Om det visar sig att det inte \u00e4r m\u00f6jligt att f\u00f6rl\u00e4nga giltighetstiden f\u00f6r en brandsl\u00e4ckare som tagits in f\u00f6r regelbunden kontroll med en dekal kommer kunden att meddelas om detta, och i s\u00e5 fall m\u00e5ste en ny brandsl\u00e4ckare k\u00f6pas.<\/span><span data-ccp-props=\"{&quot;201341983&quot;:0,&quot;335559739&quot;:0,&quot;335559740&quot;:240}\">\u00a0<\/span><span data-ccp-props=\"{&quot;201341983&quot;:0,&quot;335559739&quot;:0,&quot;335559740&quot;:240}\">\u00a0<\/span><\/p>\n<p><span data-contrast=\"auto\">Om tillverkaren inte har f\u00f6reskrivit hur ofta brandsl\u00e4ckaren ska inspekteras, ska brandsl\u00e4ckaren inspekteras:<\/span><span data-ccp-props=\"{&quot;201341983&quot;:0,&quot;335559739&quot;:0,&quot;335559740&quot;:240}\">\u00a0<\/span><\/p>\n<ul>\n<li data-leveltext=\"\uf0b7\" data-font=\"Symbol\" data-listid=\"6\" data-list-defn-props=\"{&quot;335552541&quot;:1,&quot;335559685&quot;:720,&quot;335559991&quot;:360,&quot;469769226&quot;:&quot;Symbol&quot;,&quot;469769242&quot;:[8226],&quot;469777803&quot;:&quot;left&quot;,&quot;469777804&quot;:&quot;\uf0b7&quot;,&quot;469777815&quot;:&quot;multilevel&quot;}\" aria-setsize=\"-1\" data-aria-posinset=\"1\" data-aria-level=\"1\"><span data-contrast=\"auto\">Brandsl\u00e4ckare som f\u00f6rvaras i en bil, vattenskoter eller utomhus m\u00e5ste kontrolleras vart 1:e \u00e5r.<\/span><span data-ccp-props=\"{&quot;201341983&quot;:0,&quot;335559739&quot;:0,&quot;335559740&quot;:240}\">\u00a0<\/span><\/li>\n<\/ul>\n<ul>\n<li data-leveltext=\"\uf0b7\" data-font=\"Symbol\" data-listid=\"6\" data-list-defn-props=\"{&quot;335552541&quot;:1,&quot;335559685&quot;:720,&quot;335559991&quot;:360,&quot;469769226&quot;:&quot;Symbol&quot;,&quot;469769242&quot;:[8226],&quot;469777803&quot;:&quot;left&quot;,&quot;469777804&quot;:&quot;\uf0b7&quot;,&quot;469777815&quot;:&quot;multilevel&quot;}\" aria-setsize=\"-1\" data-aria-posinset=\"2\" data-aria-level=\"1\"><span data-contrast=\"auto\">Vartannat \u00e5r m\u00e5ste alla brandsl\u00e4ckare (f\u00f6rutom de som \u00e4r placerade i fordonet eller utomhus) kontrolleras.<\/span><span data-ccp-props=\"{&quot;201341983&quot;:0,&quot;335559739&quot;:0,&quot;335559740&quot;:240}\"><br \/>\n<\/span><\/li>\n<\/ul>\n<p><span data-contrast=\"auto\">OBS! Brands\u00e4kerhetslagen, som tr\u00e4dde i kraft den 1 mars 2021, sk\u00e4rpte kraven p\u00e5 inspektion och underh\u00e5ll av brandsl\u00e4ckare.<\/span><br \/>\n<span data-contrast=\"auto\">Ett f\u00f6retag som besiktigar och underh\u00e5ller en brandsl\u00e4ckare ska g\u00f6ra en anm\u00e4lan om ekonomisk verksamhet till n\u00e4ringsregistret (MTR) i samband med att en ansvarig person utses. Den ansvariga specialisten m\u00e5ste ha yrkesutbildning i att inspektera och underh\u00e5lla en brandsl\u00e4ckare och minst tre \u00e5rs arbetslivserfarenhet inom omr\u00e5det. Den ansvariga personen m\u00e5ste st\u00e5 i ett avtalsf\u00f6rh\u00e5llande med f\u00f6retaget f\u00f6r att s\u00e4kerst\u00e4lla att kraven i brands\u00e4kerhetslagen och den lagstiftning som fastst\u00e4llts p\u00e5 grundval av den uppfylls.<\/span><span data-ccp-props=\"{&quot;201341983&quot;:0,&quot;335559739&quot;:0,&quot;335559740&quot;:240}\">\u00a0<\/span><\/p>\n<p><span data-contrast=\"auto\">Endast brandsl\u00e4ckare som inspekteras och underh\u00e5lls av en kompetent person fungerar som livr\u00e4ddande anordningar i h\u00e4ndelse av brand. Detta \u00e4r endast m\u00f6jligt genom professionellt och h\u00f6gkvalitativt underh\u00e5ll av brandsl\u00e4ckaren.<\/span><span data-ccp-props=\"{&quot;201341983&quot;:0,&quot;335559739&quot;:0,&quot;335559740&quot;:240}\">\u00a0<\/span><\/p>","protected":false},"excerpt":{"rendered":"<p><span data-contrast=\"auto\">Besiktning av en brandsl\u00e4ckare \u00e4r en del av underh\u00e5llet av brands\u00e4kerhetsinstallationer och kan endast s\u00e4kerst\u00e4llas om den person som utf\u00f6r arbetet har f\u00e5tt l\u00e4mplig utbildning och har l\u00e4mplig utrustning, maskiner, verktyg och instruktioner f\u00f6r detta. Den person som utf\u00f6r inspektion och underh\u00e5ll av brandsl\u00e4ckare m\u00e5ste utg\u00e5 fr\u00e5n tillverkarens underh\u00e5llsinstruktioner, standarden EVS 933:2017 fr\u00e5n Republiken Estland och den relevanta f\u00f6rordningen fr\u00e5n inrikesministern.<\/span><span data-ccp-props=\"{&quot;201341983&quot;:0,&quot;335559739&quot;:0,&quot;335559740&quot;:240}\">\u00a0<\/span><\/p>\n<p><b><span data-contrast=\"auto\">Om du har n\u00e5gra fr\u00e5gor eller problem kommer v\u00e5ra specialister och experter att ge dig r\u00e5d.<\/span><\/b><span data-ccp-props=\"{&quot;201341983&quot;:0,&quot;335559739&quot;:0,&quot;335559740&quot;:240}\">\u00a0<\/span><\/p>\n<p><b><span data-contrast=\"auto\">I priset f\u00f6r tj\u00e4nsten ing\u00e5r 1 produktinspektion och behovet av inspektion av fler produkter kartl\u00e4ggs och priss\u00e4tts enligt den faktiska arbetsm\u00e4ngden.<\/span><\/b><span data-ccp-props=\"{&quot;201341983&quot;:0,&quot;335559739&quot;:0,&quot;335559740&quot;:240}\">\u00a0<\/span><\/p>\n<p>&nbsp;<\/p>","protected":false},"featured_media":18334,"template":"","meta":[],"product_brand":[],"product_cat":[117,116],"product_tag":[],"class_list":{"0":"post-18333","1":"product","2":"type-product","3":"status-publish","4":"has-post-thumbnail","6":"product_cat-hooldus-ja-paigaldus","7":"product_cat-teenused","9":"first","10":"instock","11":"sale","12":"taxable","13":"shipping-taxable","14":"purchasable","15":"product-type-simple"},"_links":{"self":[{"href":"https:\/\/flameguard.ee\/sv\/wp-json\/wp\/v2\/product\/18333","targetHints":{"allow":["GET"]}}],"collection":[{"href":"https:\/\/flameguard.ee\/sv\/wp-json\/wp\/v2\/product"}],"about":[{"href":"https:\/\/flameguard.ee\/sv\/wp-json\/wp\/v2\/types\/product"}],"version-history":[{"count":3,"href":"https:\/\/flameguard.ee\/sv\/wp-json\/wp\/v2\/product\/18333\/revisions"}],"predecessor-version":[{"id":18461,"href":"https:\/\/flameguard.ee\/sv\/wp-json\/wp\/v2\/product\/18333\/revisions\/18461"}],"wp:featuredmedia":[{"embeddable":true,"href":"https:\/\/flameguard.ee\/sv\/wp-json\/wp\/v2\/media\/18334"}],"wp:attachment":[{"href":"https:\/\/flameguard.ee\/sv\/wp-json\/wp\/v2\/media?parent=18333"}],"wp:term":[{"taxonomy":"product_brand","embeddable":true,"href":"https:\/\/flameguard.ee\/sv\/wp-json\/wp\/v2\/product_brand?post=18333"},{"taxonomy":"product_cat","embeddable":true,"href":"https:\/\/flameguard.ee\/sv\/wp-json\/wp\/v2\/product_cat?post=18333"},{"taxonomy":"product_tag","embeddable":true,"href":"https:\/\/flameguard.ee\/sv\/wp-json\/wp\/v2\/product_tag?post=18333"}],"curies":[{"name":"wp","href":"https:\/\/api.w.org\/{rel}","templated":true}]}}