{"id":18337,"date":"2025-03-07T11:52:12","date_gmt":"2025-03-07T09:52:12","guid":{"rendered":"http:\/\/flameguard.ee.dedi7782.your-server.de\/?post_type=product&#038;p=18337"},"modified":"2025-03-07T18:36:31","modified_gmt":"2025-03-07T16:36:31","slug":"tuletorje-voolikususteemi-kontroll-ja-hooldus","status":"publish","type":"product","link":"https:\/\/flameguard.ee\/sv\/product\/brand-slangsystem-inspektion-och-underhall\/","title":{"rendered":"Inspektion och underh\u00e5ll av brandslangssystemet"},"content":{"rendered":"<p><span data-contrast=\"auto\">Underh\u00e5llet av brandslangsystemet utf\u00f6rs en g\u00e5ng vart 5:e \u00e5r och utf\u00f6rs i enlighet med kraven i EVS-EN 671, som anger att slangarna i hela systemet m\u00e5ste trycks\u00e4ttas vart 5:e \u00e5r med ett minsta arbetstryck p\u00e5 1,43 g\u00e5nger.<\/span><span data-ccp-props=\"{&quot;201341983&quot;:0,&quot;335559739&quot;:0,&quot;335559740&quot;:240}\">\u00a0<\/span><\/p>\n<p><span data-contrast=\"auto\">OBS! Endast ett slangsystem som har kontrollerats och underh\u00e5llits av en kompetent person kommer att fungera som ett livr\u00e4ddande verktyg i h\u00e4ndelse av brand.\u00a0<\/span><span data-ccp-props=\"{&quot;201341983&quot;:0,&quot;335559739&quot;:0,&quot;335559740&quot;:240}\">\u00a0<\/span><\/p>","protected":false},"excerpt":{"rendered":"<p><span data-contrast=\"auto\">Ett fungerande brandslangsystem \u00e4r ett effektivt sl\u00e4ckverktyg som m\u00f6jligg\u00f6r snabb lindring i h\u00e4ndelse av brand. Objektets innehavare ska se till att systemet observeras, inspekteras och underh\u00e5lls samt att verksamheten dokumenteras. Brandslangssystemets driftberedskap och m\u00e4tningen av vattenf\u00f6rs\u00f6rjningens effektivitet m\u00e5ste utf\u00f6ras en g\u00e5ng om \u00e5ret.<\/span><span data-ccp-props=\"{&quot;201341983&quot;:0,&quot;335559739&quot;:0,&quot;335559740&quot;:240}\">\u00a0<\/span><\/p>\n<p><span data-contrast=\"auto\">I Flameguards produktsortiment finns alla delar som beh\u00f6vs f\u00f6r att f\u00e4rdigst\u00e4lla systemet eller som reservdelar: slangsk\u00e5p, trumslangsk\u00e5p, slangar, kopplingar, ventiler, \u00e5terf\u00f6rslutningsbara jetr\u00f6r, m\u00e4rkningar, instruktioner m.m.<\/span><span data-ccp-props=\"{&quot;201341983&quot;:0,&quot;335559739&quot;:0,&quot;335559740&quot;:240}\">\u00a0<\/span><\/p>\n<p><span data-ccp-props=\"{&quot;201341983&quot;:0,&quot;335559739&quot;:0,&quot;335559740&quot;:240}\">\u00a0<\/span><b><span data-contrast=\"auto\">Om du har n\u00e5gra fr\u00e5gor eller problem kommer v\u00e5ra specialister och experter att ge dig r\u00e5d.<\/span><\/b><span data-ccp-props=\"{&quot;201341983&quot;:0,&quot;335559739&quot;:0,&quot;335559740&quot;:240}\">\u00a0<\/span><\/p>\n<p><b><span data-contrast=\"auto\">I priset f\u00f6r tj\u00e4nsten ing\u00e5r 1 produktinspektion och behovet av inspektion av fler produkter kartl\u00e4ggs och priss\u00e4tts enligt den faktiska arbetsm\u00e4ngden.<\/span><\/b><span data-ccp-props=\"{&quot;201341983&quot;:0,&quot;335559739&quot;:0,&quot;335559740&quot;:240}\">\u00a0<\/span><\/p>\n<p>&nbsp;<\/p>","protected":false},"featured_media":18338,"template":"","meta":[],"product_brand":[],"product_cat":[117,116],"product_tag":[],"class_list":{"0":"post-18337","1":"product","2":"type-product","3":"status-publish","4":"has-post-thumbnail","6":"product_cat-hooldus-ja-paigaldus","7":"product_cat-teenused","9":"first","10":"instock","11":"taxable","12":"shipping-taxable","13":"purchasable","14":"product-type-simple"},"_links":{"self":[{"href":"https:\/\/flameguard.ee\/sv\/wp-json\/wp\/v2\/product\/18337","targetHints":{"allow":["GET"]}}],"collection":[{"href":"https:\/\/flameguard.ee\/sv\/wp-json\/wp\/v2\/product"}],"about":[{"href":"https:\/\/flameguard.ee\/sv\/wp-json\/wp\/v2\/types\/product"}],"version-history":[{"count":2,"href":"https:\/\/flameguard.ee\/sv\/wp-json\/wp\/v2\/product\/18337\/revisions"}],"predecessor-version":[{"id":18460,"href":"https:\/\/flameguard.ee\/sv\/wp-json\/wp\/v2\/product\/18337\/revisions\/18460"}],"wp:featuredmedia":[{"embeddable":true,"href":"https:\/\/flameguard.ee\/sv\/wp-json\/wp\/v2\/media\/18338"}],"wp:attachment":[{"href":"https:\/\/flameguard.ee\/sv\/wp-json\/wp\/v2\/media?parent=18337"}],"wp:term":[{"taxonomy":"product_brand","embeddable":true,"href":"https:\/\/flameguard.ee\/sv\/wp-json\/wp\/v2\/product_brand?post=18337"},{"taxonomy":"product_cat","embeddable":true,"href":"https:\/\/flameguard.ee\/sv\/wp-json\/wp\/v2\/product_cat?post=18337"},{"taxonomy":"product_tag","embeddable":true,"href":"https:\/\/flameguard.ee\/sv\/wp-json\/wp\/v2\/product_tag?post=18337"}],"curies":[{"name":"wp","href":"https:\/\/api.w.org\/{rel}","templated":true}]}}