{"id":18501,"date":"2025-03-08T15:06:55","date_gmt":"2025-03-08T13:06:55","guid":{"rendered":"http:\/\/flameguard.ee.dedi7782.your-server.de\/?post_type=product&#038;p=18501"},"modified":"2025-03-08T15:37:31","modified_gmt":"2025-03-08T13:37:31","slug":"korstnapuhkija-teenus","status":"publish","type":"product","link":"https:\/\/flameguard.ee\/sv\/product\/sotare\/","title":{"rendered":"Sotare"},"content":{"rendered":"<p><b><span data-contrast=\"auto\">Underh\u00e5ll av v\u00e4rmesystem \u00e4r obligatoriskt<\/span><\/b><span data-ccp-props=\"{&quot;201341983&quot;:0,&quot;335559739&quot;:0,&quot;335559740&quot;:240}\">\u00a0<\/span><\/p>\n<p>Efter att tj\u00e4nsten har tillhandah\u00e5llits matas uppgifterna in i v\u00e4rmesystemportalen, d\u00e4r en digital sotningsrapport utarbetas.<\/p>\n<p><strong>Viktig information innan sotarens ankomst:<\/strong><\/p>\n<ul>\n<li title=\"Se till att sotaren har tillg\u00e5ng till \u00e4nden av skorstenen\">se till att det finns tillg\u00e5ng till skorstenen p\u00e5 taket (g\u00e5ngv\u00e4g eller stege, etc.);<\/li>\n<li title=\"Se till att sotaren har tillg\u00e5ng till delar av v\u00e4rmesystemet p\u00e5 alla v\u00e5ningsplan\">se till att det \u00e4r l\u00e4tt att komma \u00e5t alla delar av v\u00e4rmesystemet (skorsten, v\u00e4rmare, reng\u00f6ringslucka, etc.);<\/li>\n<li title=\"V\u00e4rm inte samma dag innan sotaren kommer\">v\u00e4rmesystemet m\u00e5ste kylas;<\/li>\n<li title=\"Innan du sopar skorstenen, st\u00e4ng alla spj\u00e4ll, luckor, ventilationsgaller och luftintag\">st\u00e4ng alla spj\u00e4ll, luckor, luftintag etc.;<\/li>\n<li title=\"Innan du sopar skorstenen, st\u00e4ng alla spj\u00e4ll, luckor, ventilationsgaller och luftintag\">Vid \u00f6ppen spis m\u00e5ste eldstadens \u00f6ppning t\u00e4ckas \u00f6ver.<\/li>\n<\/ul>","protected":false},"excerpt":{"rendered":"<p>Regelbunden sotning hj\u00e4lper till att f\u00f6rhindra flera farliga situationer. Sot och beck samlas i skorstenen under uppv\u00e4rmningen, och detta kan orsaka skorstensbr\u00e4nder med tiden. En orengjord skorsten \u00e4r en stor brandrisk som kan \u00e4ventyra s\u00e4kerheten f\u00f6r hela byggnaden och dess inv\u00e5nare. Underh\u00e5ll av v\u00e4rmesystem s\u00e4kerst\u00e4ller att de fungerar effektivt. Om skorstenen och v\u00e4rmarna \u00e4r rena kan v\u00e4rmesystemet dra ordentligt och producera v\u00e4rme i tid.<\/p>\n<p>Sotartj\u00e4nsten omfattar brandskyddsinspektion och reng\u00f6ring av ett v\u00e4rmesystem med en enda v\u00e4rmeanordning i Tallinnregionen. P\u00e5 andra st\u00e4llen i omr\u00e5det eller vid fler v\u00e4rmesystem, be om ett personligt erbjudande.<\/p>\n<p><strong>Sotning m\u00e5ste utf\u00f6ras av en kvalificerad specialist som har relevant yrkescertifikat. En sotare ska ha minst yrkeskvalifikation p\u00e5 niv\u00e5 4 eller 5.<\/strong><\/p>","protected":false},"featured_media":18502,"template":"","meta":[],"product_brand":[],"product_cat":[117,116,118],"product_tag":[],"class_list":{"0":"post-18501","1":"product","2":"type-product","3":"status-publish","4":"has-post-thumbnail","6":"product_cat-hooldus-ja-paigaldus","7":"product_cat-teenused","8":"product_cat-tuleohutus","10":"first","11":"instock","12":"taxable","13":"shipping-taxable","14":"purchasable","15":"product-type-simple"},"_links":{"self":[{"href":"https:\/\/flameguard.ee\/sv\/wp-json\/wp\/v2\/product\/18501","targetHints":{"allow":["GET"]}}],"collection":[{"href":"https:\/\/flameguard.ee\/sv\/wp-json\/wp\/v2\/product"}],"about":[{"href":"https:\/\/flameguard.ee\/sv\/wp-json\/wp\/v2\/types\/product"}],"version-history":[{"count":2,"href":"https:\/\/flameguard.ee\/sv\/wp-json\/wp\/v2\/product\/18501\/revisions"}],"predecessor-version":[{"id":18504,"href":"https:\/\/flameguard.ee\/sv\/wp-json\/wp\/v2\/product\/18501\/revisions\/18504"}],"wp:featuredmedia":[{"embeddable":true,"href":"https:\/\/flameguard.ee\/sv\/wp-json\/wp\/v2\/media\/18502"}],"wp:attachment":[{"href":"https:\/\/flameguard.ee\/sv\/wp-json\/wp\/v2\/media?parent=18501"}],"wp:term":[{"taxonomy":"product_brand","embeddable":true,"href":"https:\/\/flameguard.ee\/sv\/wp-json\/wp\/v2\/product_brand?post=18501"},{"taxonomy":"product_cat","embeddable":true,"href":"https:\/\/flameguard.ee\/sv\/wp-json\/wp\/v2\/product_cat?post=18501"},{"taxonomy":"product_tag","embeddable":true,"href":"https:\/\/flameguard.ee\/sv\/wp-json\/wp\/v2\/product_tag?post=18501"}],"curies":[{"name":"wp","href":"https:\/\/api.w.org\/{rel}","templated":true}]}}