{"id":18505,"date":"2025-03-08T15:47:01","date_gmt":"2025-03-08T13:47:01","guid":{"rendered":"http:\/\/flameguard.ee.dedi7782.your-server.de\/?post_type=product&#038;p=18505"},"modified":"2025-03-08T16:10:50","modified_gmt":"2025-03-08T14:10:50","slug":"ventilatsioonipuhastus","status":"publish","type":"product","link":"https:\/\/flameguard.ee\/sv\/product\/rengoring-av-ventilation\/","title":{"rendered":"Underh\u00e5ll av ventilation"},"content":{"rendered":"<p><b><span data-contrast=\"auto\">Underh\u00e5ll av ventilationssystem \u00e4r obligatoriskt<\/span><\/b><span data-ccp-props=\"{&quot;201341983&quot;:0,&quot;335559739&quot;:0,&quot;335559740&quot;:240}\">\u00a0<\/span><\/p>\n<p><b>Skyldighet att l\u00e4mna in en brands\u00e4kerhetsrapport<\/b> F\u00f6retag och institutioner vars byggnader har en h\u00f6g risk f\u00f6r brand eller m\u00f6jliga allvarliga konsekvenser p\u00e5 grund av byggnadens s\u00e4rdrag, deras verksamhet eller de sv\u00e5ra f\u00f6rh\u00e5llandena f\u00f6r att utf\u00f6ra sl\u00e4cknings- och r\u00e4ddningsarbeten.<\/p>\n<p>Stor uppm\u00e4rksamhet b\u00f6r \u00e4gnas \u00e5t v\u00e5rd:<\/p>\n<ul>\n<li>Flerbostadshus<\/li>\n<li>Privata hus<\/li>\n<li>Shopping<\/li>\n<li>Restauranger<\/li>\n<li>Hotell<\/li>\n<li>Skolor<\/li>\n<li>F\u00f6rskolor<\/li>\n<li>Kontorsbyggnader<\/li>\n<\/ul>\n<p>Ett rent och regelbundet underh\u00e5llet ventilationssystem minskar reparationskostnaderna. Som ett resultat av ett ounderh\u00e5llet system cirkulerar ren luft inte l\u00e4ngre fritt i ventilationen, vilket \u00f6kar energif\u00f6rbrukningen, minskar utrustningens livsl\u00e4ngd och \u00f6kar risken f\u00f6r brand.<\/p>","protected":false},"excerpt":{"rendered":"<p>Reng\u00f6ring av ventilationssystem \u00e4r obligatoriskt och enligt EVS 812-2:2014 \"Building Fire Safety\" m\u00e5ste reng\u00f6ringsfrekvensen vara <b>minst en g\u00e5ng om \u00e5ret, <\/b>Och det f\u00e5r inte g\u00e5 mer \u00e4n 365 dagar mellan behandlingarna.<\/p>\n<p>Ventilationskanaler i professionellt anv\u00e4nda k\u00f6k m\u00e5ste reng\u00f6ras enligt anv\u00e4ndningsintensiteten:<\/p>\n<ul>\n<li>minst en g\u00e5ng i kvartalet, om utrustningen anv\u00e4nds 12 h\/dag \u201316 h\/dag;<\/li>\n<li>minst en g\u00e5ng var sj\u00e4tte m\u00e5nad, om utrustningen anv\u00e4nds 6 timmar\/dag \u2013 12 timmar\/dag;<\/li>\n<li>minst en g\u00e5ng om \u00e5ret, om utrustningen anv\u00e4nds 2 h\/dygn \u20136 h\/dygn.<\/li>\n<\/ul>\n<p>I tj\u00e4nsten ing\u00e5r en brandskyddsinspektion av ett system och 1 timmes st\u00e4dning i Harju l\u00e4nsomr\u00e5de. P\u00e5 andra st\u00e4llen i omr\u00e5det eller vid fler ventilationssystem, be om ett personligt erbjudande.<\/p>","protected":false},"featured_media":18506,"template":"","meta":[],"product_brand":[],"product_cat":[117,116,119,118],"product_tag":[],"class_list":{"0":"post-18505","1":"product","2":"type-product","3":"status-publish","4":"has-post-thumbnail","6":"product_cat-hooldus-ja-paigaldus","7":"product_cat-teenused","8":"product_cat-tooohutus-ja-tervishoid","9":"product_cat-tuleohutus","11":"first","12":"instock","13":"taxable","14":"shipping-taxable","15":"purchasable","16":"product-type-simple"},"_links":{"self":[{"href":"https:\/\/flameguard.ee\/sv\/wp-json\/wp\/v2\/product\/18505","targetHints":{"allow":["GET"]}}],"collection":[{"href":"https:\/\/flameguard.ee\/sv\/wp-json\/wp\/v2\/product"}],"about":[{"href":"https:\/\/flameguard.ee\/sv\/wp-json\/wp\/v2\/types\/product"}],"version-history":[{"count":3,"href":"https:\/\/flameguard.ee\/sv\/wp-json\/wp\/v2\/product\/18505\/revisions"}],"predecessor-version":[{"id":18509,"href":"https:\/\/flameguard.ee\/sv\/wp-json\/wp\/v2\/product\/18505\/revisions\/18509"}],"wp:featuredmedia":[{"embeddable":true,"href":"https:\/\/flameguard.ee\/sv\/wp-json\/wp\/v2\/media\/18506"}],"wp:attachment":[{"href":"https:\/\/flameguard.ee\/sv\/wp-json\/wp\/v2\/media?parent=18505"}],"wp:term":[{"taxonomy":"product_brand","embeddable":true,"href":"https:\/\/flameguard.ee\/sv\/wp-json\/wp\/v2\/product_brand?post=18505"},{"taxonomy":"product_cat","embeddable":true,"href":"https:\/\/flameguard.ee\/sv\/wp-json\/wp\/v2\/product_cat?post=18505"},{"taxonomy":"product_tag","embeddable":true,"href":"https:\/\/flameguard.ee\/sv\/wp-json\/wp\/v2\/product_tag?post=18505"}],"curies":[{"name":"wp","href":"https:\/\/api.w.org\/{rel}","templated":true}]}}