{"id":18510,"date":"2025-03-08T16:12:38","date_gmt":"2025-03-08T14:12:38","guid":{"rendered":"http:\/\/flameguard.ee.dedi7782.your-server.de\/?post_type=product&#038;p=18510"},"modified":"2025-03-08T16:57:54","modified_gmt":"2025-03-08T14:57:54","slug":"riskianaluusi-audit","status":"publish","type":"product","link":"https:\/\/flameguard.ee\/sv\/product\/revision-av-riskanalys\/","title":{"rendered":"Revision av riskanalys"},"content":{"rendered":"<p><b><span data-contrast=\"auto\">Riskanalysen och handlingsplanen ska ses \u00f6ver minst en g\u00e5ng per \u00e5r.<\/span><\/b><\/p>\n<p>Arbetsgivaren ska uppdatera arbetsmilj\u00f6riskanalysen om:<\/p>\n<ul>\n<li>arbetsf\u00f6rh\u00e5llandena eller arbetsmilj\u00f6n har f\u00f6r\u00e4ndrats v\u00e4sentligt,<\/li>\n<li>verktyg eller teknik har bytts ut eller uppgraderats;<\/li>\n<li>Nya uppgifter om riskfaktorns inverkan p\u00e5 m\u00e4nniskors h\u00e4lsa har framkommit.<\/li>\n<li>olycka eller farlig situation, har riskniv\u00e5n \u00e4ndrats j\u00e4mf\u00f6rt med den ursprungliga<\/li>\n<li>F\u00f6retagsl\u00e4karen har identifierat arbetstagarens arbetsrelaterade sjukdom i samband med l\u00e4karunders\u00f6kningen.<\/li>\n<\/ul>\n<p>Riskanalysen ska ocks\u00e5 uppdateras om yrkesinspekt\u00f6ren i samband med tillsynen har konstaterat att de risker som f\u00f6rekommer i arbetsmilj\u00f6n inte har bed\u00f6mts i tillr\u00e4cklig utstr\u00e4ckning i riskanalysen, inklusive parametrarna f\u00f6r riskfaktorer, eller om \u00e5tg\u00e4rder f\u00f6r att minska riskerna inte har f\u00f6reskrivits.<\/p>\n<p>N\u00e4r man bed\u00f6mer risker i ett f\u00f6retag med egna resurser \u00e4r lagarbete ett plus: det finns ingen s\u00e5dan universell person som k\u00e4nner till alla arbetsprocesser och kan analysera dem ur riskfaktorernas synvinkel. Genom att l\u00e4gga ut tj\u00e4nsten p\u00e5 entreprenad kan man f\u00f6rs\u00e4kra sig om att analysen utf\u00f6rs av en specialist som \u00e4r bekant med metodiken f\u00f6r riskbed\u00f6mning och dokumentation. Som utomst\u00e5ende kan en specialist ocks\u00e5 hitta eller kunna analysera k\u00e4llor till fara som inte alls \u00e4r m\u00e4rkbara vid f\u00f6rsta anblicken. Det b\u00e4sta alternativet \u00e4r en riskbed\u00f6mning i samarbete mellan tj\u00e4nsteleverant\u00f6ren och arbetsgivaren\/f\u00f6retagets representant. P\u00e5 s\u00e5 s\u00e4tt sl\u00e5r tv\u00e5 experter som k\u00e4nner till sitt f\u00f6retags arbete och dess s\u00e4rdrag, riskbed\u00f6mningsmetoden och kan ge en mer objektiv bed\u00f6mning av risker sina huvuden ihop.<\/p>","protected":false},"excerpt":{"rendered":"<p>Syftet med en riskanalysrevision \u00e4r att identifiera och bed\u00f6ma f\u00f6r\u00e4ndringar i faror i arbetsmilj\u00f6n. Revisionen genomf\u00f6rs i samarbete med kunden och endast de parter som \u00e4r n\u00f6dv\u00e4ndiga f\u00f6r att genomf\u00f6ra revisionen \u00e4r inblandade. Revisionen genomf\u00f6rs i etapper:<\/p>\n<ul>\n<li>F\u00f6rtrogenhet med riskanalysen.<\/li>\n<li>samla in information om arbetsmilj\u00f6n, arbetsprocessen och de anst\u00e4llda;<\/li>\n<li>Identifiering av riskfaktorer f\u00f6r arbetsmilj\u00f6n.<\/li>\n<li>Bed\u00f6mning av de risker som \u00e4r f\u00f6rknippade med riskfaktorerna.<\/li>\n<li>Bed\u00f6mning av \u00e5tg\u00e4rder f\u00f6r att eliminera eller minska risken.<\/li>\n<li>Dokumentation av riskbed\u00f6mningen.<\/li>\n<\/ul>\n<p>Det \u00e4r rimligt att genomf\u00f6ra en riskanalysrevision n\u00e4r det sker f\u00f6r\u00e4ndringar i organisationens processer, aktiviteter eller platser. En extern revisor \u00e4r oberoende och deras engagemang tillf\u00f6r mer v\u00e4rde till organisationens branschspecifika team.<\/p>\n<p><b><span data-contrast=\"auto\">Om du har n\u00e5gra fr\u00e5gor eller problem kommer v\u00e5ra specialister och experter att ge dig r\u00e5d.<\/span><\/b><span data-ccp-props=\"{&quot;201341983&quot;:0,&quot;335559739&quot;:0,&quot;335559740&quot;:240}\">\u00a0<\/span><\/p>\n<p><b><span data-contrast=\"auto\">I priset f\u00f6r tj\u00e4nsten ing\u00e5r 1 timmes specialarbete, under vilket ytterligare aktiviteter kartl\u00e4ggs och priss\u00e4tts enligt den faktiska arbetsm\u00e4ngden.<\/span><\/b><\/p>","protected":false},"featured_media":18511,"template":"","meta":[],"product_brand":[],"product_cat":[122,116,119],"product_tag":[],"class_list":{"0":"post-18510","1":"product","2":"type-product","3":"status-publish","4":"has-post-thumbnail","6":"product_cat-auditeerimine","7":"product_cat-teenused","8":"product_cat-tooohutus-ja-tervishoid","10":"first","11":"instock","12":"taxable","13":"shipping-taxable","14":"purchasable","15":"product-type-simple"},"_links":{"self":[{"href":"https:\/\/flameguard.ee\/sv\/wp-json\/wp\/v2\/product\/18510","targetHints":{"allow":["GET"]}}],"collection":[{"href":"https:\/\/flameguard.ee\/sv\/wp-json\/wp\/v2\/product"}],"about":[{"href":"https:\/\/flameguard.ee\/sv\/wp-json\/wp\/v2\/types\/product"}],"version-history":[{"count":1,"href":"https:\/\/flameguard.ee\/sv\/wp-json\/wp\/v2\/product\/18510\/revisions"}],"predecessor-version":[{"id":18512,"href":"https:\/\/flameguard.ee\/sv\/wp-json\/wp\/v2\/product\/18510\/revisions\/18512"}],"wp:featuredmedia":[{"embeddable":true,"href":"https:\/\/flameguard.ee\/sv\/wp-json\/wp\/v2\/media\/18511"}],"wp:attachment":[{"href":"https:\/\/flameguard.ee\/sv\/wp-json\/wp\/v2\/media?parent=18510"}],"wp:term":[{"taxonomy":"product_brand","embeddable":true,"href":"https:\/\/flameguard.ee\/sv\/wp-json\/wp\/v2\/product_brand?post=18510"},{"taxonomy":"product_cat","embeddable":true,"href":"https:\/\/flameguard.ee\/sv\/wp-json\/wp\/v2\/product_cat?post=18510"},{"taxonomy":"product_tag","embeddable":true,"href":"https:\/\/flameguard.ee\/sv\/wp-json\/wp\/v2\/product_tag?post=18510"}],"curies":[{"name":"wp","href":"https:\/\/api.w.org\/{rel}","templated":true}]}}