{"id":18513,"date":"2025-03-08T17:01:56","date_gmt":"2025-03-08T15:01:56","guid":{"rendered":"http:\/\/flameguard.ee.dedi7782.your-server.de\/?post_type=product&#038;p=18513"},"modified":"2025-03-08T17:54:04","modified_gmt":"2025-03-08T15:54:04","slug":"tookeskkonna-riskianaluus","status":"publish","type":"product","link":"https:\/\/flameguard.ee\/sv\/product\/arbetsmiljo-riskanalys\/","title":{"rendered":"Riskanalys av arbetsmilj\u00f6n"},"content":{"rendered":"<p><strong>Riskbed\u00f6mning och riskhantering<\/strong><\/p>\n<p>Riskanalys \u00e4r en verksamhet genom vilken arbetsgivaren identifierar och bed\u00f6mer de riskfaktorer i arbetsmilj\u00f6n som kan skada anst\u00e4llda. Till exempel otillr\u00e4cklig belysning, arbete i tv\u00e5ngsl\u00e4ge, exponering f\u00f6r kemikalier eller konstant buller.\u00a0Det \u00e4r viktigt att uppt\u00e4cka h\u00e4lsorisker innan de skadar anst\u00e4llda och \u00e4ven att t\u00e4nka p\u00e5 l\u00f6sningar. Den praktiska delen av riskanalysen \u00e4r f\u00f6rslagen f\u00f6r att neutralisera varje riskfaktor. Riskbed\u00f6mning och riskreducering p\u00e5verkar de anst\u00e4lldas h\u00e4lsa, liksom deras arbetsf\u00f6rm\u00e5ga och f\u00f6retagets resultat. Om en anst\u00e4lld till exempel st\u00f6rs av en eller flera faktorer (buller, drag, brist p\u00e5 vilorum etc.), det finns brister i arbetsorganisationen (felaktiga verktyg, till\u00e4ggsuppgifter etc.), \u00e4r deras arbetseffektivitet inte heller den b\u00e4sta. Men om medarbetaren ser och k\u00e4nner sig omh\u00e4ndertagen bidrar det oftast till att \u00f6ka medarbetarens motivation och d\u00e4rmed f\u00f6rb\u00e4ttra f\u00f6retagets resultat. Riskanalysen utf\u00f6rs av arbetsgivarens representanter, respektive tj\u00e4nsteleverant\u00f6r eller i samarbete mellan f\u00f6retagets representanter och den externa tj\u00e4nsteleverant\u00f6ren. Det finns ingen enhetlig metodik f\u00f6r att g\u00f6ra en riskanalys av arbetsmilj\u00f6n. Lagen anger bara de grundl\u00e4ggande kraven och varje f\u00f6retag kan hitta de l\u00e4mpligaste l\u00f6sningarna f\u00f6r det. Enligt lagen \u00e4r de fem grundl\u00e4ggande kraven f\u00f6ljande:<\/p>\n<ul>\n<li>Identifiering av riskfaktorer i arbetsmilj\u00f6n.<\/li>\n<li>M\u00e4tning av parametrarna f\u00f6r riskfaktorer, vid behov.<\/li>\n<li>Bed\u00f6mning av riskerna f\u00f6r arbetstagarens h\u00e4lsa och s\u00e4kerhet mot bakgrund av den f\u00f6rsta punkten.<\/li>\n<li>F\u00f6rberedelse och lagring av riskanalysen i ett format som kan \u00e5terges i skrift.<\/li>\n<li>Utarbetande av en skriftlig handlingsplan p\u00e5 grundval av en riskanalys, som f\u00f6reskriver de aktiviteter som ska organiseras inom alla verksamhetsomr\u00e5den och ledning i f\u00f6retaget f\u00f6r att undvika eller minska h\u00e4lsorisken f\u00f6r anst\u00e4llda, deras schema, verkst\u00e4llande direkt\u00f6rer och f\u00f6rdelningen av n\u00f6dv\u00e4ndiga resurser.<\/li>\n<\/ul>\n<p>Att genomf\u00f6ra en riskanalys \u00e4r en konsekvent process och riskanalysen m\u00e5ste h\u00e5llas i st\u00e4ndig \u00f6verensst\u00e4mmelse med den befintliga arbetsmilj\u00f6n. Efter genomf\u00f6randet av f\u00f6rebyggande \u00e5tg\u00e4rder m\u00e5ste deras tillr\u00e4cklighet bed\u00f6mas mot bakgrund av f\u00f6r\u00e4ndringar i m\u00e4nniskor och teknik samt avskrivningen av utrustning och byggnader.<\/p>\n<p><strong>OBS! Arbetsmilj\u00f6m\u00e4tningar (ljus, buller, str\u00e5lning etc.) och vetenskaplig analys av psykosociala riskfaktorer ing\u00e5r inte i priset och utf\u00f6rs enligt s\u00e4rskild \u00f6verenskommelse.<\/strong><\/p>","protected":false},"excerpt":{"rendered":"<p>Att l\u00e4mna in en riskanalys \u00e4r obligatoriskt f\u00f6r arbetsgivare och m\u00e5ste l\u00e4mnas in <a href=\"https:\/\/iseteenindus.ti.ee\/login\">I yrkesinspektionens sj\u00e4lvbetj\u00e4ningsmilj\u00f6.<\/a> I samband med riskanalysen fastst\u00e4ller vi riskfaktorerna i arbetsgivarens arbetsmilj\u00f6, bed\u00f6mer riskens storlek, det vill s\u00e4ga riskerna, och beslutar om \u00e5tg\u00e4rder f\u00f6r att minska riskerna. Vid behov m\u00e4ts parametrarna f\u00f6r riskfaktorer (t.ex. buller, vibrationer, luftens kemiska sammans\u00e4ttning osv.).<\/p>\n<p>Aktiviteter relaterade till riskanalys inkluderar:<\/p>\n<ul>\n<li>F\u00f6rtrogenhet med befintliga arbetsprocesser och instruktioner.<\/li>\n<li>prata med ledning och anst\u00e4llda;<\/li>\n<li>bes\u00f6ka arbetsmilj\u00f6n;<\/li>\n<li>f\u00f6rberedelse av n\u00f6dv\u00e4ndiga fr\u00e5geformul\u00e4r;<\/li>\n<li>sammanst\u00e4lla en sammanfattning;<\/li>\n<li>Utarbeta en handlingsplan f\u00f6r riskminskning.<\/li>\n<li>Introduktion av riskanalys.<\/li>\n<\/ul>\n<p><b><span data-contrast=\"auto\">Om du har n\u00e5gra fr\u00e5gor eller problem kommer v\u00e5ra specialister och experter att ge dig r\u00e5d.<\/span><\/b><span data-ccp-props=\"{&quot;201341983&quot;:0,&quot;335559739&quot;:0,&quot;335559740&quot;:240}\">\u00a0<\/span><\/p>\n<p><b><span data-contrast=\"auto\">I priset f\u00f6r tj\u00e4nsten ing\u00e5r 16 timmar expertarbete, under vilket man kartl\u00e4gger och priss\u00e4tter den fortsatta organisationsbaserade verksamheten enligt den extra arbetsb\u00f6rdan. I allm\u00e4nhet tillkommer inga extra avgifter f\u00f6r de flesta sm\u00e5f\u00f6retag.<\/span><\/b><\/p>","protected":false},"featured_media":18514,"template":"","meta":[],"product_brand":[],"product_cat":[116,119],"product_tag":[],"class_list":{"0":"post-18513","1":"product","2":"type-product","3":"status-publish","4":"has-post-thumbnail","6":"product_cat-teenused","7":"product_cat-tooohutus-ja-tervishoid","9":"first","10":"instock","11":"taxable","12":"shipping-taxable","13":"purchasable","14":"product-type-simple"},"_links":{"self":[{"href":"https:\/\/flameguard.ee\/sv\/wp-json\/wp\/v2\/product\/18513","targetHints":{"allow":["GET"]}}],"collection":[{"href":"https:\/\/flameguard.ee\/sv\/wp-json\/wp\/v2\/product"}],"about":[{"href":"https:\/\/flameguard.ee\/sv\/wp-json\/wp\/v2\/types\/product"}],"version-history":[{"count":1,"href":"https:\/\/flameguard.ee\/sv\/wp-json\/wp\/v2\/product\/18513\/revisions"}],"predecessor-version":[{"id":18515,"href":"https:\/\/flameguard.ee\/sv\/wp-json\/wp\/v2\/product\/18513\/revisions\/18515"}],"wp:featuredmedia":[{"embeddable":true,"href":"https:\/\/flameguard.ee\/sv\/wp-json\/wp\/v2\/media\/18514"}],"wp:attachment":[{"href":"https:\/\/flameguard.ee\/sv\/wp-json\/wp\/v2\/media?parent=18513"}],"wp:term":[{"taxonomy":"product_brand","embeddable":true,"href":"https:\/\/flameguard.ee\/sv\/wp-json\/wp\/v2\/product_brand?post=18513"},{"taxonomy":"product_cat","embeddable":true,"href":"https:\/\/flameguard.ee\/sv\/wp-json\/wp\/v2\/product_cat?post=18513"},{"taxonomy":"product_tag","embeddable":true,"href":"https:\/\/flameguard.ee\/sv\/wp-json\/wp\/v2\/product_tag?post=18513"}],"curies":[{"name":"wp","href":"https:\/\/api.w.org\/{rel}","templated":true}]}}