{"id":18516,"date":"2025-03-08T17:56:05","date_gmt":"2025-03-08T15:56:05","guid":{"rendered":"http:\/\/flameguard.ee.dedi7782.your-server.de\/?post_type=product&#038;p=18516"},"modified":"2025-03-15T16:14:54","modified_gmt":"2025-03-15T14:14:54","slug":"tookeskkonna-esindaja","status":"publish","type":"product","link":"https:\/\/flameguard.ee\/sv\/product\/arbetsmiljoombud\/","title":{"rendered":"Representant f\u00f6r SHEQ"},"content":{"rendered":"<p><strong>Arbetsmilj\u00f6specialist <\/strong>Uppgiften \u00e4r att organisera f\u00f6retagets arbetsmilj\u00f6arbete i enlighet med lagstiftningens krav \u2013 till exempel att genomf\u00f6ra en riskanalys eller v\u00e4lja arbetsmilj\u00f6ombud. <strong>I alla f\u00f6retag, oavsett storlek<\/strong>, M\u00e5ste vara arbetsmilj\u00f6specialist, s\u00e5vida inte arbetsgivaren \u00e4r den enda anst\u00e4llde i f\u00f6retaget som har ett anst\u00e4llningsavtal.<\/p>\n<p class=\"section-title\"><strong>Arbetsmilj\u00f6ombud <\/strong>\u00e4r arbetstagarrepresentant i arbetsmilj\u00f6fr\u00e5gor, som hj\u00e4lper till att lyfta fram och kommunicera problem i arbetsmilj\u00f6n till arbetsgivaren. Att det finns ett arbetsmilj\u00f6ombud f\u00f6ruts\u00e4tts i det f\u00f6retag d\u00e4r den anst\u00e4llde <strong>10 eller fler anst\u00e4llda<\/strong>.<\/p>\n<p><strong>Arbetsmilj\u00f6r\u00e5det<\/strong>\u00a0\u00e4r ett samarbetsorgan som bildas i st\u00f6rre f\u00f6retag, d\u00e4r\u00a0<strong>Samarbete<\/strong>\u00a0arbetsmilj\u00f6fr\u00e5gor i f\u00f6retaget. Arbetsmilj\u00f6r\u00e5det bildas i f\u00f6retag som anst\u00e4ller\u00a0<strong>150 eller fler anst\u00e4llda<\/strong>, best\u00e5r r\u00e5det av\u00a0<strong>Lika<\/strong>\u00a0f\u00f6retr\u00e4dare f\u00f6r b\u00e5de arbetsgivaren och arbetstagarna. Antalet ledam\u00f6ter i arbetsmilj\u00f6r\u00e5det beror p\u00e5 f\u00f6retaget och best\u00e4ms av arbetsgivaren, med ett minimum av\u00a0<strong>4 medlemmar<\/strong>\u00a0(inklusive 2 arbetsgivarrepresentanter och 2 arbetstagarrepresentanter). Fullmakt av arbetsgivarens representant\u00a0<strong>Giltighetstiden best\u00e4ms av arbetsgivaren<\/strong>\u00a0och arbetstagarrepresentanternas befogenheter\u00a0<strong>Giltighetstiden best\u00e4ms av arbetstagarm\u00f6tet<\/strong>.\u00a0Arbetstagarrepresentanter kan entledigas fr\u00e5n r\u00e5det genom ett personalm\u00f6te.<\/p>\n<p><strong>Specialist p\u00e5 kvalitet<\/strong> M\u00e5let med arbetet \u00e4r att uppn\u00e5 en h\u00e5llbar och helt\u00e4ckande tillfredsst\u00e4llelse av kvalitetskraven fr\u00e5n alla delar av organisationen tillsammans med kollegor. Den f\u00f6rvaltar konsekvent organisationens kvalitetsledningssystem inom ramen f\u00f6r sina befogenheter och ser till att det fungerar.<br \/>\nKval<span id=\"67cc71dd519c1_span\" class=\"peidus\">I sin verksamhet som r\u00f6r organisationens kvalitet styrs den av organisationens v\u00e4gledande principer f\u00f6r kvalitet och relevanta riktlinjer och order fr\u00e5n kvalitetschefen och process\u00e4garna samt den arbetsbeskrivning som fastst\u00e4llts f\u00f6r honom\/henne.<\/span><\/p>\n<p><strong>Specialist p\u00e5 brands\u00e4kerhet<\/strong> <strong>(Niv\u00e5 5)<\/strong> Inneh\u00e5llet i arbetet \u00e4r en bed\u00f6mning av brands\u00e4kerhetssituationen. R\u00e5dgivning och v\u00e4gledning om brands\u00e4kerhet f\u00f6r disponenter, fastighets\u00e4gare m.fl. samt informationsarbete f\u00f6r att f\u00f6rebygga br\u00e4nder och andra olyckor. En brands\u00e4kerhetsspecialist arbetar b\u00e5de sj\u00e4lvst\u00e4ndigt och i ett team, deras arbete kr\u00e4ver kommunikation med varandra<span id=\"67cc72423fad1_span\" class=\"peidus\">med g\u00e4ster och kunder. Yrket som brands\u00e4kerhetsspecialist inkluderar ocks\u00e5 <strong>Niv\u00e5 6 kvalifikation f\u00f6r brands\u00e4kerhetsexpert<\/strong>, som ut\u00f6ver sin verksamhet som brands\u00e4kerhetsspecialist ut\u00f6var brands\u00e4kerhetsexpertis och har kompetens inom omr\u00e5det strukturell brands\u00e4kerhet.<\/span><\/p>\n<p><strong>Riskchef<\/strong> tar hand om organisationens riskhantering genom att proaktivt identifiera och analysera potentiella risker och utveckla f\u00f6rebyggande \u00e5tg\u00e4rder f\u00f6r att eliminera eller mildra dessa risker helt. Riskhantering kan spela en avg\u00f6rande roll i organisationer eller f\u00f6retag. En riskchef \u00e4r en kvalificerad yrkesman som \u00e4r specialiserad p\u00e5 att hantera operativa eller operativa risker som organisationer kan m\u00f6ta under sin verksamhet.<\/p>\n<p><strong>S\u00e4kerhetschef<\/strong> handlar fr\u00e4mst om att f\u00f6rebygga olyckor. Han kallas ibland ocks\u00e5 f\u00f6r en riskchef eftersom h\u00e4lso- och s\u00e4kerhetsrisker m\u00e5ste bed\u00f6mas p\u00e5 arbetsplatsen eller arbetsplatsen innan f\u00f6rebyggande eller korrigerande \u00e5tg\u00e4rder vidtas. Alla korrigerande eller f\u00f6rebyggande \u00e5tg\u00e4rder som vidtas av s\u00e4kerhetschefen m\u00e5ste vara i enlighet med lagar eller f\u00f6rordningar. En s\u00e4kerhetschef fastst\u00e4ller den fara som arbete i en viss milj\u00f6 utg\u00f6r och implementerar sedan policyer och procedurer f\u00f6r skydd av anst\u00e4llda.<\/p>\n<div id=\"selgi-1273345502\" class=\"selgi-content\"><\/div>","protected":false},"excerpt":{"rendered":"<p><strong>SHEQ<\/strong> <strong>representant<\/strong> Tj\u00e4nsten (S\u00e4kerhet, H\u00e4lsa, Milj\u00f6, Kvalitet) \u00e4r avsedd att st\u00f6dja teamet i ett f\u00f6retag eller en organisation, som m\u00e5ste inneh\u00e5lla minst en av f\u00f6ljande personer:<\/p>\n<ul>\n<li>specialist p\u00e5 arbetsmilj\u00f6;<\/li>\n<li>Arbetsmilj\u00f6ombud;<\/li>\n<li>Ledamot i Arbetsmilj\u00f6r\u00e5det.<\/li>\n<li>kvalitetsspecialist;<\/li>\n<li>specialist p\u00e5 brands\u00e4kerhet;<\/li>\n<li>riskhanterare;<\/li>\n<li>s\u00e4kerhetschef m.m.<\/li>\n<\/ul>\n<p>V\u00e5r externa specialist st\u00f6djer och f\u00f6retr\u00e4der kunden i en i f\u00f6rv\u00e4g \u00f6verenskommen volym och p\u00e5 de villkor och regler och villkor som finns. Med ett samarbetsavtal p\u00e5 minst 12 m\u00e5nader \u00e4r det m\u00f6jligt att tilldela ombudet en yrkestitel som \u00e4r f\u00f6renlig med kundens struktur och r\u00e4tten att f\u00f6retr\u00e4da tillsynsmyndigheten (yrkesinspektionen, r\u00e4ddningsstyrelsen etc.). Kunden betalar f\u00f6r konsultationstj\u00e4nsten p\u00e5 grundval av det aktuella timpriset.<\/p>\n<p><b><span data-contrast=\"auto\">I priset f\u00f6r tj\u00e4nsten ing\u00e5r 1 timmes expertarbete, under vilket man kartl\u00e4gger den fortsatta organisationsbaserade verksamheten och priss\u00e4tter den enligt den faktiska arbetsm\u00e4ngden.\u00a0<\/span><\/b><\/p>","protected":false},"featured_media":18517,"template":"","meta":[],"product_brand":[],"product_cat":[121,120,116,119,118],"product_tag":[],"class_list":{"0":"post-18516","1":"product","2":"type-product","3":"status-publish","4":"has-post-thumbnail","6":"product_cat-keskkonnajuhtimine","7":"product_cat-kvaliteedijuhtimine","8":"product_cat-teenused","9":"product_cat-tooohutus-ja-tervishoid","10":"product_cat-tuleohutus","12":"first","13":"instock","14":"taxable","15":"shipping-taxable","16":"purchasable","17":"product-type-simple"},"_links":{"self":[{"href":"https:\/\/flameguard.ee\/sv\/wp-json\/wp\/v2\/product\/18516","targetHints":{"allow":["GET"]}}],"collection":[{"href":"https:\/\/flameguard.ee\/sv\/wp-json\/wp\/v2\/product"}],"about":[{"href":"https:\/\/flameguard.ee\/sv\/wp-json\/wp\/v2\/types\/product"}],"version-history":[{"count":6,"href":"https:\/\/flameguard.ee\/sv\/wp-json\/wp\/v2\/product\/18516\/revisions"}],"predecessor-version":[{"id":18799,"href":"https:\/\/flameguard.ee\/sv\/wp-json\/wp\/v2\/product\/18516\/revisions\/18799"}],"wp:featuredmedia":[{"embeddable":true,"href":"https:\/\/flameguard.ee\/sv\/wp-json\/wp\/v2\/media\/18517"}],"wp:attachment":[{"href":"https:\/\/flameguard.ee\/sv\/wp-json\/wp\/v2\/media?parent=18516"}],"wp:term":[{"taxonomy":"product_brand","embeddable":true,"href":"https:\/\/flameguard.ee\/sv\/wp-json\/wp\/v2\/product_brand?post=18516"},{"taxonomy":"product_cat","embeddable":true,"href":"https:\/\/flameguard.ee\/sv\/wp-json\/wp\/v2\/product_cat?post=18516"},{"taxonomy":"product_tag","embeddable":true,"href":"https:\/\/flameguard.ee\/sv\/wp-json\/wp\/v2\/product_tag?post=18516"}],"curies":[{"name":"wp","href":"https:\/\/api.w.org\/{rel}","templated":true}]}}