{"id":18522,"date":"2025-03-08T19:03:30","date_gmt":"2025-03-08T17:03:30","guid":{"rendered":"http:\/\/flameguard.ee.dedi7782.your-server.de\/?post_type=product&#038;p=18522"},"modified":"2025-03-10T10:41:34","modified_gmt":"2025-03-10T08:41:34","slug":"iso-14000-audit","status":"publish","type":"product","link":"https:\/\/flameguard.ee\/sv\/product\/iso-14000-revision\/","title":{"rendered":"Revision enligt ISO 9001\/14001"},"content":{"rendered":"<p><strong>ISO 9001, 14001<\/strong> \u00e4r ett formellt ledningssystem f\u00f6r f\u00f6retaget som syftar till frivillig kvalitetsledning och milj\u00f6skydd. S\u00e5som <strong>ISO 14001<\/strong> Standarden rekommenderar att man dokumenterar nyttiga milj\u00f6aktiviteter och att f\u00f6retagets eller organisationens olika intressenter deltar i utarbetandet av dokumentet. <strong>ISO 9001-standarden\u00a0<\/strong>\u00e4r en internationell standard som definierar de grundl\u00e4ggande kraven p\u00e5 ett kvalitetsledningssystem. Denna standard anv\u00e4nds ofta vid utv\u00e4rdering av leverant\u00f6rer, det vill s\u00e4ga \u00e4r ett av kriterierna i upphandlingst\u00e4vlingar eller leverant\u00f6rsutv\u00e4rderingssystem.<\/p>\n<p>L\u00e4s mer<\/p>\n<p>https:\/\/www.iso.org\/standards\/popular\/iso-9000-family<\/p>\n<p>https:\/\/www.iso.org\/standards\/popular\/iso-14000-family<\/p>\n<p>&nbsp;<\/p>\n<p>&nbsp;<\/p>\n<p>&nbsp;<\/p>","protected":false},"excerpt":{"rendered":"<p>Enkelt uttryckt kan ISO 9001- och 14001-revisioner f\u00f6rst\u00e5s som aktiviteter inom tre huvudomr\u00e5den: ansvar, ledning och verksamhet.<\/p>\n<ul>\n<li><strong>Revision av skadest\u00e5ndsansvar<\/strong> bed\u00f6mer efterlevnaden av till\u00e4mpliga lagar och f\u00f6rordningar.<\/li>\n<li><strong>Verksamhetsrevision<\/strong> fokuserar p\u00e5 fr\u00e5gor som avfallshantering och energif\u00f6rbrukning.<\/li>\n<li><strong>Revision av f\u00f6rvaltningen<\/strong> j\u00e4mf\u00f6r resultaten med m\u00e5len i organisationens milj\u00f6ledningssystem ISO 14001.<\/li>\n<li><strong>Finansiella revisioner<\/strong> kan bed\u00f6ma tillh\u00f6rande kostnader, energibesparingar och undvikande av b\u00f6ter f\u00f6r milj\u00f6\u00f6vertr\u00e4delser.<\/li>\n<\/ul>\n<p>En revision som utf\u00f6rs av en konsult eller revisor kan bed\u00f6ma hela kvalitetslednings- eller milj\u00f6ledningssystemet eller dess specifika komponenter. Den allm\u00e4nna revisionen ska bed\u00f6ma milj\u00f6konsekvenserna av f\u00f6rvaltning, produktionsprocesser, anv\u00e4ndning och avfallshantering. Rapporten efter revisionen ger v\u00e4gledning f\u00f6r kontinuerlig prestandaf\u00f6rb\u00e4ttring.<\/p>\n<p><b><span data-contrast=\"auto\">I priset f\u00f6r tj\u00e4nsten ing\u00e5r 1 timmes expertarbete, under vilket man kartl\u00e4gger den fortsatta organisationsbaserade verksamheten och priss\u00e4tter den enligt den faktiska arbetsm\u00e4ngden.\u00a0<\/span><\/b><\/p>","protected":false},"featured_media":18524,"template":"","meta":[],"product_brand":[],"product_cat":[122,121,120,116],"product_tag":[],"class_list":{"0":"post-18522","1":"product","2":"type-product","3":"status-publish","4":"has-post-thumbnail","6":"product_cat-auditeerimine","7":"product_cat-keskkonnajuhtimine","8":"product_cat-kvaliteedijuhtimine","9":"product_cat-teenused","11":"first","12":"instock","13":"taxable","14":"shipping-taxable","15":"purchasable","16":"product-type-simple"},"_links":{"self":[{"href":"https:\/\/flameguard.ee\/sv\/wp-json\/wp\/v2\/product\/18522","targetHints":{"allow":["GET"]}}],"collection":[{"href":"https:\/\/flameguard.ee\/sv\/wp-json\/wp\/v2\/product"}],"about":[{"href":"https:\/\/flameguard.ee\/sv\/wp-json\/wp\/v2\/types\/product"}],"version-history":[{"count":4,"href":"https:\/\/flameguard.ee\/sv\/wp-json\/wp\/v2\/product\/18522\/revisions"}],"predecessor-version":[{"id":18527,"href":"https:\/\/flameguard.ee\/sv\/wp-json\/wp\/v2\/product\/18522\/revisions\/18527"}],"wp:featuredmedia":[{"embeddable":true,"href":"https:\/\/flameguard.ee\/sv\/wp-json\/wp\/v2\/media\/18524"}],"wp:attachment":[{"href":"https:\/\/flameguard.ee\/sv\/wp-json\/wp\/v2\/media?parent=18522"}],"wp:term":[{"taxonomy":"product_brand","embeddable":true,"href":"https:\/\/flameguard.ee\/sv\/wp-json\/wp\/v2\/product_brand?post=18522"},{"taxonomy":"product_cat","embeddable":true,"href":"https:\/\/flameguard.ee\/sv\/wp-json\/wp\/v2\/product_cat?post=18522"},{"taxonomy":"product_tag","embeddable":true,"href":"https:\/\/flameguard.ee\/sv\/wp-json\/wp\/v2\/product_tag?post=18522"}],"curies":[{"name":"wp","href":"https:\/\/api.w.org\/{rel}","templated":true}]}}