{"id":18539,"date":"2025-03-08T21:35:18","date_gmt":"2025-03-08T19:35:18","guid":{"rendered":"http:\/\/flameguard.ee.dedi7782.your-server.de\/?post_type=product&#038;p=18539"},"modified":"2025-03-08T21:44:25","modified_gmt":"2025-03-08T19:44:25","slug":"fipron-cord-3-tulekustutusnoor","status":"publish","type":"product","link":"https:\/\/flameguard.ee\/sv\/product\/fipron-cord-3-fire-slackningssnore\/","title":{"rendered":"FIPRON Cord 3 brandsl\u00e4ckningssn\u00f6re"},"content":{"rendered":"<p>Produkten uppfyller de tekniska kraven och ger ett effektivt skydd under en m\u00e4ngd olika f\u00f6rh\u00e5llanden och situationer.<\/p>\n<p><a style=\"color: #fe312e;\" href=\"https:\/\/flameguard.ee\/wp-content\/uploads\/2025\/03\/Certificate-of-conformity-CORD.pdf\" target=\"_blank\" rel=\"noopener\"><img decoding=\"async\" src=\"\/wp-content\/uploads\/2025\/02\/pdf-icon.webp\" \/> Intyg<\/a><\/p>\n<p><a style=\"color: #fe312e;\" href=\"\/wp-content\/uploads\/2025\/03\/Fipron-Broshure-EST.pdf\" target=\"_blank\" rel=\"noopener\"><img decoding=\"async\" src=\"\/wp-content\/uploads\/2025\/02\/pdf-icon.webp\" \/> Produktkort<\/a><\/p>\n<p><a style=\"color: #fe312e;\" href=\"\/wp-content\/uploads\/2025\/03\/Fipron-Broshure-EST2-1.pdf\" target=\"_blank\" rel=\"noopener\"><img decoding=\"async\" src=\"\/wp-content\/uploads\/2025\/02\/pdf-icon.webp\" \/> Produktkort<\/a><\/p>","protected":false},"excerpt":{"rendered":"<p><strong>FIPRON\u2122 sladd 3 <\/strong>\u00e4r en autonom brandsl\u00e4ckningsanordning av sladdtyp som inneh\u00e5ller mikrokapslar utrustade med ett brandsl\u00e4ckningsmedel som aktiveras vid en viss temperatur. Det \u00e4r en innovativ och ny l\u00f6sning speciellt utformad f\u00f6r att sl\u00e4cka brand i IP20 och h\u00f6gre paneler och elinstallationer med en kapacitet p\u00e5 upp till 2000 liter. FIPRON\u2122 Cord fungerar som en intelligent och autonom brandsl\u00e4ckningsanordning som aktiveras vid en temperatur p\u00e5 120 \u00b0C och frig\u00f6r sl\u00e4ckmedlet fr\u00e5n kapslarna, vilket resulterar i att branden sl\u00e4cks. Produkterna \u00e4r mycket flexibla och l\u00e4tta att installera i begr\u00e4nsade utrymmen. Klisterm\u00e4rkena \u00e4r l\u00e4tta och kan anv\u00e4ndas vid temperaturer fr\u00e5n -50 C till +80 C och inneh\u00e5ller inga \u00e4mnen som bryter ned ozonskiktet. Garantitiden efter installationen \u00e4r 5 \u00e5r.<\/p>\n<p><strong>Specifikationer:<\/strong><\/p>\n<p><strong>Sladd 3<\/strong> (produktkod C03100300): 1 meter sladd \u00e4r avsedd att sl\u00e4cka br\u00e4nder i installationer med en kapacitet p\u00e5 upp till 300 liter. Maximal rekommenderad anv\u00e4ndning i en installation med en volym p\u00e5 upp till 2000 L.<\/p>\n<p>Aktiveringstemperatur: 120 C<br \/>\nLuftfuktighet i arbetsmilj\u00f6n upp till 90%<br \/>\nArbetstemperatur: -50 C till +80 C<br \/>\nBeskrivning av sl\u00e4ckmedel: 3M\u2122 Novec\u2122 1230 BRANDSL\u00c4CKNINGSV\u00c4TSKA<\/p>\n<p>&nbsp;<\/p>","protected":false},"featured_media":18530,"template":"","meta":[],"product_brand":[],"product_cat":[125,83],"product_tag":[],"class_list":{"0":"post-18539","1":"product","2":"type-product","3":"status-publish","4":"has-post-thumbnail","6":"product_cat-innovatsioon","7":"product_cat-tulekustutid","9":"first","10":"instock","11":"taxable","12":"shipping-taxable","13":"purchasable","14":"product-type-simple"},"_links":{"self":[{"href":"https:\/\/flameguard.ee\/sv\/wp-json\/wp\/v2\/product\/18539","targetHints":{"allow":["GET"]}}],"collection":[{"href":"https:\/\/flameguard.ee\/sv\/wp-json\/wp\/v2\/product"}],"about":[{"href":"https:\/\/flameguard.ee\/sv\/wp-json\/wp\/v2\/types\/product"}],"version-history":[{"count":3,"href":"https:\/\/flameguard.ee\/sv\/wp-json\/wp\/v2\/product\/18539\/revisions"}],"predecessor-version":[{"id":18548,"href":"https:\/\/flameguard.ee\/sv\/wp-json\/wp\/v2\/product\/18539\/revisions\/18548"}],"wp:featuredmedia":[{"embeddable":true,"href":"https:\/\/flameguard.ee\/sv\/wp-json\/wp\/v2\/media\/18530"}],"wp:attachment":[{"href":"https:\/\/flameguard.ee\/sv\/wp-json\/wp\/v2\/media?parent=18539"}],"wp:term":[{"taxonomy":"product_brand","embeddable":true,"href":"https:\/\/flameguard.ee\/sv\/wp-json\/wp\/v2\/product_brand?post=18539"},{"taxonomy":"product_cat","embeddable":true,"href":"https:\/\/flameguard.ee\/sv\/wp-json\/wp\/v2\/product_cat?post=18539"},{"taxonomy":"product_tag","embeddable":true,"href":"https:\/\/flameguard.ee\/sv\/wp-json\/wp\/v2\/product_tag?post=18539"}],"curies":[{"name":"wp","href":"https:\/\/api.w.org\/{rel}","templated":true}]}}